{"id":1743,"date":"2025-07-03T10:46:59","date_gmt":"2025-07-03T10:46:59","guid":{"rendered":"https:\/\/helimotor.com\/?page_id=1743"},"modified":"2025-07-03T10:48:35","modified_gmt":"2025-07-03T10:48:35","slug":"politica-de-privacidad","status":"publish","type":"page","link":"https:\/\/helimotor.com\/ca\/politica-de-privacidad\/","title":{"rendered":"Pol\u00edtica de privadesa"},"content":{"rendered":"<div data-elementor-type=\"wp-page\" data-elementor-id=\"1743\" class=\"elementor elementor-1743\" data-elementor-post-type=\"page\">\n\t\t\t\t<div class=\"elementor-element elementor-element-00cab27 e-flex e-con-boxed e-con e-parent\" data-id=\"00cab27\" data-element_type=\"container\" data-e-type=\"container\">\n\t\t\t\t\t<div class=\"e-con-inner\">\n\t\t\t\t<div class=\"elementor-element elementor-element-65b9687 elementor-widget elementor-widget-heading\" data-id=\"65b9687\" data-element_type=\"widget\" data-e-type=\"widget\" data-widget_type=\"heading.default\">\n\t\t\t\t<div class=\"elementor-widget-container\">\n\t\t\t\t\t<h2 class=\"elementor-heading-title elementor-size-default\">Pol\u00edtica de privadesa<\/h2>\t\t\t\t<\/div>\n\t\t\t\t<\/div>\n\t\t\t\t<div class=\"elementor-element elementor-element-147018a elementor-widget elementor-widget-text-editor\" data-id=\"147018a\" data-element_type=\"widget\" data-e-type=\"widget\" data-widget_type=\"text-editor.default\">\n\t\t\t\t<div class=\"elementor-widget-container\">\n\t\t\t\t\t\t\t\t\t<p data-start=\"161\" data-end=\"509\">En cumplimiento con lo dispuesto en el Reglamento (UE) 2016\/679 del Parlament Europeo i del Consell de 27 d&#039;abril de 2016 (RGPD), i la Llei Org\u00e0nica 3\/2018, de 5 de desembre, de Protecci\u00f3 de Dades Personals i Garantia dels Drets Digitals (LOPDGDD), informam als usuaris de les seves dades personals web.<\/p><h3 data-start=\"511\" data-end=\"545\">1. Responsable del Tractament<\/h3><p data-start=\"547\" data-end=\"676\"><strong data-start=\"547\" data-end=\"563\">Responsable:<\/strong> HELIMOTOR SA<br data-start=\"578\" data-end=\"581\" \/><strong data-start=\"581\" data-end=\"589\">CIF:<\/strong> A17017377<br data-start=\"599\" data-end=\"602\" \/><strong data-start=\"602\" data-end=\"623\">Domicili social:<\/strong> Carrer Mas Falg\u00e0s, 44 \u2013 17180 Vilablareix (Girona)<\/p><p data-start=\"678\" data-end=\"766\">Pot contactar amb nosaltres a trav\u00e9s del formulari de contacte disponible en aquesta web.<\/p><h3 data-start=\"768\" data-end=\"800\">2. Finalitat del Tractament<\/h3><p data-start=\"802\" data-end=\"904\">Els dades personals que es reconeixen a trav\u00e9s del lloc web es tractaran amb les seg\u00fcents finalitats:<\/p><ul data-start=\"906\" data-end=\"1239\"><li data-start=\"906\" data-end=\"987\"><p data-start=\"908\" data-end=\"987\">Atender consultes i sol\u00b7licituds realitzades a trav\u00e9s del formulari de contacte.<\/p><\/li><li data-start=\"988\" data-end=\"1116\"><p data-start=\"990\" data-end=\"1116\">Envieu informaci\u00f3 comercial sobre els nostres productes i serveis, sempre que l&#039;usuari hagi donat el seu consentiment expr\u00e9s.<\/p><\/li><li data-start=\"1117\" data-end=\"1190\"><p data-start=\"1119\" data-end=\"1190\">Millorar l&#039;experi\u00e8ncia de navegaci\u00f3 i el funcionament del lloc web.<\/p><\/li><li data-start=\"1191\" data-end=\"1239\"><p data-start=\"1193\" data-end=\"1239\">Complir amb les obligacions legals vigents.<\/p><\/li><\/ul><h3 data-start=\"1241\" data-end=\"1281\">3. Base Jur\u00eddica para el Tratamiento<\/h3><p data-start=\"1283\" data-end=\"1338\">Les bases legals per al tractament de les seves dades s\u00f3n:<\/p><ul data-start=\"1340\" data-end=\"1538\"><li data-start=\"1340\" data-end=\"1418\"><p data-start=\"1342\" data-end=\"1418\">El consentiment otorgado per l&#039;usuari per facilitar les seves dades personals.<\/p><\/li><li data-start=\"1419\" data-end=\"1495\"><p data-start=\"1421\" data-end=\"1495\">L&#039;execuci\u00f3 d&#039;un contracte o la precontractaci\u00f3 de productes o serveis.<\/p><\/li><li data-start=\"1496\" data-end=\"1538\"><p data-start=\"1498\" data-end=\"1538\">El compliment de les obligacions legals.<\/p><\/li><\/ul><h3 data-start=\"1540\" data-end=\"1572\">4. Conservaci\u00f3 de les dades<\/h3><p data-start=\"1574\" data-end=\"1811\">Els dades personals es conservaran durant el temps necessari per complir amb les finalitats descrites, aix\u00ed com per determinar les responsabilitats legals en cas, respectant els terminis necessaris establerts a la normativa vigent.<\/p><h3 data-start=\"1813\" data-end=\"1852\">5. Comunicaci\u00f3 de Dades a Tercers<\/h3><p data-start=\"1854\" data-end=\"2050\">No es cediran dades a tercers salvo obligaci\u00f3 legal o en els casos estrictament necessaris per a la prestaci\u00f3 dels serveis sol\u00b7licitats, com a prove\u00efdors tecnol\u00f2gics o serveis d&#039;allotjament.<\/p><h3 data-start=\"2052\" data-end=\"2083\">6. Drets dels usuaris<\/h3><p data-start=\"2085\" data-end=\"2308\">Els usuaris poden ejercer en qualsevol moment els seus drets d&#039;acc\u00e9s, rectificaci\u00f3, supressi\u00f3, oposici\u00f3, limitaci\u00f3 del tractament i portabilitat, enviant una sol\u00b7licitud mitjan\u00e7ant el formulari de contacte d&#039;aquesta web.<\/p><p data-start=\"2310\" data-end=\"2468\">Si considera que els seus drets no han estat respectats, t\u00e9 dret a presentar una reclamaci\u00f3 davant l&#039;Agencia Espa\u00f1ola de Protecci\u00f3n de Datos (<a class=\"\" href=\"http:\/\/www.aepd.es\" target=\"_new\" rel=\"noopener\" data-start=\"2455\" data-end=\"2466\">www.aepd.es<\/a>).<\/p><h3 data-start=\"2470\" data-end=\"2497\">7. Mesures de seguretat<\/h3><p data-start=\"2499\" data-end=\"2681\">HELIMOTOR SA ha implementat les mesures t\u00e8cniques i organitzatives necess\u00e0ries per protegir les dades personals i evitar la seva alteraci\u00f3, p\u00e8rdua, tractament o acc\u00e9s no autoritzat.<\/p><h3 data-start=\"2683\" data-end=\"2697\">8. Galetes<\/h3><p data-start=\"2699\" data-end=\"2887\">Aquesta web utilitza cookies pr\u00f2pies i de tercers amb fines t\u00e8cnics, anal\u00edtics i per millorar l&#039;experi\u00e8ncia de l&#039;usuari. Podeu consultar m\u00e9s informaci\u00f3 a la nostra <strong data-start=\"2863\" data-end=\"2886\">Pol\u00edtica de cookies<\/strong>.<\/p>\t\t\t\t\t\t\t\t<\/div>\n\t\t\t\t<\/div>\n\t\t\t\t\t<\/div>\n\t\t\t\t<\/div>\n\t\t\t\t<\/div>","protected":false},"excerpt":{"rendered":"<p>Pol\u00edtica de privacidad En cumplimiento con lo dispuesto en el Reglamento (UE) 2016\/679 del Parlamento Europeo y del Consejo de 27 de abril de 2016 (RGPD), y la Ley Org\u00e1nica 3\/2018, de 5 de diciembre, de Protecci\u00f3n de Datos Personales y garant\u00eda de los derechos digitales (LOPDGDD), informamos a los usuarios de este sitio web [&hellip;]<\/p>\n","protected":false},"author":2,"featured_media":0,"parent":0,"menu_order":0,"comment_status":"closed","ping_status":"closed","template":"elementor_header_footer","meta":{"footnotes":""},"class_list":["post-1743","page","type-page","status-publish","hentry"],"yoast_head":"<!-- This site is optimized with the Yoast SEO plugin v27.4 - https:\/\/yoast.com\/product\/yoast-seo-wordpress\/ -->\n<title>Pol\u00edtica de privacidad - Helimotor<\/title>\n<meta name=\"robots\" content=\"index, follow, max-snippet:-1, max-image-preview:large, max-video-preview:-1\" \/>\n<link rel=\"canonical\" href=\"https:\/\/helimotor.com\/ca\/politica-de-privacidad\/\" \/>\n<meta property=\"og:locale\" content=\"ca_ES\" \/>\n<meta property=\"og:type\" content=\"article\" \/>\n<meta property=\"og:title\" content=\"Pol\u00edtica de privacidad - Helimotor\" \/>\n<meta property=\"og:description\" content=\"Pol\u00edtica de privacidad En cumplimiento con lo dispuesto en el Reglamento (UE) 2016\/679 del Parlamento Europeo y del Consejo de 27 de abril de 2016 (RGPD), y la Ley Org\u00e1nica 3\/2018, de 5 de diciembre, de Protecci\u00f3n de Datos Personales y garant\u00eda de los derechos digitales (LOPDGDD), informamos a los usuarios de este sitio web [&hellip;]\" \/>\n<meta property=\"og:url\" content=\"https:\/\/helimotor.com\/ca\/politica-de-privacidad\/\" \/>\n<meta property=\"og:site_name\" content=\"Helimotor\" \/>\n<meta property=\"article:modified_time\" content=\"2025-07-03T10:48:35+00:00\" \/>\n<meta name=\"twitter:card\" content=\"summary_large_image\" \/>\n<meta name=\"twitter:label1\" content=\"Temps estimat de lectura\" \/>\n\t<meta name=\"twitter:data1\" content=\"2 minuts\" \/>\n<script type=\"application\/ld+json\" class=\"yoast-schema-graph\">{\"@context\":\"https:\\\/\\\/schema.org\",\"@graph\":[{\"@type\":\"WebPage\",\"@id\":\"https:\\\/\\\/helimotor.com\\\/politica-de-privacidad\\\/\",\"url\":\"https:\\\/\\\/helimotor.com\\\/politica-de-privacidad\\\/\",\"name\":\"Pol\u00edtica de privacidad - Helimotor\",\"isPartOf\":{\"@id\":\"https:\\\/\\\/helimotor.com\\\/#website\"},\"datePublished\":\"2025-07-03T10:46:59+00:00\",\"dateModified\":\"2025-07-03T10:48:35+00:00\",\"breadcrumb\":{\"@id\":\"https:\\\/\\\/helimotor.com\\\/politica-de-privacidad\\\/#breadcrumb\"},\"inLanguage\":\"ca\",\"potentialAction\":[{\"@type\":\"ReadAction\",\"target\":[\"https:\\\/\\\/helimotor.com\\\/politica-de-privacidad\\\/\"]}]},{\"@type\":\"BreadcrumbList\",\"@id\":\"https:\\\/\\\/helimotor.com\\\/politica-de-privacidad\\\/#breadcrumb\",\"itemListElement\":[{\"@type\":\"ListItem\",\"position\":1,\"name\":\"Portada\",\"item\":\"https:\\\/\\\/helimotor.com\\\/\"},{\"@type\":\"ListItem\",\"position\":2,\"name\":\"Pol\u00edtica de privacidad\"}]},{\"@type\":\"WebSite\",\"@id\":\"https:\\\/\\\/helimotor.com\\\/#website\",\"url\":\"https:\\\/\\\/helimotor.com\\\/\",\"name\":\"Helimotor\",\"description\":\"nautical service since 1971\",\"publisher\":{\"@id\":\"https:\\\/\\\/helimotor.com\\\/#organization\"},\"potentialAction\":[{\"@type\":\"SearchAction\",\"target\":{\"@type\":\"EntryPoint\",\"urlTemplate\":\"https:\\\/\\\/helimotor.com\\\/?s={search_term_string}\"},\"query-input\":{\"@type\":\"PropertyValueSpecification\",\"valueRequired\":true,\"valueName\":\"search_term_string\"}}],\"inLanguage\":\"ca\"},{\"@type\":\"Organization\",\"@id\":\"https:\\\/\\\/helimotor.com\\\/#organization\",\"name\":\"Helimotor\",\"url\":\"https:\\\/\\\/helimotor.com\\\/\",\"logo\":{\"@type\":\"ImageObject\",\"inLanguage\":\"ca\",\"@id\":\"https:\\\/\\\/helimotor.com\\\/#\\\/schema\\\/logo\\\/image\\\/\",\"url\":\"https:\\\/\\\/helimotor.com\\\/wp-content\\\/uploads\\\/2025\\\/03\\\/cropped-Recurso-5@900x.png\",\"contentUrl\":\"https:\\\/\\\/helimotor.com\\\/wp-content\\\/uploads\\\/2025\\\/03\\\/cropped-Recurso-5@900x.png\",\"width\":2263,\"height\":537,\"caption\":\"Helimotor\"},\"image\":{\"@id\":\"https:\\\/\\\/helimotor.com\\\/#\\\/schema\\\/logo\\\/image\\\/\"}}]}<\/script>\n<!-- \/ Yoast SEO plugin. -->","yoast_head_json":{"title":"Pol\u00edtica de privacidad - Helimotor","robots":{"index":"index","follow":"follow","max-snippet":"max-snippet:-1","max-image-preview":"max-image-preview:large","max-video-preview":"max-video-preview:-1"},"canonical":"https:\/\/helimotor.com\/ca\/politica-de-privacidad\/","og_locale":"ca_ES","og_type":"article","og_title":"Pol\u00edtica de privacidad - Helimotor","og_description":"Pol\u00edtica de privacidad En cumplimiento con lo dispuesto en el Reglamento (UE) 2016\/679 del Parlamento Europeo y del Consejo de 27 de abril de 2016 (RGPD), y la Ley Org\u00e1nica 3\/2018, de 5 de diciembre, de Protecci\u00f3n de Datos Personales y garant\u00eda de los derechos digitales (LOPDGDD), informamos a los usuarios de este sitio web [&hellip;]","og_url":"https:\/\/helimotor.com\/ca\/politica-de-privacidad\/","og_site_name":"Helimotor","article_modified_time":"2025-07-03T10:48:35+00:00","twitter_card":"summary_large_image","twitter_misc":{"Temps estimat de lectura":"2 minuts"},"schema":{"@context":"https:\/\/schema.org","@graph":[{"@type":"WebPage","@id":"https:\/\/helimotor.com\/politica-de-privacidad\/","url":"https:\/\/helimotor.com\/politica-de-privacidad\/","name":"Pol\u00edtica de privacidad - Helimotor","isPartOf":{"@id":"https:\/\/helimotor.com\/#website"},"datePublished":"2025-07-03T10:46:59+00:00","dateModified":"2025-07-03T10:48:35+00:00","breadcrumb":{"@id":"https:\/\/helimotor.com\/politica-de-privacidad\/#breadcrumb"},"inLanguage":"ca","potentialAction":[{"@type":"ReadAction","target":["https:\/\/helimotor.com\/politica-de-privacidad\/"]}]},{"@type":"BreadcrumbList","@id":"https:\/\/helimotor.com\/politica-de-privacidad\/#breadcrumb","itemListElement":[{"@type":"ListItem","position":1,"name":"Portada","item":"https:\/\/helimotor.com\/"},{"@type":"ListItem","position":2,"name":"Pol\u00edtica de privacidad"}]},{"@type":"WebSite","@id":"https:\/\/helimotor.com\/#website","url":"https:\/\/helimotor.com\/","name":"Helimotor","description":"servei n\u00e0utic des de 1971","publisher":{"@id":"https:\/\/helimotor.com\/#organization"},"potentialAction":[{"@type":"SearchAction","target":{"@type":"EntryPoint","urlTemplate":"https:\/\/helimotor.com\/?s={search_term_string}"},"query-input":{"@type":"PropertyValueSpecification","valueRequired":true,"valueName":"search_term_string"}}],"inLanguage":"ca"},{"@type":"Organization","@id":"https:\/\/helimotor.com\/#organization","name":"Helimotor","url":"https:\/\/helimotor.com\/","logo":{"@type":"ImageObject","inLanguage":"ca","@id":"https:\/\/helimotor.com\/#\/schema\/logo\/image\/","url":"https:\/\/helimotor.com\/wp-content\/uploads\/2025\/03\/cropped-Recurso-5@900x.png","contentUrl":"https:\/\/helimotor.com\/wp-content\/uploads\/2025\/03\/cropped-Recurso-5@900x.png","width":2263,"height":537,"caption":"Helimotor"},"image":{"@id":"https:\/\/helimotor.com\/#\/schema\/logo\/image\/"}}]}},"_links":{"self":[{"href":"https:\/\/helimotor.com\/ca\/wp-json\/wp\/v2\/pages\/1743","targetHints":{"allow":["GET"]}}],"collection":[{"href":"https:\/\/helimotor.com\/ca\/wp-json\/wp\/v2\/pages"}],"about":[{"href":"https:\/\/helimotor.com\/ca\/wp-json\/wp\/v2\/types\/page"}],"author":[{"embeddable":true,"href":"https:\/\/helimotor.com\/ca\/wp-json\/wp\/v2\/users\/2"}],"replies":[{"embeddable":true,"href":"https:\/\/helimotor.com\/ca\/wp-json\/wp\/v2\/comments?post=1743"}],"version-history":[{"count":0,"href":"https:\/\/helimotor.com\/ca\/wp-json\/wp\/v2\/pages\/1743\/revisions"}],"wp:attachment":[{"href":"https:\/\/helimotor.com\/ca\/wp-json\/wp\/v2\/media?parent=1743"}],"curies":[{"name":"wp","href":"https:\/\/api.w.org\/{rel}","templated":true}]}}