{"id":3474,"date":"2026-04-05T16:03:54","date_gmt":"2026-04-05T16:03:54","guid":{"rendered":"https:\/\/helimotor.com\/?post_type=product&#038;p=3474"},"modified":"2026-04-05T16:15:35","modified_gmt":"2026-04-05T16:15:35","slug":"four-winns-h230ss","status":"publish","type":"product","link":"https:\/\/helimotor.com\/ca\/producto\/four-winns-h230ss\/","title":{"rendered":"Four Winns H230SS"},"content":{"rendered":"<p>La <strong data-start=\"107\" data-end=\"128\">Four Winns H230SS<\/strong> es una embarcaci\u00f3n tipo <strong data-start=\"153\" data-end=\"175\">bowrider deportivo<\/strong> que combina <strong data-start=\"188\" data-end=\"231\">rendimiento, confort y acabados premium<\/strong>, dise\u00f1ada para ofrecer una experiencia vers\u00e1til tanto en navegaci\u00f3n recreativa como en deportes acu\u00e1ticos.<\/p>\n<p data-start=\"791\" data-end=\"944\">El casco <strong data-start=\"800\" data-end=\"812\">Stable-V<\/strong>, caracter\u00edstico de Four Winns, presenta una <strong data-start=\"857\" data-end=\"923\">V profunda con l\u00edneas suavizadas y buena distribuci\u00f3n de pesos<\/strong>, lo que proporciona:<\/p>\n<ul data-start=\"945\" data-end=\"1071\">\n<li data-section-id=\"11ntoqz\" data-start=\"945\" data-end=\"995\">Navegaci\u00f3n estable incluso a altas velocidades<\/li>\n<li data-section-id=\"1at1jl6\" data-start=\"996\" data-end=\"1026\">Buena absorci\u00f3n del oleaje<\/li>\n<li data-section-id=\"1xjtik5\" data-start=\"1027\" data-end=\"1071\">Transiciones suaves en maniobras y giros<\/li>\n<\/ul>\n<p data-start=\"1203\" data-end=\"1263\">La H230SS destaca por una cubierta amplia y bien organizada:<\/p>\n<ul data-start=\"1264\" data-end=\"1575\">\n<li data-section-id=\"nzeg3a\" data-start=\"1264\" data-end=\"1335\"><strong data-start=\"1266\" data-end=\"1293\">Proa abierta (bowrider)<\/strong> con asientos en U y cojiner\u00eda acolchada<\/li>\n<li data-section-id=\"x0ohf\" data-start=\"1336\" data-end=\"1424\"><strong data-start=\"1338\" data-end=\"1382\">Cockpit central con asientos envolventes<\/strong>, incluyendo puesto de piloto ergon\u00f3mico<\/li>\n<li data-section-id=\"1l2yrqo\" data-start=\"1425\" data-end=\"1514\"><strong data-start=\"1427\" data-end=\"1455\">Zona de popa convertible<\/strong>, ideal para relax o preparaci\u00f3n de actividades acu\u00e1ticas<\/li>\n<li data-section-id=\"eq7bqe\" data-start=\"1515\" data-end=\"1575\"><strong data-start=\"1517\" data-end=\"1549\">Plataforma de ba\u00f1o extendida<\/strong>, con escalera integrada<\/li>\n<\/ul>","protected":false},"excerpt":{"rendered":"<ul>\n<li data-section-id=\"16vq9y6\" data-start=\"374\" data-end=\"403\"><strong data-start=\"376\" data-end=\"393\">Eslora total:<\/strong> ~7,11 m<\/li>\n<li data-section-id=\"1rlv9h6\" data-start=\"404\" data-end=\"426\"><strong data-start=\"406\" data-end=\"416\">Manga:<\/strong> ~2,54 m<\/li>\n<li data-section-id=\"1xufo1b\" data-start=\"427\" data-end=\"498\"><strong data-start=\"429\" data-end=\"447\">Tipo de casco:<\/strong> Monocasco en V profunda (Stable-V de Four Winns)<\/li>\n<li data-section-id=\"nikdga\" data-start=\"499\" data-end=\"539\"><strong data-start=\"501\" data-end=\"514\">Material:<\/strong> Fibra de vidrio (PRFV)<\/li>\n<li data-section-id=\"hvy9g3\" data-start=\"540\" data-end=\"579\"><strong data-start=\"542\" data-end=\"556\">Capacidad:<\/strong> hasta 10\u201312 personas<\/li>\n<li data-section-id=\"7d67b7\" data-start=\"580\" data-end=\"624\"><strong data-start=\"582\" data-end=\"599\">Categor\u00eda CE:<\/strong> C (navegaci\u00f3n costera)<\/li>\n<li data-section-id=\"h2bnkn\" data-start=\"625\" data-end=\"668\"><strong data-start=\"627\" data-end=\"644\">Motorizaci\u00f3n:<\/strong> Intraborda (gasolina)<\/li>\n<li data-section-id=\"112finm\" data-start=\"669\" data-end=\"706\"><strong data-start=\"671\" data-end=\"691\">Potencia t\u00edpica:<\/strong> 260 \u2013 350 HP<\/li>\n<li data-section-id=\"145ke00\" data-start=\"707\" data-end=\"750\"><strong data-start=\"709\" data-end=\"737\">Dep\u00f3sito de combustible:<\/strong> ~200\u2013220 L<\/li>\n<\/ul>","protected":false},"featured_media":3477,"comment_status":"open","ping_status":"closed","template":"","meta":[],"product_brand":[46],"product_cat":[22],"product_tag":[30],"class_list":{"0":"post-3474","1":"product","2":"type-product","3":"status-publish","4":"has-post-thumbnail","6":"product_brand-four-winns","7":"product_cat-pre-owned","8":"product_tag-taxes-included","10":"first","11":"instock","12":"shipping-taxable","13":"purchasable","14":"product-type-simple"},"yoast_head":"<!-- This site is optimized with the Yoast SEO plugin v27.2 - https:\/\/yoast.com\/product\/yoast-seo-wordpress\/ -->\n<title>Four Winns H230SS - Helimotor<\/title>\n<meta name=\"description\" content=\"La Four Winns H230SS es una embarcaci\u00f3n tipo bowrider deportivo que combina rendimiento, confort y acabados premium, dise\u00f1ada para ofrecer una experiencia vers\u00e1til tanto en navegaci\u00f3n recreativa como en deportes acu\u00e1ticos.\" \/>\n<meta name=\"robots\" content=\"index, follow, max-snippet:-1, max-image-preview:large, max-video-preview:-1\" \/>\n<link rel=\"canonical\" href=\"https:\/\/helimotor.com\/ca\/producto\/four-winns-h230ss\/\" \/>\n<meta property=\"og:locale\" content=\"ca_ES\" \/>\n<meta property=\"og:type\" content=\"article\" \/>\n<meta property=\"og:title\" content=\"Four Winns H230SS - Helimotor\" \/>\n<meta property=\"og:description\" content=\"La Four Winns H230SS es una embarcaci\u00f3n tipo bowrider deportivo que combina rendimiento, confort y acabados premium, dise\u00f1ada para ofrecer una experiencia vers\u00e1til tanto en navegaci\u00f3n recreativa como en deportes acu\u00e1ticos.\" \/>\n<meta property=\"og:url\" content=\"https:\/\/helimotor.com\/ca\/producto\/four-winns-h230ss\/\" \/>\n<meta property=\"og:site_name\" content=\"Helimotor\" \/>\n<meta property=\"article:modified_time\" content=\"2026-04-05T16:15:35+00:00\" \/>\n<meta property=\"og:image\" content=\"https:\/\/helimotor.com\/wp-content\/uploads\/2026\/04\/IMG_2628-scaled.jpeg\" \/>\n\t<meta property=\"og:image:width\" content=\"2560\" \/>\n\t<meta property=\"og:image:height\" content=\"2560\" \/>\n\t<meta property=\"og:image:type\" content=\"image\/jpeg\" \/>\n<meta name=\"twitter:card\" content=\"summary_large_image\" \/>\n<meta name=\"twitter:label1\" content=\"Temps estimat de lectura\" \/>\n\t<meta name=\"twitter:data1\" content=\"1 minut\" \/>\n<script type=\"application\/ld+json\" class=\"yoast-schema-graph\">{\"@context\":\"https:\/\/schema.org\",\"@graph\":[{\"@type\":\"WebPage\",\"@id\":\"https:\/\/helimotor.com\/producto\/four-winns-h230ss\/\",\"url\":\"https:\/\/helimotor.com\/producto\/four-winns-h230ss\/\",\"name\":\"Four Winns H230SS - Helimotor\",\"isPartOf\":{\"@id\":\"https:\/\/helimotor.com\/#website\"},\"primaryImageOfPage\":{\"@id\":\"https:\/\/helimotor.com\/producto\/four-winns-h230ss\/#primaryimage\"},\"image\":{\"@id\":\"https:\/\/helimotor.com\/producto\/four-winns-h230ss\/#primaryimage\"},\"thumbnailUrl\":\"https:\/\/helimotor.com\/wp-content\/uploads\/2026\/04\/IMG_2628-scaled.jpeg\",\"datePublished\":\"2026-04-05T16:03:54+00:00\",\"dateModified\":\"2026-04-05T16:15:35+00:00\",\"description\":\"La Four Winns H230SS es una embarcaci\u00f3n tipo bowrider deportivo que combina rendimiento, confort y acabados premium, dise\u00f1ada para ofrecer una experiencia vers\u00e1til tanto en navegaci\u00f3n recreativa como en deportes acu\u00e1ticos.\",\"breadcrumb\":{\"@id\":\"https:\/\/helimotor.com\/producto\/four-winns-h230ss\/#breadcrumb\"},\"inLanguage\":\"ca\",\"potentialAction\":[{\"@type\":\"ReadAction\",\"target\":[\"https:\/\/helimotor.com\/producto\/four-winns-h230ss\/\"]}]},{\"@type\":\"ImageObject\",\"inLanguage\":\"ca\",\"@id\":\"https:\/\/helimotor.com\/producto\/four-winns-h230ss\/#primaryimage\",\"url\":\"https:\/\/helimotor.com\/wp-content\/uploads\/2026\/04\/IMG_2628-scaled.jpeg\",\"contentUrl\":\"https:\/\/helimotor.com\/wp-content\/uploads\/2026\/04\/IMG_2628-scaled.jpeg\",\"width\":2560,\"height\":2560},{\"@type\":\"BreadcrumbList\",\"@id\":\"https:\/\/helimotor.com\/producto\/four-winns-h230ss\/#breadcrumb\",\"itemListElement\":[{\"@type\":\"ListItem\",\"position\":1,\"name\":\"Portada\",\"item\":\"https:\/\/helimotor.com\/\"},{\"@type\":\"ListItem\",\"position\":2,\"name\":\"Tienda\",\"item\":\"https:\/\/helimotor.com\/?page_id=526\"},{\"@type\":\"ListItem\",\"position\":3,\"name\":\"Four Winns H230SS\"}]},{\"@type\":\"WebSite\",\"@id\":\"https:\/\/helimotor.com\/#website\",\"url\":\"https:\/\/helimotor.com\/\",\"name\":\"Helimotor\",\"description\":\"nautical service since 1971\",\"publisher\":{\"@id\":\"https:\/\/helimotor.com\/#organization\"},\"potentialAction\":[{\"@type\":\"SearchAction\",\"target\":{\"@type\":\"EntryPoint\",\"urlTemplate\":\"https:\/\/helimotor.com\/?s={search_term_string}\"},\"query-input\":{\"@type\":\"PropertyValueSpecification\",\"valueRequired\":true,\"valueName\":\"search_term_string\"}}],\"inLanguage\":\"ca\"},{\"@type\":\"Organization\",\"@id\":\"https:\/\/helimotor.com\/#organization\",\"name\":\"Helimotor\",\"url\":\"https:\/\/helimotor.com\/\",\"logo\":{\"@type\":\"ImageObject\",\"inLanguage\":\"ca\",\"@id\":\"https:\/\/helimotor.com\/#\/schema\/logo\/image\/\",\"url\":\"https:\/\/helimotor.com\/wp-content\/uploads\/2025\/03\/cropped-Recurso-5@900x.png\",\"contentUrl\":\"https:\/\/helimotor.com\/wp-content\/uploads\/2025\/03\/cropped-Recurso-5@900x.png\",\"width\":2263,\"height\":537,\"caption\":\"Helimotor\"},\"image\":{\"@id\":\"https:\/\/helimotor.com\/#\/schema\/logo\/image\/\"}}]}<\/script>\n<!-- \/ Yoast SEO plugin. -->","yoast_head_json":{"title":"Four Winns H230SS - Helimotor","description":"La Four Winns H230SS es una embarcaci\u00f3n tipo bowrider deportivo que combina rendimiento, confort y acabados premium, dise\u00f1ada para ofrecer una experiencia vers\u00e1til tanto en navegaci\u00f3n recreativa como en deportes acu\u00e1ticos.","robots":{"index":"index","follow":"follow","max-snippet":"max-snippet:-1","max-image-preview":"max-image-preview:large","max-video-preview":"max-video-preview:-1"},"canonical":"https:\/\/helimotor.com\/ca\/producto\/four-winns-h230ss\/","og_locale":"ca_ES","og_type":"article","og_title":"Four Winns H230SS - Helimotor","og_description":"La Four Winns H230SS es una embarcaci\u00f3n tipo bowrider deportivo que combina rendimiento, confort y acabados premium, dise\u00f1ada para ofrecer una experiencia vers\u00e1til tanto en navegaci\u00f3n recreativa como en deportes acu\u00e1ticos.","og_url":"https:\/\/helimotor.com\/ca\/producto\/four-winns-h230ss\/","og_site_name":"Helimotor","article_modified_time":"2026-04-05T16:15:35+00:00","og_image":[{"width":2560,"height":2560,"url":"https:\/\/helimotor.com\/wp-content\/uploads\/2026\/04\/IMG_2628-scaled.jpeg","type":"image\/jpeg"}],"twitter_card":"summary_large_image","twitter_misc":{"Temps estimat de lectura":"1 minut"},"schema":{"@context":"https:\/\/schema.org","@graph":[{"@type":"WebPage","@id":"https:\/\/helimotor.com\/producto\/four-winns-h230ss\/","url":"https:\/\/helimotor.com\/producto\/four-winns-h230ss\/","name":"Four Winns H230SS - Helimotor","isPartOf":{"@id":"https:\/\/helimotor.com\/#website"},"primaryImageOfPage":{"@id":"https:\/\/helimotor.com\/producto\/four-winns-h230ss\/#primaryimage"},"image":{"@id":"https:\/\/helimotor.com\/producto\/four-winns-h230ss\/#primaryimage"},"thumbnailUrl":"https:\/\/helimotor.com\/wp-content\/uploads\/2026\/04\/IMG_2628-scaled.jpeg","datePublished":"2026-04-05T16:03:54+00:00","dateModified":"2026-04-05T16:15:35+00:00","description":"La Four Winns H230SS es una embarcaci\u00f3n tipo bowrider deportivo que combina rendimiento, confort y acabados premium, dise\u00f1ada para ofrecer una experiencia vers\u00e1til tanto en navegaci\u00f3n recreativa como en deportes acu\u00e1ticos.","breadcrumb":{"@id":"https:\/\/helimotor.com\/producto\/four-winns-h230ss\/#breadcrumb"},"inLanguage":"ca","potentialAction":[{"@type":"ReadAction","target":["https:\/\/helimotor.com\/producto\/four-winns-h230ss\/"]}]},{"@type":"ImageObject","inLanguage":"ca","@id":"https:\/\/helimotor.com\/producto\/four-winns-h230ss\/#primaryimage","url":"https:\/\/helimotor.com\/wp-content\/uploads\/2026\/04\/IMG_2628-scaled.jpeg","contentUrl":"https:\/\/helimotor.com\/wp-content\/uploads\/2026\/04\/IMG_2628-scaled.jpeg","width":2560,"height":2560},{"@type":"BreadcrumbList","@id":"https:\/\/helimotor.com\/producto\/four-winns-h230ss\/#breadcrumb","itemListElement":[{"@type":"ListItem","position":1,"name":"Portada","item":"https:\/\/helimotor.com\/"},{"@type":"ListItem","position":2,"name":"Tienda","item":"https:\/\/helimotor.com\/?page_id=526"},{"@type":"ListItem","position":3,"name":"Four Winns H230SS"}]},{"@type":"WebSite","@id":"https:\/\/helimotor.com\/#website","url":"https:\/\/helimotor.com\/","name":"Helimotor","description":"servei n\u00e0utic des de 1971","publisher":{"@id":"https:\/\/helimotor.com\/#organization"},"potentialAction":[{"@type":"SearchAction","target":{"@type":"EntryPoint","urlTemplate":"https:\/\/helimotor.com\/?s={search_term_string}"},"query-input":{"@type":"PropertyValueSpecification","valueRequired":true,"valueName":"search_term_string"}}],"inLanguage":"ca"},{"@type":"Organization","@id":"https:\/\/helimotor.com\/#organization","name":"Helimotor","url":"https:\/\/helimotor.com\/","logo":{"@type":"ImageObject","inLanguage":"ca","@id":"https:\/\/helimotor.com\/#\/schema\/logo\/image\/","url":"https:\/\/helimotor.com\/wp-content\/uploads\/2025\/03\/cropped-Recurso-5@900x.png","contentUrl":"https:\/\/helimotor.com\/wp-content\/uploads\/2025\/03\/cropped-Recurso-5@900x.png","width":2263,"height":537,"caption":"Helimotor"},"image":{"@id":"https:\/\/helimotor.com\/#\/schema\/logo\/image\/"}}]}},"_links":{"self":[{"href":"https:\/\/helimotor.com\/ca\/wp-json\/wp\/v2\/product\/3474","targetHints":{"allow":["GET"]}}],"collection":[{"href":"https:\/\/helimotor.com\/ca\/wp-json\/wp\/v2\/product"}],"about":[{"href":"https:\/\/helimotor.com\/ca\/wp-json\/wp\/v2\/types\/product"}],"replies":[{"embeddable":true,"href":"https:\/\/helimotor.com\/ca\/wp-json\/wp\/v2\/comments?post=3474"}],"wp:featuredmedia":[{"embeddable":true,"href":"https:\/\/helimotor.com\/ca\/wp-json\/wp\/v2\/media\/3477"}],"wp:attachment":[{"href":"https:\/\/helimotor.com\/ca\/wp-json\/wp\/v2\/media?parent=3474"}],"wp:term":[{"taxonomy":"product_brand","embeddable":true,"href":"https:\/\/helimotor.com\/ca\/wp-json\/wp\/v2\/product_brand?post=3474"},{"taxonomy":"product_cat","embeddable":true,"href":"https:\/\/helimotor.com\/ca\/wp-json\/wp\/v2\/product_cat?post=3474"},{"taxonomy":"product_tag","embeddable":true,"href":"https:\/\/helimotor.com\/ca\/wp-json\/wp\/v2\/product_tag?post=3474"}],"curies":[{"name":"wp","href":"https:\/\/api.w.org\/{rel}","templated":true}]}}