{"id":1762,"date":"2025-08-06T07:22:56","date_gmt":"2025-08-06T07:22:56","guid":{"rendered":"https:\/\/helimotor.com\/?post_type=product&#038;p=1762"},"modified":"2026-04-05T15:52:02","modified_gmt":"2026-04-05T15:52:02","slug":"sacs-11","status":"publish","type":"product","link":"https:\/\/helimotor.com\/de\/producto\/sacs-11\/","title":{"rendered":"Sacs Strider 11"},"content":{"rendered":"<p>La Sacs Strider 11 es una <strong>embarcaci\u00f3n semirr\u00edgida premium<\/strong> que combina un dise\u00f1o deportivo con una navegaci\u00f3n \u00e1gil y segura. Mit einer L\u00e4nge von 11,51 Metern, <strong>Dieser Halbkreis ist ideal f\u00fcr alle, die Geschwindigkeit, Stabilit\u00e4t und einen unverwechselbaren Stil bei jeder Fahrt suchen.<\/strong>. Dise\u00f1ada para ofrecer el m\u00e1ximo confort y funcionalidad, la Sacs Strider 11 es perfecta tanto para escapadas diurnas como para jornadas llenas de adrenalina en el mar.<\/p>","protected":false},"excerpt":{"rendered":"<p data-start=\"142\" data-end=\"240\"><strong data-start=\"142\" data-end=\"152\">Marke:<\/strong> SACS Marine<br data-start=\"164\" data-end=\"167\" \/><strong data-start=\"167\" data-end=\"177\">Modell:<\/strong> Strider 11<br data-start=\"188\" data-end=\"191\" \/><strong data-start=\"191\" data-end=\"205\">Referenz:<\/strong> SACS_Strider_11<br data-start=\"221\" data-end=\"224\" data-is-only-node=\"\" \/><strong data-start=\"224\" data-end=\"233\">Year:<\/strong> 2026<\/p>\n<p data-start=\"242\" data-end=\"323\"><strong data-start=\"242\" data-end=\"253\">Length:<\/strong> 11.00 m<br data-start=\"261\" data-end=\"264\" \/><strong data-start=\"264\" data-end=\"273\">Beam:<\/strong> 3.40 m <em data-start=\"281\" data-end=\"321\">(aproximado est\u00e1ndar para este modelo)<\/em><\/p>\n<p data-start=\"325\" data-end=\"474\"><strong data-start=\"325\" data-end=\"336\">Motor:<\/strong> Mercury Verado V8 \u2013 400 HP <em data-start=\"364\" data-end=\"401\">(estimado est\u00e1ndar para Strider 11)<\/em><br data-start=\"401\" data-end=\"404\" \/><strong data-start=\"404\" data-end=\"422\">Hull Material:<\/strong> Fiberglass<br data-start=\"433\" data-end=\"436\" \/><strong data-start=\"436\" data-end=\"455\">Tubes Material:<\/strong> Hypalon\u2013Neoprene<\/p>\n<p data-start=\"476\" data-end=\"522\"><strong data-start=\"476\" data-end=\"489\">Location:<\/strong> Spain<br data-start=\"495\" data-end=\"498\" \/><strong data-start=\"498\" data-end=\"510\">Seehafen:<\/strong> Barcelona<\/p>","protected":false},"featured_media":3461,"comment_status":"open","ping_status":"closed","template":"","meta":[],"product_brand":[36],"product_cat":[24],"product_tag":[31],"class_list":{"0":"post-1762","1":"product","2":"type-product","3":"status-publish","4":"has-post-thumbnail","6":"product_brand-sacs-tecnorib","7":"product_cat-new-boats","8":"product_tag-taxes-excluded","10":"first","11":"instock","12":"shipping-taxable","13":"purchasable","14":"product-type-simple"},"yoast_head":"<!-- This site is optimized with the Yoast SEO plugin v27.4 - https:\/\/yoast.com\/product\/yoast-seo-wordpress\/ -->\n<title>Sacs Strider 11 - Helimotor<\/title>\n<meta name=\"robots\" content=\"index, follow, max-snippet:-1, max-image-preview:large, max-video-preview:-1\" \/>\n<link rel=\"canonical\" href=\"https:\/\/helimotor.com\/de\/producto\/sacs-11\/\" \/>\n<meta property=\"og:locale\" content=\"de_DE\" \/>\n<meta property=\"og:type\" content=\"article\" \/>\n<meta property=\"og:title\" content=\"Sacs Strider 11 - Helimotor\" \/>\n<meta property=\"og:description\" content=\"Brand: SACS MarineModel: Strider 11Reference: SACS_Strider_11Year: 2026 Length: 11.00 mBeam: 3.40 m (aproximado est\u00e1ndar para este modelo) Engine: Mercury Verado V8 \u2013 400 HP (estimado est\u00e1ndar para Strider 11)Hull Material: FiberglassTubes Material: Hypalon\u2013Neoprene Location: SpainSeaport: Barcelona\" \/>\n<meta property=\"og:url\" content=\"https:\/\/helimotor.com\/de\/producto\/sacs-11\/\" \/>\n<meta property=\"og:site_name\" content=\"Helimotor\" \/>\n<meta property=\"article:modified_time\" content=\"2026-04-05T15:52:02+00:00\" \/>\n<meta property=\"og:image\" content=\"https:\/\/helimotor.com\/wp-content\/uploads\/2025\/08\/IMG_2610-scaled.jpeg\" \/>\n\t<meta property=\"og:image:width\" content=\"2560\" \/>\n\t<meta property=\"og:image:height\" content=\"2560\" \/>\n\t<meta property=\"og:image:type\" content=\"image\/jpeg\" \/>\n<meta name=\"twitter:card\" content=\"summary_large_image\" \/>\n<meta name=\"twitter:label1\" content=\"Gesch\u00e4tzte Lesezeit\" \/>\n\t<meta name=\"twitter:data1\" content=\"1\u00a0Minute\" \/>\n<script type=\"application\/ld+json\" class=\"yoast-schema-graph\">{\"@context\":\"https:\\\/\\\/schema.org\",\"@graph\":[{\"@type\":\"WebPage\",\"@id\":\"https:\\\/\\\/helimotor.com\\\/producto\\\/sacs-11\\\/\",\"url\":\"https:\\\/\\\/helimotor.com\\\/producto\\\/sacs-11\\\/\",\"name\":\"Sacs Strider 11 - Helimotor\",\"isPartOf\":{\"@id\":\"https:\\\/\\\/helimotor.com\\\/#website\"},\"primaryImageOfPage\":{\"@id\":\"https:\\\/\\\/helimotor.com\\\/producto\\\/sacs-11\\\/#primaryimage\"},\"image\":{\"@id\":\"https:\\\/\\\/helimotor.com\\\/producto\\\/sacs-11\\\/#primaryimage\"},\"thumbnailUrl\":\"https:\\\/\\\/helimotor.com\\\/wp-content\\\/uploads\\\/2025\\\/08\\\/IMG_2610-scaled.jpeg\",\"datePublished\":\"2025-08-06T07:22:56+00:00\",\"dateModified\":\"2026-04-05T15:52:02+00:00\",\"breadcrumb\":{\"@id\":\"https:\\\/\\\/helimotor.com\\\/producto\\\/sacs-11\\\/#breadcrumb\"},\"inLanguage\":\"de\",\"potentialAction\":[{\"@type\":\"ReadAction\",\"target\":[\"https:\\\/\\\/helimotor.com\\\/producto\\\/sacs-11\\\/\"]}]},{\"@type\":\"ImageObject\",\"inLanguage\":\"de\",\"@id\":\"https:\\\/\\\/helimotor.com\\\/producto\\\/sacs-11\\\/#primaryimage\",\"url\":\"https:\\\/\\\/helimotor.com\\\/wp-content\\\/uploads\\\/2025\\\/08\\\/IMG_2610-scaled.jpeg\",\"contentUrl\":\"https:\\\/\\\/helimotor.com\\\/wp-content\\\/uploads\\\/2025\\\/08\\\/IMG_2610-scaled.jpeg\",\"width\":2560,\"height\":2560},{\"@type\":\"BreadcrumbList\",\"@id\":\"https:\\\/\\\/helimotor.com\\\/producto\\\/sacs-11\\\/#breadcrumb\",\"itemListElement\":[{\"@type\":\"ListItem\",\"position\":1,\"name\":\"Portada\",\"item\":\"https:\\\/\\\/helimotor.com\\\/\"},{\"@type\":\"ListItem\",\"position\":2,\"name\":\"Tienda\",\"item\":\"https:\\\/\\\/helimotor.com\\\/?page_id=526\"},{\"@type\":\"ListItem\",\"position\":3,\"name\":\"Sacs Strider 11\"}]},{\"@type\":\"WebSite\",\"@id\":\"https:\\\/\\\/helimotor.com\\\/#website\",\"url\":\"https:\\\/\\\/helimotor.com\\\/\",\"name\":\"Helimotor\",\"description\":\"nautical service since 1971\",\"publisher\":{\"@id\":\"https:\\\/\\\/helimotor.com\\\/#organization\"},\"potentialAction\":[{\"@type\":\"SearchAction\",\"target\":{\"@type\":\"EntryPoint\",\"urlTemplate\":\"https:\\\/\\\/helimotor.com\\\/?s={search_term_string}\"},\"query-input\":{\"@type\":\"PropertyValueSpecification\",\"valueRequired\":true,\"valueName\":\"search_term_string\"}}],\"inLanguage\":\"de\"},{\"@type\":\"Organization\",\"@id\":\"https:\\\/\\\/helimotor.com\\\/#organization\",\"name\":\"Helimotor\",\"url\":\"https:\\\/\\\/helimotor.com\\\/\",\"logo\":{\"@type\":\"ImageObject\",\"inLanguage\":\"de\",\"@id\":\"https:\\\/\\\/helimotor.com\\\/#\\\/schema\\\/logo\\\/image\\\/\",\"url\":\"https:\\\/\\\/helimotor.com\\\/wp-content\\\/uploads\\\/2025\\\/03\\\/cropped-Recurso-5@900x.png\",\"contentUrl\":\"https:\\\/\\\/helimotor.com\\\/wp-content\\\/uploads\\\/2025\\\/03\\\/cropped-Recurso-5@900x.png\",\"width\":2263,\"height\":537,\"caption\":\"Helimotor\"},\"image\":{\"@id\":\"https:\\\/\\\/helimotor.com\\\/#\\\/schema\\\/logo\\\/image\\\/\"}}]}<\/script>\n<!-- \/ Yoast SEO plugin. -->","yoast_head_json":{"title":"Sacs Strider 11 - Helimotor","robots":{"index":"index","follow":"follow","max-snippet":"max-snippet:-1","max-image-preview":"max-image-preview:large","max-video-preview":"max-video-preview:-1"},"canonical":"https:\/\/helimotor.com\/de\/producto\/sacs-11\/","og_locale":"de_DE","og_type":"article","og_title":"Sacs Strider 11 - Helimotor","og_description":"Brand: SACS MarineModel: Strider 11Reference: SACS_Strider_11Year: 2026 Length: 11.00 mBeam: 3.40 m (aproximado est\u00e1ndar para este modelo) Engine: Mercury Verado V8 \u2013 400 HP (estimado est\u00e1ndar para Strider 11)Hull Material: FiberglassTubes Material: Hypalon\u2013Neoprene Location: SpainSeaport: Barcelona","og_url":"https:\/\/helimotor.com\/de\/producto\/sacs-11\/","og_site_name":"Helimotor","article_modified_time":"2026-04-05T15:52:02+00:00","og_image":[{"width":2560,"height":2560,"url":"https:\/\/helimotor.com\/wp-content\/uploads\/2025\/08\/IMG_2610-scaled.jpeg","type":"image\/jpeg"}],"twitter_card":"summary_large_image","twitter_misc":{"Gesch\u00e4tzte Lesezeit":"1\u00a0Minute"},"schema":{"@context":"https:\/\/schema.org","@graph":[{"@type":"WebPage","@id":"https:\/\/helimotor.com\/producto\/sacs-11\/","url":"https:\/\/helimotor.com\/producto\/sacs-11\/","name":"Sacs Strider 11 - Helimotor","isPartOf":{"@id":"https:\/\/helimotor.com\/#website"},"primaryImageOfPage":{"@id":"https:\/\/helimotor.com\/producto\/sacs-11\/#primaryimage"},"image":{"@id":"https:\/\/helimotor.com\/producto\/sacs-11\/#primaryimage"},"thumbnailUrl":"https:\/\/helimotor.com\/wp-content\/uploads\/2025\/08\/IMG_2610-scaled.jpeg","datePublished":"2025-08-06T07:22:56+00:00","dateModified":"2026-04-05T15:52:02+00:00","breadcrumb":{"@id":"https:\/\/helimotor.com\/producto\/sacs-11\/#breadcrumb"},"inLanguage":"de","potentialAction":[{"@type":"ReadAction","target":["https:\/\/helimotor.com\/producto\/sacs-11\/"]}]},{"@type":"ImageObject","inLanguage":"de","@id":"https:\/\/helimotor.com\/producto\/sacs-11\/#primaryimage","url":"https:\/\/helimotor.com\/wp-content\/uploads\/2025\/08\/IMG_2610-scaled.jpeg","contentUrl":"https:\/\/helimotor.com\/wp-content\/uploads\/2025\/08\/IMG_2610-scaled.jpeg","width":2560,"height":2560},{"@type":"BreadcrumbList","@id":"https:\/\/helimotor.com\/producto\/sacs-11\/#breadcrumb","itemListElement":[{"@type":"ListItem","position":1,"name":"Portada","item":"https:\/\/helimotor.com\/"},{"@type":"ListItem","position":2,"name":"Tienda","item":"https:\/\/helimotor.com\/?page_id=526"},{"@type":"ListItem","position":3,"name":"Sacs Strider 11"}]},{"@type":"WebSite","@id":"https:\/\/helimotor.com\/#website","url":"https:\/\/helimotor.com\/","name":"Helimotor","description":"Nautischer Dienst seit 1971","publisher":{"@id":"https:\/\/helimotor.com\/#organization"},"potentialAction":[{"@type":"SearchAction","target":{"@type":"EntryPoint","urlTemplate":"https:\/\/helimotor.com\/?s={search_term_string}"},"query-input":{"@type":"PropertyValueSpecification","valueRequired":true,"valueName":"search_term_string"}}],"inLanguage":"de"},{"@type":"Organization","@id":"https:\/\/helimotor.com\/#organization","name":"Helimotor","url":"https:\/\/helimotor.com\/","logo":{"@type":"ImageObject","inLanguage":"de","@id":"https:\/\/helimotor.com\/#\/schema\/logo\/image\/","url":"https:\/\/helimotor.com\/wp-content\/uploads\/2025\/03\/cropped-Recurso-5@900x.png","contentUrl":"https:\/\/helimotor.com\/wp-content\/uploads\/2025\/03\/cropped-Recurso-5@900x.png","width":2263,"height":537,"caption":"Helimotor"},"image":{"@id":"https:\/\/helimotor.com\/#\/schema\/logo\/image\/"}}]}},"_links":{"self":[{"href":"https:\/\/helimotor.com\/de\/wp-json\/wp\/v2\/product\/1762","targetHints":{"allow":["GET"]}}],"collection":[{"href":"https:\/\/helimotor.com\/de\/wp-json\/wp\/v2\/product"}],"about":[{"href":"https:\/\/helimotor.com\/de\/wp-json\/wp\/v2\/types\/product"}],"replies":[{"embeddable":true,"href":"https:\/\/helimotor.com\/de\/wp-json\/wp\/v2\/comments?post=1762"}],"wp:featuredmedia":[{"embeddable":true,"href":"https:\/\/helimotor.com\/de\/wp-json\/wp\/v2\/media\/3461"}],"wp:attachment":[{"href":"https:\/\/helimotor.com\/de\/wp-json\/wp\/v2\/media?parent=1762"}],"wp:term":[{"taxonomy":"product_brand","embeddable":true,"href":"https:\/\/helimotor.com\/de\/wp-json\/wp\/v2\/product_brand?post=1762"},{"taxonomy":"product_cat","embeddable":true,"href":"https:\/\/helimotor.com\/de\/wp-json\/wp\/v2\/product_cat?post=1762"},{"taxonomy":"product_tag","embeddable":true,"href":"https:\/\/helimotor.com\/de\/wp-json\/wp\/v2\/product_tag?post=1762"}],"curies":[{"name":"wp","href":"https:\/\/api.w.org\/{rel}","templated":true}]}}