{"id":1784,"date":"2025-08-07T07:34:11","date_gmt":"2025-08-07T07:34:11","guid":{"rendered":"https:\/\/helimotor.com\/?post_type=product&#038;p=1784"},"modified":"2026-04-21T15:36:13","modified_gmt":"2026-04-21T15:36:13","slug":"sacs-13","status":"publish","type":"product","link":"https:\/\/helimotor.com\/de\/producto\/sacs-13\/","title":{"rendered":"Sacs Strider 13"},"content":{"rendered":"<p>El\u00a0<strong>Strider 13 EFB 2026<\/strong>\u00a0de Sacs Tecnorib ist ein halboffener Raum von hoher Qualit\u00e4t, der Glanz, Kraft und modernes italienisches Design kombiniert. Mit einer Gesamtl\u00e4nge von 13,47 Metern und einer L\u00e4nge von 4,26 Metern bietet sie einen au\u00dfergew\u00f6hnlichen Raum sowohl f\u00fcr die Entspannung als auch f\u00fcr den Sportverkehr. Ausgestattet mit drei Motoren\u00a0<strong>Mercury Verado V10 de 400 hp<\/strong>, alcanza velocidades impresionantes y una navegaci\u00f3n estable gracias a su casco en V profunda. Su interior est\u00e1 finamente decorado por\u00a0<strong>Christian Grande Design Werke<\/strong>, inkluyendo dos camarotes, ba\u00f1o completo y aire acondicionado. Ideal sowohl f\u00fcr Tagesausfl\u00fcge als auch f\u00fcr kleine Reisen in den Urlaub.<\/p>","protected":false},"excerpt":{"rendered":"<p data-start=\"86\" data-end=\"181\"><strong data-start=\"86\" data-end=\"96\">Marke:<\/strong> SACS<br data-start=\"101\" data-end=\"104\" \/><strong data-start=\"104\" data-end=\"114\">Modell:<\/strong> Strider 13 EFB<br data-start=\"129\" data-end=\"132\" \/><strong data-start=\"132\" data-end=\"146\">Referenz:<\/strong> SACS_Strider_13<br data-start=\"162\" data-end=\"165\" data-is-only-node=\"\" \/><strong data-start=\"165\" data-end=\"174\">Year:<\/strong> 2026<\/p>\n<p data-start=\"183\" data-end=\"223\"><strong data-start=\"183\" data-end=\"194\">Length:<\/strong> 13.40 m<br data-start=\"202\" data-end=\"205\" \/><strong data-start=\"205\" data-end=\"214\">Beam:<\/strong> 4.26 m<\/p>\n<p data-start=\"225\" data-end=\"298\"><strong data-start=\"225\" data-end=\"236\">Motor:<\/strong> Mercury Verado V10 \u2013 400 HP<br data-start=\"264\" data-end=\"267\" \/><strong data-start=\"267\" data-end=\"285\">Hull Material:<\/strong> Fiberglass<\/p>\n<p data-start=\"300\" data-end=\"346\"><strong data-start=\"300\" data-end=\"313\">Location:<\/strong> Spain<br data-start=\"319\" data-end=\"322\" \/><strong data-start=\"322\" data-end=\"334\">Seehafen:<\/strong> Barcelona<\/p>","protected":false},"featured_media":2746,"comment_status":"open","ping_status":"closed","template":"","meta":[],"product_brand":[36],"product_cat":[24],"product_tag":[31],"class_list":{"0":"post-1784","1":"product","2":"type-product","3":"status-publish","4":"has-post-thumbnail","6":"product_brand-sacs-tecnorib","7":"product_cat-new-boats","8":"product_tag-taxes-excluded","10":"first","11":"instock","12":"shipping-taxable","13":"purchasable","14":"product-type-simple"},"yoast_head":"<!-- This site is optimized with the Yoast SEO plugin v27.4 - https:\/\/yoast.com\/product\/yoast-seo-wordpress\/ -->\n<title>Sacs Strider 13 - Helimotor<\/title>\n<meta name=\"description\" content=\"SACS Strider 13.4 is a luxury high-performance RIB offering speed, stability, and premium comfort, ideal for day cruising and coastal navigation.\" \/>\n<meta name=\"robots\" content=\"index, follow, max-snippet:-1, max-image-preview:large, max-video-preview:-1\" \/>\n<link rel=\"canonical\" href=\"https:\/\/helimotor.com\/de\/producto\/sacs-13\/\" \/>\n<meta property=\"og:locale\" content=\"de_DE\" \/>\n<meta property=\"og:type\" content=\"article\" \/>\n<meta property=\"og:title\" content=\"Sacs Strider 13 - Helimotor\" \/>\n<meta property=\"og:description\" content=\"SACS Strider 13.4 is a luxury high-performance RIB offering speed, stability, and premium comfort, ideal for day cruising and coastal navigation.\" \/>\n<meta property=\"og:url\" content=\"https:\/\/helimotor.com\/de\/producto\/sacs-13\/\" \/>\n<meta property=\"og:site_name\" content=\"Helimotor\" \/>\n<meta property=\"article:modified_time\" content=\"2026-04-21T15:36:13+00:00\" \/>\n<meta property=\"og:image\" content=\"https:\/\/helimotor.com\/wp-content\/uploads\/2025\/08\/WhatsApp-Image-2025-12-04-at-13.34.48-2.jpeg\" \/>\n\t<meta property=\"og:image:width\" content=\"1600\" \/>\n\t<meta property=\"og:image:height\" content=\"1200\" \/>\n\t<meta property=\"og:image:type\" content=\"image\/jpeg\" \/>\n<meta name=\"twitter:card\" content=\"summary_large_image\" \/>\n<meta name=\"twitter:label1\" content=\"Gesch\u00e4tzte Lesezeit\" \/>\n\t<meta name=\"twitter:data1\" content=\"1\u00a0Minute\" \/>\n<script type=\"application\/ld+json\" class=\"yoast-schema-graph\">{\"@context\":\"https:\\\/\\\/schema.org\",\"@graph\":[{\"@type\":\"WebPage\",\"@id\":\"https:\\\/\\\/helimotor.com\\\/producto\\\/sacs-13\\\/\",\"url\":\"https:\\\/\\\/helimotor.com\\\/producto\\\/sacs-13\\\/\",\"name\":\"Sacs Strider 13 - Helimotor\",\"isPartOf\":{\"@id\":\"https:\\\/\\\/helimotor.com\\\/#website\"},\"primaryImageOfPage\":{\"@id\":\"https:\\\/\\\/helimotor.com\\\/producto\\\/sacs-13\\\/#primaryimage\"},\"image\":{\"@id\":\"https:\\\/\\\/helimotor.com\\\/producto\\\/sacs-13\\\/#primaryimage\"},\"thumbnailUrl\":\"https:\\\/\\\/helimotor.com\\\/wp-content\\\/uploads\\\/2025\\\/08\\\/WhatsApp-Image-2025-12-04-at-13.34.48-2.jpeg\",\"datePublished\":\"2025-08-07T07:34:11+00:00\",\"dateModified\":\"2026-04-21T15:36:13+00:00\",\"description\":\"SACS Strider 13.4 is a luxury high-performance RIB offering speed, stability, and premium comfort, ideal for day cruising and coastal navigation.\",\"breadcrumb\":{\"@id\":\"https:\\\/\\\/helimotor.com\\\/producto\\\/sacs-13\\\/#breadcrumb\"},\"inLanguage\":\"de\",\"potentialAction\":[{\"@type\":\"ReadAction\",\"target\":[\"https:\\\/\\\/helimotor.com\\\/producto\\\/sacs-13\\\/\"]}]},{\"@type\":\"ImageObject\",\"inLanguage\":\"de\",\"@id\":\"https:\\\/\\\/helimotor.com\\\/producto\\\/sacs-13\\\/#primaryimage\",\"url\":\"https:\\\/\\\/helimotor.com\\\/wp-content\\\/uploads\\\/2025\\\/08\\\/WhatsApp-Image-2025-12-04-at-13.34.48-2.jpeg\",\"contentUrl\":\"https:\\\/\\\/helimotor.com\\\/wp-content\\\/uploads\\\/2025\\\/08\\\/WhatsApp-Image-2025-12-04-at-13.34.48-2.jpeg\",\"width\":1600,\"height\":1200},{\"@type\":\"BreadcrumbList\",\"@id\":\"https:\\\/\\\/helimotor.com\\\/producto\\\/sacs-13\\\/#breadcrumb\",\"itemListElement\":[{\"@type\":\"ListItem\",\"position\":1,\"name\":\"Portada\",\"item\":\"https:\\\/\\\/helimotor.com\\\/\"},{\"@type\":\"ListItem\",\"position\":2,\"name\":\"Tienda\",\"item\":\"https:\\\/\\\/helimotor.com\\\/?page_id=526\"},{\"@type\":\"ListItem\",\"position\":3,\"name\":\"Sacs Strider 13\"}]},{\"@type\":\"WebSite\",\"@id\":\"https:\\\/\\\/helimotor.com\\\/#website\",\"url\":\"https:\\\/\\\/helimotor.com\\\/\",\"name\":\"Helimotor\",\"description\":\"nautical service since 1971\",\"publisher\":{\"@id\":\"https:\\\/\\\/helimotor.com\\\/#organization\"},\"potentialAction\":[{\"@type\":\"SearchAction\",\"target\":{\"@type\":\"EntryPoint\",\"urlTemplate\":\"https:\\\/\\\/helimotor.com\\\/?s={search_term_string}\"},\"query-input\":{\"@type\":\"PropertyValueSpecification\",\"valueRequired\":true,\"valueName\":\"search_term_string\"}}],\"inLanguage\":\"de\"},{\"@type\":\"Organization\",\"@id\":\"https:\\\/\\\/helimotor.com\\\/#organization\",\"name\":\"Helimotor\",\"url\":\"https:\\\/\\\/helimotor.com\\\/\",\"logo\":{\"@type\":\"ImageObject\",\"inLanguage\":\"de\",\"@id\":\"https:\\\/\\\/helimotor.com\\\/#\\\/schema\\\/logo\\\/image\\\/\",\"url\":\"https:\\\/\\\/helimotor.com\\\/wp-content\\\/uploads\\\/2025\\\/03\\\/cropped-Recurso-5@900x.png\",\"contentUrl\":\"https:\\\/\\\/helimotor.com\\\/wp-content\\\/uploads\\\/2025\\\/03\\\/cropped-Recurso-5@900x.png\",\"width\":2263,\"height\":537,\"caption\":\"Helimotor\"},\"image\":{\"@id\":\"https:\\\/\\\/helimotor.com\\\/#\\\/schema\\\/logo\\\/image\\\/\"}}]}<\/script>\n<!-- \/ Yoast SEO plugin. -->","yoast_head_json":{"title":"Sacs Strider 13 - Helimotor","description":"SACS Strider 13.4 is a luxury high-performance RIB offering speed, stability, and premium comfort, ideal for day cruising and coastal navigation.","robots":{"index":"index","follow":"follow","max-snippet":"max-snippet:-1","max-image-preview":"max-image-preview:large","max-video-preview":"max-video-preview:-1"},"canonical":"https:\/\/helimotor.com\/de\/producto\/sacs-13\/","og_locale":"de_DE","og_type":"article","og_title":"Sacs Strider 13 - Helimotor","og_description":"SACS Strider 13.4 is a luxury high-performance RIB offering speed, stability, and premium comfort, ideal for day cruising and coastal navigation.","og_url":"https:\/\/helimotor.com\/de\/producto\/sacs-13\/","og_site_name":"Helimotor","article_modified_time":"2026-04-21T15:36:13+00:00","og_image":[{"width":1600,"height":1200,"url":"https:\/\/helimotor.com\/wp-content\/uploads\/2025\/08\/WhatsApp-Image-2025-12-04-at-13.34.48-2.jpeg","type":"image\/jpeg"}],"twitter_card":"summary_large_image","twitter_misc":{"Gesch\u00e4tzte Lesezeit":"1\u00a0Minute"},"schema":{"@context":"https:\/\/schema.org","@graph":[{"@type":"WebPage","@id":"https:\/\/helimotor.com\/producto\/sacs-13\/","url":"https:\/\/helimotor.com\/producto\/sacs-13\/","name":"Sacs Strider 13 - Helimotor","isPartOf":{"@id":"https:\/\/helimotor.com\/#website"},"primaryImageOfPage":{"@id":"https:\/\/helimotor.com\/producto\/sacs-13\/#primaryimage"},"image":{"@id":"https:\/\/helimotor.com\/producto\/sacs-13\/#primaryimage"},"thumbnailUrl":"https:\/\/helimotor.com\/wp-content\/uploads\/2025\/08\/WhatsApp-Image-2025-12-04-at-13.34.48-2.jpeg","datePublished":"2025-08-07T07:34:11+00:00","dateModified":"2026-04-21T15:36:13+00:00","description":"SACS Strider 13.4 is a luxury high-performance RIB offering speed, stability, and premium comfort, ideal for day cruising and coastal navigation.","breadcrumb":{"@id":"https:\/\/helimotor.com\/producto\/sacs-13\/#breadcrumb"},"inLanguage":"de","potentialAction":[{"@type":"ReadAction","target":["https:\/\/helimotor.com\/producto\/sacs-13\/"]}]},{"@type":"ImageObject","inLanguage":"de","@id":"https:\/\/helimotor.com\/producto\/sacs-13\/#primaryimage","url":"https:\/\/helimotor.com\/wp-content\/uploads\/2025\/08\/WhatsApp-Image-2025-12-04-at-13.34.48-2.jpeg","contentUrl":"https:\/\/helimotor.com\/wp-content\/uploads\/2025\/08\/WhatsApp-Image-2025-12-04-at-13.34.48-2.jpeg","width":1600,"height":1200},{"@type":"BreadcrumbList","@id":"https:\/\/helimotor.com\/producto\/sacs-13\/#breadcrumb","itemListElement":[{"@type":"ListItem","position":1,"name":"Portada","item":"https:\/\/helimotor.com\/"},{"@type":"ListItem","position":2,"name":"Tienda","item":"https:\/\/helimotor.com\/?page_id=526"},{"@type":"ListItem","position":3,"name":"Sacs Strider 13"}]},{"@type":"WebSite","@id":"https:\/\/helimotor.com\/#website","url":"https:\/\/helimotor.com\/","name":"Helimotor","description":"Nautischer Dienst seit 1971","publisher":{"@id":"https:\/\/helimotor.com\/#organization"},"potentialAction":[{"@type":"SearchAction","target":{"@type":"EntryPoint","urlTemplate":"https:\/\/helimotor.com\/?s={search_term_string}"},"query-input":{"@type":"PropertyValueSpecification","valueRequired":true,"valueName":"search_term_string"}}],"inLanguage":"de"},{"@type":"Organization","@id":"https:\/\/helimotor.com\/#organization","name":"Helimotor","url":"https:\/\/helimotor.com\/","logo":{"@type":"ImageObject","inLanguage":"de","@id":"https:\/\/helimotor.com\/#\/schema\/logo\/image\/","url":"https:\/\/helimotor.com\/wp-content\/uploads\/2025\/03\/cropped-Recurso-5@900x.png","contentUrl":"https:\/\/helimotor.com\/wp-content\/uploads\/2025\/03\/cropped-Recurso-5@900x.png","width":2263,"height":537,"caption":"Helimotor"},"image":{"@id":"https:\/\/helimotor.com\/#\/schema\/logo\/image\/"}}]}},"_links":{"self":[{"href":"https:\/\/helimotor.com\/de\/wp-json\/wp\/v2\/product\/1784","targetHints":{"allow":["GET"]}}],"collection":[{"href":"https:\/\/helimotor.com\/de\/wp-json\/wp\/v2\/product"}],"about":[{"href":"https:\/\/helimotor.com\/de\/wp-json\/wp\/v2\/types\/product"}],"replies":[{"embeddable":true,"href":"https:\/\/helimotor.com\/de\/wp-json\/wp\/v2\/comments?post=1784"}],"wp:featuredmedia":[{"embeddable":true,"href":"https:\/\/helimotor.com\/de\/wp-json\/wp\/v2\/media\/2746"}],"wp:attachment":[{"href":"https:\/\/helimotor.com\/de\/wp-json\/wp\/v2\/media?parent=1784"}],"wp:term":[{"taxonomy":"product_brand","embeddable":true,"href":"https:\/\/helimotor.com\/de\/wp-json\/wp\/v2\/product_brand?post=1784"},{"taxonomy":"product_cat","embeddable":true,"href":"https:\/\/helimotor.com\/de\/wp-json\/wp\/v2\/product_cat?post=1784"},{"taxonomy":"product_tag","embeddable":true,"href":"https:\/\/helimotor.com\/de\/wp-json\/wp\/v2\/product_tag?post=1784"}],"curies":[{"name":"wp","href":"https:\/\/api.w.org\/{rel}","templated":true}]}}