{"id":1858,"date":"2025-08-07T08:54:55","date_gmt":"2025-08-07T08:54:55","guid":{"rendered":"https:\/\/helimotor.com\/?post_type=product&#038;p=1858"},"modified":"2026-02-10T10:41:03","modified_gmt":"2026-02-10T10:41:03","slug":"pirelli-35","status":"publish","type":"product","link":"https:\/\/helimotor.com\/de\/producto\/pirelli-35\/","title":{"rendered":"Pirelli Speedboats 35"},"content":{"rendered":"<p>NEW\u00a0<strong>PIRELLI 35<\/strong>\u00a0VERF\u00dcGBAR\u00a0<strong>2024<\/strong>\u00a0MIT\u00a0<strong>JOYSTICK<\/strong>\u00a02X300HP MERCURY FB V8 &#8211; Fully equipped and cabined<\/p>\n<p>Die\u00a0<strong>neue Pirelli 35<\/strong>\u00a0verbindet modernes italienisches Design mit Leistung und Komfort. Angetrieben von\u00a0<strong>zwei Mercury FB V8 300HP Motoren<\/strong>liefert er eine hervorragende Leistung auf dem Wasser. Sein\u00a0<strong>geschlossene Kabine<\/strong>\u00a0macht es ideal f\u00fcr komfortable \u00dcbernachtungen oder Wochenendausfl\u00fcge. Das integrierte\u00a0<strong>Joystick-Steuersystem<\/strong>\u00a0erm\u00f6glicht m\u00fcheloses und pr\u00e4zises Man\u00f6vrieren, selbst auf engem Raum.<\/p>\n<p><strong>Vollst\u00e4ndig ausgestattet<\/strong>Diese Einheit zeichnet sich durch erstklassige Oberfl\u00e4chen und High-End-Funktionen aus - perfekt f\u00fcr alle, die in ihrem n\u00e4chsten Boot Stil, Sicherheit und erstklassige Technologie suchen.<\/p>","protected":false},"excerpt":{"rendered":"<p data-start=\"110\" data-end=\"203\"><strong data-start=\"110\" data-end=\"120\">Marke:<\/strong> Pirelli Speedboats<br data-start=\"139\" data-end=\"142\" \/><strong data-start=\"142\" data-end=\"152\">Modell:<\/strong> P35<br data-start=\"156\" data-end=\"159\" \/><strong data-start=\"159\" data-end=\"173\">Referenz:<\/strong> Pirelli_35<br data-start=\"184\" data-end=\"187\" data-is-only-node=\"\" \/><strong data-start=\"187\" data-end=\"196\">Year:<\/strong> 2026<\/p>\n<p data-start=\"205\" data-end=\"245\"><strong data-start=\"205\" data-end=\"216\">Length:<\/strong> 11.10 m<br data-start=\"224\" data-end=\"227\" \/><strong data-start=\"227\" data-end=\"236\">Beam:<\/strong> 3.80 m<\/p>\n<p data-start=\"247\" data-end=\"354\"><strong data-start=\"247\" data-end=\"258\">Motor:<\/strong> Mercury FB V8 \u2013 300 HP<br data-start=\"281\" data-end=\"284\" \/><strong data-start=\"284\" data-end=\"302\">Hull Material:<\/strong> Fiberglass<br data-start=\"313\" data-end=\"316\" \/><strong data-start=\"316\" data-end=\"335\">Tubes Material:<\/strong> Hypalon\u2013Neoprene<\/p>\n<p data-start=\"356\" data-end=\"406\"><strong data-start=\"356\" data-end=\"369\">Location:<\/strong> Barcelona<br data-start=\"379\" data-end=\"382\" \/><strong data-start=\"382\" data-end=\"394\">Seehafen:<\/strong> Barcelona<\/p>","protected":false},"featured_media":1859,"comment_status":"open","ping_status":"closed","template":"","meta":[],"product_brand":[34],"product_cat":[24],"product_tag":[31],"class_list":{"0":"post-1858","1":"product","2":"type-product","3":"status-publish","4":"has-post-thumbnail","6":"product_brand-pirelli-speedboats","7":"product_cat-new-boats","8":"product_tag-taxes-excluded","10":"first","11":"instock","12":"shipping-taxable","13":"purchasable","14":"product-type-simple"},"yoast_head":"<!-- This site is optimized with the Yoast SEO plugin v27.4 - https:\/\/yoast.com\/product\/yoast-seo-wordpress\/ -->\n<title>Pirelli Speedboats 35 - Helimotor<\/title>\n<meta name=\"description\" content=\"Pirelli 35 is a luxury high-performance RIB combining Italian design, comfort, and excellent seaworthiness for premium day cruising.\" \/>\n<meta name=\"robots\" content=\"index, follow, max-snippet:-1, max-image-preview:large, max-video-preview:-1\" \/>\n<link rel=\"canonical\" href=\"https:\/\/helimotor.com\/de\/producto\/pirelli-35\/\" \/>\n<meta property=\"og:locale\" content=\"de_DE\" \/>\n<meta property=\"og:type\" content=\"article\" \/>\n<meta property=\"og:title\" content=\"Pirelli Speedboats 35 - Helimotor\" \/>\n<meta property=\"og:description\" content=\"Pirelli 35 is a luxury high-performance RIB combining Italian design, comfort, and excellent seaworthiness for premium day cruising.\" \/>\n<meta property=\"og:url\" content=\"https:\/\/helimotor.com\/de\/producto\/pirelli-35\/\" \/>\n<meta property=\"og:site_name\" content=\"Helimotor\" \/>\n<meta property=\"article:modified_time\" content=\"2026-02-10T10:41:03+00:00\" \/>\n<meta property=\"og:image\" content=\"https:\/\/helimotor.com\/wp-content\/uploads\/2025\/08\/2024-pirelli-35-power-9307096-20250620085741491-1.webp\" \/>\n\t<meta property=\"og:image:width\" content=\"1028\" \/>\n\t<meta property=\"og:image:height\" content=\"685\" \/>\n\t<meta property=\"og:image:type\" content=\"image\/webp\" \/>\n<meta name=\"twitter:card\" content=\"summary_large_image\" \/>\n<meta name=\"twitter:label1\" content=\"Gesch\u00e4tzte Lesezeit\" \/>\n\t<meta name=\"twitter:data1\" content=\"1\u00a0Minute\" \/>\n<script type=\"application\/ld+json\" class=\"yoast-schema-graph\">{\"@context\":\"https:\\\/\\\/schema.org\",\"@graph\":[{\"@type\":\"WebPage\",\"@id\":\"https:\\\/\\\/helimotor.com\\\/producto\\\/pirelli-35\\\/\",\"url\":\"https:\\\/\\\/helimotor.com\\\/producto\\\/pirelli-35\\\/\",\"name\":\"Pirelli Speedboats 35 - Helimotor\",\"isPartOf\":{\"@id\":\"https:\\\/\\\/helimotor.com\\\/#website\"},\"primaryImageOfPage\":{\"@id\":\"https:\\\/\\\/helimotor.com\\\/producto\\\/pirelli-35\\\/#primaryimage\"},\"image\":{\"@id\":\"https:\\\/\\\/helimotor.com\\\/producto\\\/pirelli-35\\\/#primaryimage\"},\"thumbnailUrl\":\"https:\\\/\\\/helimotor.com\\\/wp-content\\\/uploads\\\/2025\\\/08\\\/2024-pirelli-35-power-9307096-20250620085741491-1.webp\",\"datePublished\":\"2025-08-07T08:54:55+00:00\",\"dateModified\":\"2026-02-10T10:41:03+00:00\",\"description\":\"Pirelli 35 is a luxury high-performance RIB combining Italian design, comfort, and excellent seaworthiness for premium day cruising.\",\"breadcrumb\":{\"@id\":\"https:\\\/\\\/helimotor.com\\\/producto\\\/pirelli-35\\\/#breadcrumb\"},\"inLanguage\":\"de\",\"potentialAction\":[{\"@type\":\"ReadAction\",\"target\":[\"https:\\\/\\\/helimotor.com\\\/producto\\\/pirelli-35\\\/\"]}]},{\"@type\":\"ImageObject\",\"inLanguage\":\"de\",\"@id\":\"https:\\\/\\\/helimotor.com\\\/producto\\\/pirelli-35\\\/#primaryimage\",\"url\":\"https:\\\/\\\/helimotor.com\\\/wp-content\\\/uploads\\\/2025\\\/08\\\/2024-pirelli-35-power-9307096-20250620085741491-1.webp\",\"contentUrl\":\"https:\\\/\\\/helimotor.com\\\/wp-content\\\/uploads\\\/2025\\\/08\\\/2024-pirelli-35-power-9307096-20250620085741491-1.webp\",\"width\":1028,\"height\":685},{\"@type\":\"BreadcrumbList\",\"@id\":\"https:\\\/\\\/helimotor.com\\\/producto\\\/pirelli-35\\\/#breadcrumb\",\"itemListElement\":[{\"@type\":\"ListItem\",\"position\":1,\"name\":\"Portada\",\"item\":\"https:\\\/\\\/helimotor.com\\\/\"},{\"@type\":\"ListItem\",\"position\":2,\"name\":\"Tienda\",\"item\":\"https:\\\/\\\/helimotor.com\\\/?page_id=526\"},{\"@type\":\"ListItem\",\"position\":3,\"name\":\"Pirelli Speedboats 35\"}]},{\"@type\":\"WebSite\",\"@id\":\"https:\\\/\\\/helimotor.com\\\/#website\",\"url\":\"https:\\\/\\\/helimotor.com\\\/\",\"name\":\"Helimotor\",\"description\":\"nautical service since 1971\",\"publisher\":{\"@id\":\"https:\\\/\\\/helimotor.com\\\/#organization\"},\"potentialAction\":[{\"@type\":\"SearchAction\",\"target\":{\"@type\":\"EntryPoint\",\"urlTemplate\":\"https:\\\/\\\/helimotor.com\\\/?s={search_term_string}\"},\"query-input\":{\"@type\":\"PropertyValueSpecification\",\"valueRequired\":true,\"valueName\":\"search_term_string\"}}],\"inLanguage\":\"de\"},{\"@type\":\"Organization\",\"@id\":\"https:\\\/\\\/helimotor.com\\\/#organization\",\"name\":\"Helimotor\",\"url\":\"https:\\\/\\\/helimotor.com\\\/\",\"logo\":{\"@type\":\"ImageObject\",\"inLanguage\":\"de\",\"@id\":\"https:\\\/\\\/helimotor.com\\\/#\\\/schema\\\/logo\\\/image\\\/\",\"url\":\"https:\\\/\\\/helimotor.com\\\/wp-content\\\/uploads\\\/2025\\\/03\\\/cropped-Recurso-5@900x.png\",\"contentUrl\":\"https:\\\/\\\/helimotor.com\\\/wp-content\\\/uploads\\\/2025\\\/03\\\/cropped-Recurso-5@900x.png\",\"width\":2263,\"height\":537,\"caption\":\"Helimotor\"},\"image\":{\"@id\":\"https:\\\/\\\/helimotor.com\\\/#\\\/schema\\\/logo\\\/image\\\/\"}}]}<\/script>\n<!-- \/ Yoast SEO plugin. -->","yoast_head_json":{"title":"Pirelli Speedboats 35 - Helimotor","description":"Pirelli 35 is a luxury high-performance RIB combining Italian design, comfort, and excellent seaworthiness for premium day cruising.","robots":{"index":"index","follow":"follow","max-snippet":"max-snippet:-1","max-image-preview":"max-image-preview:large","max-video-preview":"max-video-preview:-1"},"canonical":"https:\/\/helimotor.com\/de\/producto\/pirelli-35\/","og_locale":"de_DE","og_type":"article","og_title":"Pirelli Speedboats 35 - Helimotor","og_description":"Pirelli 35 is a luxury high-performance RIB combining Italian design, comfort, and excellent seaworthiness for premium day cruising.","og_url":"https:\/\/helimotor.com\/de\/producto\/pirelli-35\/","og_site_name":"Helimotor","article_modified_time":"2026-02-10T10:41:03+00:00","og_image":[{"width":1028,"height":685,"url":"https:\/\/helimotor.com\/wp-content\/uploads\/2025\/08\/2024-pirelli-35-power-9307096-20250620085741491-1.webp","type":"image\/webp"}],"twitter_card":"summary_large_image","twitter_misc":{"Gesch\u00e4tzte Lesezeit":"1\u00a0Minute"},"schema":{"@context":"https:\/\/schema.org","@graph":[{"@type":"WebPage","@id":"https:\/\/helimotor.com\/producto\/pirelli-35\/","url":"https:\/\/helimotor.com\/producto\/pirelli-35\/","name":"Pirelli Speedboats 35 - Helimotor","isPartOf":{"@id":"https:\/\/helimotor.com\/#website"},"primaryImageOfPage":{"@id":"https:\/\/helimotor.com\/producto\/pirelli-35\/#primaryimage"},"image":{"@id":"https:\/\/helimotor.com\/producto\/pirelli-35\/#primaryimage"},"thumbnailUrl":"https:\/\/helimotor.com\/wp-content\/uploads\/2025\/08\/2024-pirelli-35-power-9307096-20250620085741491-1.webp","datePublished":"2025-08-07T08:54:55+00:00","dateModified":"2026-02-10T10:41:03+00:00","description":"Pirelli 35 is a luxury high-performance RIB combining Italian design, comfort, and excellent seaworthiness for premium day cruising.","breadcrumb":{"@id":"https:\/\/helimotor.com\/producto\/pirelli-35\/#breadcrumb"},"inLanguage":"de","potentialAction":[{"@type":"ReadAction","target":["https:\/\/helimotor.com\/producto\/pirelli-35\/"]}]},{"@type":"ImageObject","inLanguage":"de","@id":"https:\/\/helimotor.com\/producto\/pirelli-35\/#primaryimage","url":"https:\/\/helimotor.com\/wp-content\/uploads\/2025\/08\/2024-pirelli-35-power-9307096-20250620085741491-1.webp","contentUrl":"https:\/\/helimotor.com\/wp-content\/uploads\/2025\/08\/2024-pirelli-35-power-9307096-20250620085741491-1.webp","width":1028,"height":685},{"@type":"BreadcrumbList","@id":"https:\/\/helimotor.com\/producto\/pirelli-35\/#breadcrumb","itemListElement":[{"@type":"ListItem","position":1,"name":"Portada","item":"https:\/\/helimotor.com\/"},{"@type":"ListItem","position":2,"name":"Tienda","item":"https:\/\/helimotor.com\/?page_id=526"},{"@type":"ListItem","position":3,"name":"Pirelli Speedboats 35"}]},{"@type":"WebSite","@id":"https:\/\/helimotor.com\/#website","url":"https:\/\/helimotor.com\/","name":"Helimotor","description":"Nautischer Dienst seit 1971","publisher":{"@id":"https:\/\/helimotor.com\/#organization"},"potentialAction":[{"@type":"SearchAction","target":{"@type":"EntryPoint","urlTemplate":"https:\/\/helimotor.com\/?s={search_term_string}"},"query-input":{"@type":"PropertyValueSpecification","valueRequired":true,"valueName":"search_term_string"}}],"inLanguage":"de"},{"@type":"Organization","@id":"https:\/\/helimotor.com\/#organization","name":"Helimotor","url":"https:\/\/helimotor.com\/","logo":{"@type":"ImageObject","inLanguage":"de","@id":"https:\/\/helimotor.com\/#\/schema\/logo\/image\/","url":"https:\/\/helimotor.com\/wp-content\/uploads\/2025\/03\/cropped-Recurso-5@900x.png","contentUrl":"https:\/\/helimotor.com\/wp-content\/uploads\/2025\/03\/cropped-Recurso-5@900x.png","width":2263,"height":537,"caption":"Helimotor"},"image":{"@id":"https:\/\/helimotor.com\/#\/schema\/logo\/image\/"}}]}},"_links":{"self":[{"href":"https:\/\/helimotor.com\/de\/wp-json\/wp\/v2\/product\/1858","targetHints":{"allow":["GET"]}}],"collection":[{"href":"https:\/\/helimotor.com\/de\/wp-json\/wp\/v2\/product"}],"about":[{"href":"https:\/\/helimotor.com\/de\/wp-json\/wp\/v2\/types\/product"}],"replies":[{"embeddable":true,"href":"https:\/\/helimotor.com\/de\/wp-json\/wp\/v2\/comments?post=1858"}],"wp:featuredmedia":[{"embeddable":true,"href":"https:\/\/helimotor.com\/de\/wp-json\/wp\/v2\/media\/1859"}],"wp:attachment":[{"href":"https:\/\/helimotor.com\/de\/wp-json\/wp\/v2\/media?parent=1858"}],"wp:term":[{"taxonomy":"product_brand","embeddable":true,"href":"https:\/\/helimotor.com\/de\/wp-json\/wp\/v2\/product_brand?post=1858"},{"taxonomy":"product_cat","embeddable":true,"href":"https:\/\/helimotor.com\/de\/wp-json\/wp\/v2\/product_cat?post=1858"},{"taxonomy":"product_tag","embeddable":true,"href":"https:\/\/helimotor.com\/de\/wp-json\/wp\/v2\/product_tag?post=1858"}],"curies":[{"name":"wp","href":"https:\/\/api.w.org\/{rel}","templated":true}]}}