{"id":1743,"date":"2025-07-03T10:46:59","date_gmt":"2025-07-03T10:46:59","guid":{"rendered":"https:\/\/helimotor.com\/?page_id=1743"},"modified":"2025-07-03T10:48:35","modified_gmt":"2025-07-03T10:48:35","slug":"politica-de-privacidad","status":"publish","type":"page","link":"https:\/\/helimotor.com\/fr\/politica-de-privacidad\/","title":{"rendered":"Politique de confidentialit\u00e9"},"content":{"rendered":"<div data-elementor-type=\"wp-page\" data-elementor-id=\"1743\" class=\"elementor elementor-1743\" data-elementor-post-type=\"page\">\n\t\t\t\t<div class=\"elementor-element elementor-element-00cab27 e-flex e-con-boxed e-con e-parent\" data-id=\"00cab27\" data-element_type=\"container\" data-e-type=\"container\">\n\t\t\t\t\t<div class=\"e-con-inner\">\n\t\t\t\t<div class=\"elementor-element elementor-element-65b9687 elementor-widget elementor-widget-heading\" data-id=\"65b9687\" data-element_type=\"widget\" data-e-type=\"widget\" data-widget_type=\"heading.default\">\n\t\t\t\t<div class=\"elementor-widget-container\">\n\t\t\t\t\t<h2 class=\"elementor-heading-title elementor-size-default\">Politique de confidentialit\u00e9<\/h2>\t\t\t\t<\/div>\n\t\t\t\t<\/div>\n\t\t\t\t<div class=\"elementor-element elementor-element-147018a elementor-widget elementor-widget-text-editor\" data-id=\"147018a\" data-element_type=\"widget\" data-e-type=\"widget\" data-widget_type=\"text-editor.default\">\n\t\t\t\t<div class=\"elementor-widget-container\">\n\t\t\t\t\t\t\t\t\t<p data-start=\"161\" data-end=\"509\">En cumplimiento con lo dispuesto en el Reglamento (UE) 2016\/679 del Parlamento Europeo y del Consejo de 27 de abril de 2016 (RGPD), y la Ley Org\u00e1nica 3\/2018, de 5 de diciembre, de Protecci\u00f3n de Datos Personales y garant\u00eda de los derechos digitales (LOPDGDD), informamos a los usuarios de este sitio web sobre el tratamiento de sus datos personales.<\/p><h3 data-start=\"511\" data-end=\"545\">1. Responsable du traitement<\/h3><p data-start=\"547\" data-end=\"676\"><strong data-start=\"547\" data-end=\"563\">Responsable :<\/strong> HELIMOTOR S.A.<br data-start=\"578\" data-end=\"581\" \/><strong data-start=\"581\" data-end=\"589\">CIF :<\/strong> A17017377<br data-start=\"599\" data-end=\"602\" \/><strong data-start=\"602\" data-end=\"623\">Domicilio social :<\/strong> Carrer Mas Falg\u00e0s, 44 - 17180 Vilablareix (Girona)<\/p><p data-start=\"678\" data-end=\"766\">Vous pouvez nous contacter par le biais du formulaire de contact disponible sur ce site.<\/p><h3 data-start=\"768\" data-end=\"800\">2. Finalit\u00e9 du traitement<\/h3><p data-start=\"802\" data-end=\"904\">Les donn\u00e9es personnelles que nous recueillons par l'interm\u00e9diaire du site web sont trait\u00e9es avec les finalit\u00e9s suivantes :<\/p><ul data-start=\"906\" data-end=\"1239\"><li data-start=\"906\" data-end=\"987\"><p data-start=\"908\" data-end=\"987\">R\u00e9pondre aux consultations et aux sollicitations effectu\u00e9es par le biais du formulaire de contact.<\/p><\/li><li data-start=\"988\" data-end=\"1116\"><p data-start=\"990\" data-end=\"1116\">Envoyer des informations commerciales sur nos produits et services, \u00e0 condition que l'utilisateur ait donn\u00e9 son consentement explicite.<\/p><\/li><li data-start=\"1117\" data-end=\"1190\"><p data-start=\"1119\" data-end=\"1190\">Am\u00e9liorer l'exp\u00e9rience de navigation et le fonctionnement du site web.<\/p><\/li><li data-start=\"1191\" data-end=\"1239\"><p data-start=\"1193\" data-end=\"1239\">Respecter les obligations l\u00e9gales en vigueur.<\/p><\/li><\/ul><h3 data-start=\"1241\" data-end=\"1281\">3. Base juridique pour le traitement<\/h3><p data-start=\"1283\" data-end=\"1338\">Les bases l\u00e9gales pour le traitement de vos donn\u00e9es sont les suivantes :<\/p><ul data-start=\"1340\" data-end=\"1538\"><li data-start=\"1340\" data-end=\"1418\"><p data-start=\"1342\" data-end=\"1418\">Le consentement donn\u00e9 par l'utilisateur pour faciliter l'acc\u00e8s \u00e0 ses donn\u00e9es personnelles.<\/p><\/li><li data-start=\"1419\" data-end=\"1495\"><p data-start=\"1421\" data-end=\"1495\">L'ex\u00e9cution d'un contrat ou la pr\u00e9contratation de produits ou de services.<\/p><\/li><li data-start=\"1496\" data-end=\"1538\"><p data-start=\"1498\" data-end=\"1538\">El cumplimiento de obligaciones legales.<\/p><\/li><\/ul><h3 data-start=\"1540\" data-end=\"1572\">4. Conservation des donn\u00e9es<\/h3><p data-start=\"1574\" data-end=\"1811\">Les donn\u00e9es personnelles sont conserv\u00e9es pendant la dur\u00e9e n\u00e9cessaire pour atteindre les objectifs fix\u00e9s, ainsi que pour d\u00e9terminer les responsabilit\u00e9s juridiques en cas de besoin, dans le respect des d\u00e9lais fix\u00e9s par la l\u00e9gislation en vigueur.<\/p><h3 data-start=\"1813\" data-end=\"1852\">5. Communication de donn\u00e9es aux tiers<\/h3><p data-start=\"1854\" data-end=\"2050\">Les donn\u00e9es ne sont pas c\u00e9d\u00e9es \u00e0 des tiers en l'absence d'obligation l\u00e9gale ou dans les cas strictement n\u00e9cessaires \u00e0 la prestation des services demand\u00e9s, comme les fournisseurs de services techniques ou les services d'h\u00e9bergement.<\/p><h3 data-start=\"2052\" data-end=\"2083\">6. Droits des utilisateurs<\/h3><p data-start=\"2085\" data-end=\"2308\">Les utilisateurs peuvent exercer \u00e0 tout moment leurs droits d'acc\u00e8s, de rectification, de suppression, d'opposition, de limitation du traitement et de portabilit\u00e9, en envoyant une demande par le biais du formulaire de contact de ce site web.<\/p><p data-start=\"2310\" data-end=\"2468\">Si vous consid\u00e9rez que vos droits n'ont pas \u00e9t\u00e9 respect\u00e9s, vous avez le droit de pr\u00e9senter une r\u00e9clamation \u00e0 l'Agence espagnole de protection des donn\u00e9es (<a class=\"\" href=\"http:\/\/www.aepd.es\" target=\"_new\" rel=\"noopener\" data-start=\"2455\" data-end=\"2466\">www.aepd.es<\/a>).<\/p><h3 data-start=\"2470\" data-end=\"2497\">7. Mesures de s\u00e9curit\u00e9<\/h3><p data-start=\"2499\" data-end=\"2681\">HELIMOTOR S.A. a mis en place les mesures techniques et organisationnelles n\u00e9cessaires pour prot\u00e9ger les donn\u00e9es personnelles et \u00e9viter qu'elles ne soient modifi\u00e9es, perdues, trait\u00e9es ou accessibles sans autorisation.<\/p><h3 data-start=\"2683\" data-end=\"2697\">8. Cookies<\/h3><p data-start=\"2699\" data-end=\"2887\">Ce site web utilise des cookies propres et de tiers \u00e0 des fins techniques, analytiques et pour am\u00e9liorer l'exp\u00e9rience de l'utilisateur. Pour plus d'informations, veuillez consulter notre site web. <strong data-start=\"2863\" data-end=\"2886\">Politique en mati\u00e8re de cookies<\/strong>.<\/p>\t\t\t\t\t\t\t\t<\/div>\n\t\t\t\t<\/div>\n\t\t\t\t\t<\/div>\n\t\t\t\t<\/div>\n\t\t\t\t<\/div>","protected":false},"excerpt":{"rendered":"<p>Pol\u00edtica de privacidad En cumplimiento con lo dispuesto en el Reglamento (UE) 2016\/679 del Parlamento Europeo y del Consejo de 27 de abril de 2016 (RGPD), y la Ley Org\u00e1nica 3\/2018, de 5 de diciembre, de Protecci\u00f3n de Datos Personales y garant\u00eda de los derechos digitales (LOPDGDD), informamos a los usuarios de este sitio web [&hellip;]<\/p>\n","protected":false},"author":2,"featured_media":0,"parent":0,"menu_order":0,"comment_status":"closed","ping_status":"closed","template":"elementor_header_footer","meta":{"footnotes":""},"class_list":["post-1743","page","type-page","status-publish","hentry"],"yoast_head":"<!-- This site is optimized with the Yoast SEO plugin v27.4 - https:\/\/yoast.com\/product\/yoast-seo-wordpress\/ -->\n<title>Pol\u00edtica de privacidad - Helimotor<\/title>\n<meta name=\"robots\" content=\"index, follow, max-snippet:-1, max-image-preview:large, max-video-preview:-1\" \/>\n<link rel=\"canonical\" href=\"https:\/\/helimotor.com\/fr\/politica-de-privacidad\/\" \/>\n<meta property=\"og:locale\" content=\"fr_FR\" \/>\n<meta property=\"og:type\" content=\"article\" \/>\n<meta property=\"og:title\" content=\"Pol\u00edtica de privacidad - Helimotor\" \/>\n<meta property=\"og:description\" content=\"Pol\u00edtica de privacidad En cumplimiento con lo dispuesto en el Reglamento (UE) 2016\/679 del Parlamento Europeo y del Consejo de 27 de abril de 2016 (RGPD), y la Ley Org\u00e1nica 3\/2018, de 5 de diciembre, de Protecci\u00f3n de Datos Personales y garant\u00eda de los derechos digitales (LOPDGDD), informamos a los usuarios de este sitio web [&hellip;]\" \/>\n<meta property=\"og:url\" content=\"https:\/\/helimotor.com\/fr\/politica-de-privacidad\/\" \/>\n<meta property=\"og:site_name\" content=\"Helimotor\" \/>\n<meta property=\"article:modified_time\" content=\"2025-07-03T10:48:35+00:00\" \/>\n<meta name=\"twitter:card\" content=\"summary_large_image\" \/>\n<meta name=\"twitter:label1\" content=\"Dur\u00e9e de lecture estim\u00e9e\" \/>\n\t<meta name=\"twitter:data1\" content=\"2 minutes\" \/>\n<script type=\"application\/ld+json\" class=\"yoast-schema-graph\">{\"@context\":\"https:\\\/\\\/schema.org\",\"@graph\":[{\"@type\":\"WebPage\",\"@id\":\"https:\\\/\\\/helimotor.com\\\/politica-de-privacidad\\\/\",\"url\":\"https:\\\/\\\/helimotor.com\\\/politica-de-privacidad\\\/\",\"name\":\"Pol\u00edtica de privacidad - Helimotor\",\"isPartOf\":{\"@id\":\"https:\\\/\\\/helimotor.com\\\/#website\"},\"datePublished\":\"2025-07-03T10:46:59+00:00\",\"dateModified\":\"2025-07-03T10:48:35+00:00\",\"breadcrumb\":{\"@id\":\"https:\\\/\\\/helimotor.com\\\/politica-de-privacidad\\\/#breadcrumb\"},\"inLanguage\":\"fr-FR\",\"potentialAction\":[{\"@type\":\"ReadAction\",\"target\":[\"https:\\\/\\\/helimotor.com\\\/politica-de-privacidad\\\/\"]}]},{\"@type\":\"BreadcrumbList\",\"@id\":\"https:\\\/\\\/helimotor.com\\\/politica-de-privacidad\\\/#breadcrumb\",\"itemListElement\":[{\"@type\":\"ListItem\",\"position\":1,\"name\":\"Portada\",\"item\":\"https:\\\/\\\/helimotor.com\\\/\"},{\"@type\":\"ListItem\",\"position\":2,\"name\":\"Pol\u00edtica de privacidad\"}]},{\"@type\":\"WebSite\",\"@id\":\"https:\\\/\\\/helimotor.com\\\/#website\",\"url\":\"https:\\\/\\\/helimotor.com\\\/\",\"name\":\"Helimotor\",\"description\":\"nautical service since 1971\",\"publisher\":{\"@id\":\"https:\\\/\\\/helimotor.com\\\/#organization\"},\"potentialAction\":[{\"@type\":\"SearchAction\",\"target\":{\"@type\":\"EntryPoint\",\"urlTemplate\":\"https:\\\/\\\/helimotor.com\\\/?s={search_term_string}\"},\"query-input\":{\"@type\":\"PropertyValueSpecification\",\"valueRequired\":true,\"valueName\":\"search_term_string\"}}],\"inLanguage\":\"fr-FR\"},{\"@type\":\"Organization\",\"@id\":\"https:\\\/\\\/helimotor.com\\\/#organization\",\"name\":\"Helimotor\",\"url\":\"https:\\\/\\\/helimotor.com\\\/\",\"logo\":{\"@type\":\"ImageObject\",\"inLanguage\":\"fr-FR\",\"@id\":\"https:\\\/\\\/helimotor.com\\\/#\\\/schema\\\/logo\\\/image\\\/\",\"url\":\"https:\\\/\\\/helimotor.com\\\/wp-content\\\/uploads\\\/2025\\\/03\\\/cropped-Recurso-5@900x.png\",\"contentUrl\":\"https:\\\/\\\/helimotor.com\\\/wp-content\\\/uploads\\\/2025\\\/03\\\/cropped-Recurso-5@900x.png\",\"width\":2263,\"height\":537,\"caption\":\"Helimotor\"},\"image\":{\"@id\":\"https:\\\/\\\/helimotor.com\\\/#\\\/schema\\\/logo\\\/image\\\/\"}}]}<\/script>\n<!-- \/ Yoast SEO plugin. -->","yoast_head_json":{"title":"Pol\u00edtica de privacidad - Helimotor","robots":{"index":"index","follow":"follow","max-snippet":"max-snippet:-1","max-image-preview":"max-image-preview:large","max-video-preview":"max-video-preview:-1"},"canonical":"https:\/\/helimotor.com\/fr\/politica-de-privacidad\/","og_locale":"fr_FR","og_type":"article","og_title":"Pol\u00edtica de privacidad - Helimotor","og_description":"Pol\u00edtica de privacidad En cumplimiento con lo dispuesto en el Reglamento (UE) 2016\/679 del Parlamento Europeo y del Consejo de 27 de abril de 2016 (RGPD), y la Ley Org\u00e1nica 3\/2018, de 5 de diciembre, de Protecci\u00f3n de Datos Personales y garant\u00eda de los derechos digitales (LOPDGDD), informamos a los usuarios de este sitio web [&hellip;]","og_url":"https:\/\/helimotor.com\/fr\/politica-de-privacidad\/","og_site_name":"Helimotor","article_modified_time":"2025-07-03T10:48:35+00:00","twitter_card":"summary_large_image","twitter_misc":{"Dur\u00e9e de lecture estim\u00e9e":"2 minutes"},"schema":{"@context":"https:\/\/schema.org","@graph":[{"@type":"WebPage","@id":"https:\/\/helimotor.com\/politica-de-privacidad\/","url":"https:\/\/helimotor.com\/politica-de-privacidad\/","name":"Pol\u00edtica de privacidad - Helimotor","isPartOf":{"@id":"https:\/\/helimotor.com\/#website"},"datePublished":"2025-07-03T10:46:59+00:00","dateModified":"2025-07-03T10:48:35+00:00","breadcrumb":{"@id":"https:\/\/helimotor.com\/politica-de-privacidad\/#breadcrumb"},"inLanguage":"fr-FR","potentialAction":[{"@type":"ReadAction","target":["https:\/\/helimotor.com\/politica-de-privacidad\/"]}]},{"@type":"BreadcrumbList","@id":"https:\/\/helimotor.com\/politica-de-privacidad\/#breadcrumb","itemListElement":[{"@type":"ListItem","position":1,"name":"Portada","item":"https:\/\/helimotor.com\/"},{"@type":"ListItem","position":2,"name":"Pol\u00edtica de privacidad"}]},{"@type":"WebSite","@id":"https:\/\/helimotor.com\/#website","url":"https:\/\/helimotor.com\/","name":"H\u00e9licopt\u00e8re","description":"service nautique depuis 1971","publisher":{"@id":"https:\/\/helimotor.com\/#organization"},"potentialAction":[{"@type":"SearchAction","target":{"@type":"EntryPoint","urlTemplate":"https:\/\/helimotor.com\/?s={search_term_string}"},"query-input":{"@type":"PropertyValueSpecification","valueRequired":true,"valueName":"search_term_string"}}],"inLanguage":"fr-FR"},{"@type":"Organization","@id":"https:\/\/helimotor.com\/#organization","name":"H\u00e9licopt\u00e8re","url":"https:\/\/helimotor.com\/","logo":{"@type":"ImageObject","inLanguage":"fr-FR","@id":"https:\/\/helimotor.com\/#\/schema\/logo\/image\/","url":"https:\/\/helimotor.com\/wp-content\/uploads\/2025\/03\/cropped-Recurso-5@900x.png","contentUrl":"https:\/\/helimotor.com\/wp-content\/uploads\/2025\/03\/cropped-Recurso-5@900x.png","width":2263,"height":537,"caption":"Helimotor"},"image":{"@id":"https:\/\/helimotor.com\/#\/schema\/logo\/image\/"}}]}},"_links":{"self":[{"href":"https:\/\/helimotor.com\/fr\/wp-json\/wp\/v2\/pages\/1743","targetHints":{"allow":["GET"]}}],"collection":[{"href":"https:\/\/helimotor.com\/fr\/wp-json\/wp\/v2\/pages"}],"about":[{"href":"https:\/\/helimotor.com\/fr\/wp-json\/wp\/v2\/types\/page"}],"author":[{"embeddable":true,"href":"https:\/\/helimotor.com\/fr\/wp-json\/wp\/v2\/users\/2"}],"replies":[{"embeddable":true,"href":"https:\/\/helimotor.com\/fr\/wp-json\/wp\/v2\/comments?post=1743"}],"version-history":[{"count":0,"href":"https:\/\/helimotor.com\/fr\/wp-json\/wp\/v2\/pages\/1743\/revisions"}],"wp:attachment":[{"href":"https:\/\/helimotor.com\/fr\/wp-json\/wp\/v2\/media?parent=1743"}],"curies":[{"name":"wp","href":"https:\/\/api.w.org\/{rel}","templated":true}]}}