{"id":348,"date":"2025-03-23T14:03:15","date_gmt":"2025-03-23T14:03:15","guid":{"rendered":"https:\/\/dev.helimotor.com\/?page_id=348"},"modified":"2026-01-12T13:45:30","modified_gmt":"2026-01-12T13:45:30","slug":"about-us","status":"publish","type":"page","link":"https:\/\/helimotor.com\/fr\/about-us\/","title":{"rendered":"\u00c0 propos de nous"},"content":{"rendered":"<div data-elementor-type=\"wp-page\" data-elementor-id=\"348\" class=\"elementor elementor-348\" data-elementor-post-type=\"page\">\n\t\t\t\t<div class=\"elementor-element elementor-element-1b51721 e-flex e-con-boxed e-con e-parent\" data-id=\"1b51721\" data-element_type=\"container\" data-e-type=\"container\" data-settings=\"{&quot;background_background&quot;:&quot;video&quot;,&quot;background_video_link&quot;:&quot;https:\\\/\\\/dev.helimotor.com\\\/wp-content\\\/uploads\\\/2025\\\/03\\\/Helimotor-services.mp4&quot;,&quot;background_play_on_mobile&quot;:&quot;yes&quot;}\">\n\t\t\t\t\t<div class=\"e-con-inner\">\n\t\t<div class=\"elementor-background-video-container\">\n\t\t\t\t\t\t\t<video class=\"elementor-background-video-hosted\" role=\"presentation\" autoplay muted playsinline loop><\/video>\n\t\t\t\t\t<\/div>\t\t<div class=\"elementor-element elementor-element-02a1b81 elementor-widget elementor-widget-heading\" data-id=\"02a1b81\" data-element_type=\"widget\" data-e-type=\"widget\" data-widget_type=\"heading.default\">\n\t\t\t\t<div class=\"elementor-widget-container\">\n\t\t\t\t\t<h2 class=\"elementor-heading-title elementor-size-default\">54 ANS \u00c0 VOTRE SERVICE<\/h2>\t\t\t\t<\/div>\n\t\t\t\t<\/div>\n\t\t\t\t<div class=\"elementor-element elementor-element-27adb51 elementor-widget elementor-widget-image\" data-id=\"27adb51\" data-element_type=\"widget\" data-e-type=\"widget\" data-widget_type=\"image.default\">\n\t\t\t\t<div class=\"elementor-widget-container\">\n\t\t\t\t\t\t\t\t\t\t\t\t\t\t\t<img fetchpriority=\"high\" decoding=\"async\" width=\"800\" height=\"241\" src=\"https:\/\/helimotor.com\/wp-content\/uploads\/2025\/03\/HELIMOTOR.svg\" class=\"attachment-large size-large wp-image-135\" alt=\"\" \/>\t\t\t\t\t\t\t\t\t\t\t\t\t\t\t<\/div>\n\t\t\t\t<\/div>\n\t\t\t\t<div class=\"elementor-element elementor-element-c016cdd elementor-align-center elementor-widget elementor-widget-lottie\" data-id=\"c016cdd\" data-element_type=\"widget\" data-e-type=\"widget\" data-settings=\"{&quot;source_json&quot;:{&quot;url&quot;:&quot;https:\\\/\\\/dev.helimotor.com\\\/wp-content\\\/uploads\\\/2025\\\/03\\\/Animation-1707814761126.json&quot;,&quot;id&quot;:391,&quot;size&quot;:&quot;&quot;,&quot;alt&quot;:&quot;&quot;,&quot;source&quot;:&quot;library&quot;},&quot;loop&quot;:&quot;yes&quot;,&quot;source&quot;:&quot;media_file&quot;,&quot;caption_source&quot;:&quot;none&quot;,&quot;link_to&quot;:&quot;none&quot;,&quot;trigger&quot;:&quot;arriving_to_viewport&quot;,&quot;viewport&quot;:{&quot;unit&quot;:&quot;%&quot;,&quot;size&quot;:&quot;&quot;,&quot;sizes&quot;:{&quot;start&quot;:0,&quot;end&quot;:100}},&quot;play_speed&quot;:{&quot;unit&quot;:&quot;px&quot;,&quot;size&quot;:1,&quot;sizes&quot;:[]},&quot;start_point&quot;:{&quot;unit&quot;:&quot;%&quot;,&quot;size&quot;:0,&quot;sizes&quot;:[]},&quot;end_point&quot;:{&quot;unit&quot;:&quot;%&quot;,&quot;size&quot;:100,&quot;sizes&quot;:[]},&quot;renderer&quot;:&quot;svg&quot;}\" data-widget_type=\"lottie.default\">\n\t\t\t\t<div class=\"elementor-widget-container\">\n\t\t\t\t\t<div class=\"e-lottie__container\"><div class=\"e-lottie__animation\"><\/div><\/div>\t\t\t\t<\/div>\n\t\t\t\t<\/div>\n\t\t\t\t\t<\/div>\n\t\t\t\t<\/div>\n\t\t<div class=\"elementor-element elementor-element-86b99c0 e-flex e-con-boxed e-con e-parent\" data-id=\"86b99c0\" data-element_type=\"container\" data-e-type=\"container\" data-settings=\"{&quot;background_background&quot;:&quot;classic&quot;}\">\n\t\t\t\t\t<div class=\"e-con-inner\">\n\t\t<div class=\"elementor-element elementor-element-a83f504 e-con-full e-flex e-con e-child\" data-id=\"a83f504\" data-element_type=\"container\" data-e-type=\"container\">\n\t\t\t\t<div class=\"elementor-element elementor-element-23738aa elementor-widget elementor-widget-image\" data-id=\"23738aa\" data-element_type=\"widget\" data-e-type=\"widget\" data-widget_type=\"image.default\">\n\t\t\t\t<div class=\"elementor-widget-container\">\n\t\t\t\t\t\t\t\t\t\t\t\t\t\t\t<img decoding=\"async\" width=\"800\" height=\"600\" src=\"https:\/\/helimotor.com\/wp-content\/uploads\/2025\/03\/2_11072023115547_s15-juny-2023-casco-completo-lateral-estribor-1024x768.jpeg\" class=\"attachment-large size-large wp-image-365\" alt=\"\" srcset=\"https:\/\/helimotor.com\/wp-content\/uploads\/2025\/03\/2_11072023115547_s15-juny-2023-casco-completo-lateral-estribor-1024x768.jpeg 1024w, https:\/\/helimotor.com\/wp-content\/uploads\/2025\/03\/2_11072023115547_s15-juny-2023-casco-completo-lateral-estribor-600x450.jpeg 600w, https:\/\/helimotor.com\/wp-content\/uploads\/2025\/03\/2_11072023115547_s15-juny-2023-casco-completo-lateral-estribor-300x225.jpeg 300w, https:\/\/helimotor.com\/wp-content\/uploads\/2025\/03\/2_11072023115547_s15-juny-2023-casco-completo-lateral-estribor-768x576.jpeg 768w, https:\/\/helimotor.com\/wp-content\/uploads\/2025\/03\/2_11072023115547_s15-juny-2023-casco-completo-lateral-estribor-1536x1152.jpeg 1536w, https:\/\/helimotor.com\/wp-content\/uploads\/2025\/03\/2_11072023115547_s15-juny-2023-casco-completo-lateral-estribor.jpeg 2048w\" sizes=\"(max-width: 800px) 100vw, 800px\" \/>\t\t\t\t\t\t\t\t\t\t\t\t\t\t\t<\/div>\n\t\t\t\t<\/div>\n\t\t\t\t<\/div>\n\t\t<div class=\"elementor-element elementor-element-a6d6fee e-con-full e-flex e-con e-child\" data-id=\"a6d6fee\" data-element_type=\"container\" data-e-type=\"container\">\n\t\t\t\t<div class=\"elementor-element elementor-element-2b90281 elementor-widget elementor-widget-text-editor\" data-id=\"2b90281\" data-element_type=\"widget\" data-e-type=\"widget\" data-widget_type=\"text-editor.default\">\n\t\t\t\t<div class=\"elementor-widget-container\">\n\t\t\t\t\t\t\t\t\t<h5 class=\"\" data-start=\"84\" data-end=\"109\"><strong data-start=\"89\" data-end=\"107\">About us<\/strong><\/h5><p class=\"\" data-start=\"110\" data-end=\"290\">Helimotor est strat\u00e9giquement situ\u00e9 \u00e0 l'entr\u00e9e principale d'Empuriabrava (Castell\u00f3 d'Emp\u00faries, Espagne), le plus grand port de plaisance r\u00e9sidentiel d'Europe, ce qui nous rend facile \u00e0 trouver et \u00e0 acc\u00e9der.<\/p><p class=\"\" data-start=\"292\" data-end=\"575\">Depuis 1971, nous nous effor\u00e7ons de r\u00e9pondre aux besoins de nos clients en nous appuyant sur l'engagement fort et la recherche constante de l'excellence que nous ont inculqu\u00e9s nos fondateurs. Ces valeurs fondamentales ont guid\u00e9 nos actions depuis le tout d\u00e9but et restent au c\u0153ur de notre entreprise aujourd'hui.<\/p><p class=\"\" data-start=\"577\" data-end=\"770\">En tant qu'entreprise nautique pionni\u00e8re dans la r\u00e9gion, nous disposons de plus de 3 000 m\u00e8tres carr\u00e9s d'installations ultramodernes, con\u00e7ues pour la vente, l'entretien et l'entreposage hivernal de bateaux et de moteurs.<\/p>\t\t\t\t\t\t\t\t<\/div>\n\t\t\t\t<\/div>\n\t\t\t\t<\/div>\n\t\t\t\t\t<\/div>\n\t\t\t\t<\/div>\n\t\t<div class=\"elementor-element elementor-element-4603323 e-flex e-con-boxed e-con e-parent\" data-id=\"4603323\" data-element_type=\"container\" data-e-type=\"container\" data-settings=\"{&quot;background_background&quot;:&quot;classic&quot;}\">\n\t\t\t\t\t<div class=\"e-con-inner\">\n\t\t\t\t<div class=\"elementor-element elementor-element-3e1f8b4 elementor-widget elementor-widget-text-editor\" data-id=\"3e1f8b4\" data-element_type=\"widget\" data-e-type=\"widget\" data-widget_type=\"text-editor.default\">\n\t\t\t\t<div class=\"elementor-widget-container\">\n\t\t\t\t\t\t\t\t\t<h5 class=\"\" data-start=\"84\" data-end=\"109\"><strong data-start=\"89\" data-end=\"107\">Nos marques<\/strong><\/h5>\n<p class=\"\" data-start=\"772\" data-end=\"917\">Nous sommes fiers de repr\u00e9senter les plus grandes marques de bateaux et de moteurs, et d'offrir une large gamme de services de haute qualit\u00e9 adapt\u00e9s aux besoins de nos clients.<\/p>\n<p class=\"\" data-start=\"919\" data-end=\"1267\">La grande expertise et la sp\u00e9cialisation de notre \u00e9quipe nous ont valu d'\u00eatre reconnus tant au niveau national qu'international. Avec plus de 40 ans d'exp\u00e9rience, nous nous engageons \u00e0 innover et \u00e0 nous am\u00e9liorer en permanence, en veillant \u00e0 ce que nos installations, nos connaissances et nos services r\u00e9pondent toujours aux normes les plus \u00e9lev\u00e9es. Chez Helimotor, votre satisfaction est notre priorit\u00e9.<\/p>\t\t\t\t\t\t\t\t<\/div>\n\t\t\t\t<\/div>\n\t\t\t\t\t<\/div>\n\t\t\t\t<\/div>\n\t\t<div class=\"elementor-element elementor-element-8e6966e e-flex e-con-boxed e-con e-parent\" data-id=\"8e6966e\" data-element_type=\"container\" data-e-type=\"container\" data-settings=\"{&quot;background_background&quot;:&quot;classic&quot;}\">\n\t\t\t\t\t<div class=\"e-con-inner\">\n\t\t<div class=\"elementor-element elementor-element-920cdbd e-con-full e-flex e-con e-child\" data-id=\"920cdbd\" data-element_type=\"container\" data-e-type=\"container\">\n\t\t<div class=\"elementor-element elementor-element-a8e2d23 e-con-full e-flex e-con e-child\" data-id=\"a8e2d23\" data-element_type=\"container\" data-e-type=\"container\">\n\t\t\t\t<div class=\"elementor-element elementor-element-26ec6e3 elementor-widget elementor-widget-image\" data-id=\"26ec6e3\" data-element_type=\"widget\" data-e-type=\"widget\" data-widget_type=\"image.default\">\n\t\t\t\t<div class=\"elementor-widget-container\">\n\t\t\t\t\t\t\t\t\t\t\t\t\t\t\t<img decoding=\"async\" width=\"800\" height=\"546\" src=\"https:\/\/helimotor.com\/wp-content\/uploads\/2025\/04\/MY_logotipo_Blanco-2-2-1024x699.png\" class=\"attachment-large size-large wp-image-1036\" alt=\"\" srcset=\"https:\/\/helimotor.com\/wp-content\/uploads\/2025\/04\/MY_logotipo_Blanco-2-2-1024x699.png 1024w, https:\/\/helimotor.com\/wp-content\/uploads\/2025\/04\/MY_logotipo_Blanco-2-2-600x409.png 600w, https:\/\/helimotor.com\/wp-content\/uploads\/2025\/04\/MY_logotipo_Blanco-2-2-300x205.png 300w, https:\/\/helimotor.com\/wp-content\/uploads\/2025\/04\/MY_logotipo_Blanco-2-2-768x524.png 768w, https:\/\/helimotor.com\/wp-content\/uploads\/2025\/04\/MY_logotipo_Blanco-2-2.png 1243w\" sizes=\"(max-width: 800px) 100vw, 800px\" \/>\t\t\t\t\t\t\t\t\t\t\t\t\t\t\t<\/div>\n\t\t\t\t<\/div>\n\t\t\t\t<\/div>\n\t\t<div class=\"elementor-element elementor-element-c6c5321 e-con-full e-flex e-con e-child\" data-id=\"c6c5321\" data-element_type=\"container\" data-e-type=\"container\">\n\t\t\t\t<div class=\"elementor-element elementor-element-9dd6b23 elementor-widget elementor-widget-image\" data-id=\"9dd6b23\" data-element_type=\"widget\" data-e-type=\"widget\" data-widget_type=\"image.default\">\n\t\t\t\t<div class=\"elementor-widget-container\">\n\t\t\t\t\t\t\t\t\t\t\t\t\t\t\t<img loading=\"lazy\" decoding=\"async\" width=\"800\" height=\"152\" src=\"https:\/\/helimotor.com\/wp-content\/uploads\/2025\/03\/yamaha-1024x194.png\" class=\"attachment-large size-large wp-image-58\" alt=\"\" srcset=\"https:\/\/helimotor.com\/wp-content\/uploads\/2025\/03\/yamaha-1024x194.png 1024w, https:\/\/helimotor.com\/wp-content\/uploads\/2025\/03\/yamaha-600x114.png 600w, https:\/\/helimotor.com\/wp-content\/uploads\/2025\/03\/yamaha-300x57.png 300w, https:\/\/helimotor.com\/wp-content\/uploads\/2025\/03\/yamaha-768x145.png 768w, https:\/\/helimotor.com\/wp-content\/uploads\/2025\/03\/yamaha.png 1442w\" sizes=\"(max-width: 800px) 100vw, 800px\" \/>\t\t\t\t\t\t\t\t\t\t\t\t\t\t\t<\/div>\n\t\t\t\t<\/div>\n\t\t\t\t<\/div>\n\t\t\t\t<\/div>\n\t\t<div class=\"elementor-element elementor-element-82b6a3a e-con-full e-flex e-con e-child\" data-id=\"82b6a3a\" data-element_type=\"container\" data-e-type=\"container\">\n\t\t<div class=\"elementor-element elementor-element-5dd4731 e-con-full e-flex e-con e-child\" data-id=\"5dd4731\" data-element_type=\"container\" data-e-type=\"container\">\n\t\t\t\t<div class=\"elementor-element elementor-element-07b25c1 elementor-widget elementor-widget-image\" data-id=\"07b25c1\" data-element_type=\"widget\" data-e-type=\"widget\" data-widget_type=\"image.default\">\n\t\t\t\t<div class=\"elementor-widget-container\">\n\t\t\t\t\t\t\t\t\t\t\t\t\t\t\t<img loading=\"lazy\" decoding=\"async\" width=\"800\" height=\"150\" src=\"https:\/\/helimotor.com\/wp-content\/uploads\/2025\/03\/mercury-marine-logo.svg\" class=\"attachment-large size-large wp-image-53\" alt=\"\" \/>\t\t\t\t\t\t\t\t\t\t\t\t\t\t\t<\/div>\n\t\t\t\t<\/div>\n\t\t\t\t<\/div>\n\t\t<div class=\"elementor-element elementor-element-15cbfa3 e-con-full e-flex e-con e-child\" data-id=\"15cbfa3\" data-element_type=\"container\" data-e-type=\"container\">\n\t\t\t\t<div class=\"elementor-element elementor-element-c1a0270 elementor-widget elementor-widget-image\" data-id=\"c1a0270\" data-element_type=\"widget\" data-e-type=\"widget\" data-widget_type=\"image.default\">\n\t\t\t\t<div class=\"elementor-widget-container\">\n\t\t\t\t\t\t\t\t\t\t\t\t\t\t\t<img loading=\"lazy\" decoding=\"async\" width=\"288\" height=\"114\" src=\"https:\/\/helimotor.com\/wp-content\/uploads\/2025\/03\/pirelli@2x.png\" class=\"attachment-large size-large wp-image-76\" alt=\"\" \/>\t\t\t\t\t\t\t\t\t\t\t\t\t\t\t<\/div>\n\t\t\t\t<\/div>\n\t\t\t\t<\/div>\n\t\t\t\t<\/div>\n\t\t<div class=\"elementor-element elementor-element-171a682 e-con-full e-flex e-con e-child\" data-id=\"171a682\" data-element_type=\"container\" data-e-type=\"container\">\n\t\t<div class=\"elementor-element elementor-element-1f2af20 e-con-full e-flex e-con e-child\" data-id=\"1f2af20\" data-element_type=\"container\" data-e-type=\"container\">\n\t\t\t\t<div class=\"elementor-element elementor-element-955798d elementor-widget elementor-widget-image\" data-id=\"955798d\" data-element_type=\"widget\" data-e-type=\"widget\" data-widget_type=\"image.default\">\n\t\t\t\t<div class=\"elementor-widget-container\">\n\t\t\t\t\t\t\t\t\t\t\t\t\t\t\t<img loading=\"lazy\" decoding=\"async\" width=\"800\" height=\"152\" src=\"https:\/\/helimotor.com\/wp-content\/uploads\/2025\/03\/volvo-penta-1024x194.png\" class=\"attachment-large size-large wp-image-59\" alt=\"\" srcset=\"https:\/\/helimotor.com\/wp-content\/uploads\/2025\/03\/volvo-penta-1024x194.png 1024w, https:\/\/helimotor.com\/wp-content\/uploads\/2025\/03\/volvo-penta-600x114.png 600w, https:\/\/helimotor.com\/wp-content\/uploads\/2025\/03\/volvo-penta-300x57.png 300w, https:\/\/helimotor.com\/wp-content\/uploads\/2025\/03\/volvo-penta-768x145.png 768w, https:\/\/helimotor.com\/wp-content\/uploads\/2025\/03\/volvo-penta.png 1442w\" sizes=\"(max-width: 800px) 100vw, 800px\" \/>\t\t\t\t\t\t\t\t\t\t\t\t\t\t\t<\/div>\n\t\t\t\t<\/div>\n\t\t\t\t<\/div>\n\t\t<div class=\"elementor-element elementor-element-5b28fdc e-con-full e-flex e-con e-child\" data-id=\"5b28fdc\" data-element_type=\"container\" data-e-type=\"container\">\n\t\t\t\t<div class=\"elementor-element elementor-element-528f15f elementor-widget elementor-widget-image\" data-id=\"528f15f\" data-element_type=\"widget\" data-e-type=\"widget\" data-widget_type=\"image.default\">\n\t\t\t\t<div class=\"elementor-widget-container\">\n\t\t\t\t\t\t\t\t\t\t\t\t\t\t\t<img loading=\"lazy\" decoding=\"async\" width=\"498\" height=\"186\" src=\"https:\/\/helimotor.com\/wp-content\/uploads\/2025\/03\/logo-sacs@2x.png\" class=\"attachment-large size-large wp-image-67\" alt=\"\" srcset=\"https:\/\/helimotor.com\/wp-content\/uploads\/2025\/03\/logo-sacs@2x.png 498w, https:\/\/helimotor.com\/wp-content\/uploads\/2025\/03\/logo-sacs@2x-300x112.png 300w\" sizes=\"(max-width: 498px) 100vw, 498px\" \/>\t\t\t\t\t\t\t\t\t\t\t\t\t\t\t<\/div>\n\t\t\t\t<\/div>\n\t\t\t\t<\/div>\n\t\t\t\t<\/div>\n\t\t\t\t\t<\/div>\n\t\t\t\t<\/div>\n\t\t\t\t<\/div>","protected":false},"excerpt":{"rendered":"<p>54 YEARS AT YOUR SERVICE About us Helimotor is strategically located at the main entrance of Empuriabrava (Castell\u00f3 d\u2019Emp\u00faries, Spain), the largest residential marina in Europe, making us easy to find and access. Since 1971, we have been dedicated to meeting the needs of our customers, driven by the strong commitment and continuous pursuit of [&hellip;]<\/p>\n","protected":false},"author":1,"featured_media":0,"parent":0,"menu_order":0,"comment_status":"closed","ping_status":"closed","template":"elementor_header_footer","meta":{"footnotes":""},"class_list":["post-348","page","type-page","status-publish","hentry"],"yoast_head":"<!-- This site is optimized with the Yoast SEO plugin v27.4 - https:\/\/yoast.com\/product\/yoast-seo-wordpress\/ -->\n<title>About Us | Helimotor<\/title>\n<meta name=\"description\" content=\"We are dedicated to meeting our clients\u2019 needs, driven by a strong commitment and a continuous pursuit of excellence.\" \/>\n<meta name=\"robots\" content=\"index, follow, max-snippet:-1, max-image-preview:large, max-video-preview:-1\" \/>\n<link rel=\"canonical\" href=\"https:\/\/helimotor.com\/fr\/about-us\/\" \/>\n<meta property=\"og:locale\" content=\"fr_FR\" \/>\n<meta property=\"og:type\" content=\"article\" \/>\n<meta property=\"og:title\" content=\"About Us | Helimotor\" \/>\n<meta property=\"og:description\" content=\"We are dedicated to meeting our clients\u2019 needs, driven by a strong commitment and a continuous pursuit of excellence.\" \/>\n<meta property=\"og:url\" content=\"https:\/\/helimotor.com\/fr\/about-us\/\" \/>\n<meta property=\"og:site_name\" content=\"Helimotor\" \/>\n<meta property=\"article:modified_time\" content=\"2026-01-12T13:45:30+00:00\" \/>\n<meta property=\"og:image\" content=\"https:\/\/helimotor.com\/wp-content\/uploads\/2025\/10\/favicon.jpg\" \/>\n\t<meta property=\"og:image:width\" content=\"512\" \/>\n\t<meta property=\"og:image:height\" content=\"512\" \/>\n\t<meta property=\"og:image:type\" content=\"image\/jpeg\" \/>\n<meta name=\"twitter:card\" content=\"summary_large_image\" \/>\n<meta name=\"twitter:label1\" content=\"Dur\u00e9e de lecture estim\u00e9e\" \/>\n\t<meta name=\"twitter:data1\" content=\"3 minutes\" \/>\n<script type=\"application\/ld+json\" class=\"yoast-schema-graph\">{\"@context\":\"https:\\\/\\\/schema.org\",\"@graph\":[{\"@type\":\"WebPage\",\"@id\":\"https:\\\/\\\/helimotor.com\\\/about-us\\\/\",\"url\":\"https:\\\/\\\/helimotor.com\\\/about-us\\\/\",\"name\":\"About Us | Helimotor\",\"isPartOf\":{\"@id\":\"https:\\\/\\\/helimotor.com\\\/#website\"},\"primaryImageOfPage\":{\"@id\":\"https:\\\/\\\/helimotor.com\\\/about-us\\\/#primaryimage\"},\"image\":{\"@id\":\"https:\\\/\\\/helimotor.com\\\/about-us\\\/#primaryimage\"},\"thumbnailUrl\":\"https:\\\/\\\/helimotor.com\\\/wp-content\\\/uploads\\\/2025\\\/03\\\/HELIMOTOR.svg\",\"datePublished\":\"2025-03-23T14:03:15+00:00\",\"dateModified\":\"2026-01-12T13:45:30+00:00\",\"description\":\"We are dedicated to meeting our clients\u2019 needs, driven by a strong commitment and a continuous pursuit of excellence.\",\"breadcrumb\":{\"@id\":\"https:\\\/\\\/helimotor.com\\\/about-us\\\/#breadcrumb\"},\"inLanguage\":\"fr-FR\",\"potentialAction\":[{\"@type\":\"ReadAction\",\"target\":[\"https:\\\/\\\/helimotor.com\\\/about-us\\\/\"]}]},{\"@type\":\"ImageObject\",\"inLanguage\":\"fr-FR\",\"@id\":\"https:\\\/\\\/helimotor.com\\\/about-us\\\/#primaryimage\",\"url\":\"https:\\\/\\\/helimotor.com\\\/wp-content\\\/uploads\\\/2025\\\/03\\\/HELIMOTOR.svg\",\"contentUrl\":\"https:\\\/\\\/helimotor.com\\\/wp-content\\\/uploads\\\/2025\\\/03\\\/HELIMOTOR.svg\"},{\"@type\":\"BreadcrumbList\",\"@id\":\"https:\\\/\\\/helimotor.com\\\/about-us\\\/#breadcrumb\",\"itemListElement\":[{\"@type\":\"ListItem\",\"position\":1,\"name\":\"Portada\",\"item\":\"https:\\\/\\\/helimotor.com\\\/\"},{\"@type\":\"ListItem\",\"position\":2,\"name\":\"About Us\"}]},{\"@type\":\"WebSite\",\"@id\":\"https:\\\/\\\/helimotor.com\\\/#website\",\"url\":\"https:\\\/\\\/helimotor.com\\\/\",\"name\":\"Helimotor\",\"description\":\"nautical service since 1971\",\"publisher\":{\"@id\":\"https:\\\/\\\/helimotor.com\\\/#organization\"},\"potentialAction\":[{\"@type\":\"SearchAction\",\"target\":{\"@type\":\"EntryPoint\",\"urlTemplate\":\"https:\\\/\\\/helimotor.com\\\/?s={search_term_string}\"},\"query-input\":{\"@type\":\"PropertyValueSpecification\",\"valueRequired\":true,\"valueName\":\"search_term_string\"}}],\"inLanguage\":\"fr-FR\"},{\"@type\":\"Organization\",\"@id\":\"https:\\\/\\\/helimotor.com\\\/#organization\",\"name\":\"Helimotor\",\"url\":\"https:\\\/\\\/helimotor.com\\\/\",\"logo\":{\"@type\":\"ImageObject\",\"inLanguage\":\"fr-FR\",\"@id\":\"https:\\\/\\\/helimotor.com\\\/#\\\/schema\\\/logo\\\/image\\\/\",\"url\":\"https:\\\/\\\/helimotor.com\\\/wp-content\\\/uploads\\\/2025\\\/03\\\/cropped-Recurso-5@900x.png\",\"contentUrl\":\"https:\\\/\\\/helimotor.com\\\/wp-content\\\/uploads\\\/2025\\\/03\\\/cropped-Recurso-5@900x.png\",\"width\":2263,\"height\":537,\"caption\":\"Helimotor\"},\"image\":{\"@id\":\"https:\\\/\\\/helimotor.com\\\/#\\\/schema\\\/logo\\\/image\\\/\"}}]}<\/script>\n<!-- \/ Yoast SEO plugin. -->","yoast_head_json":{"title":"About Us | Helimotor","description":"We are dedicated to meeting our clients\u2019 needs, driven by a strong commitment and a continuous pursuit of excellence.","robots":{"index":"index","follow":"follow","max-snippet":"max-snippet:-1","max-image-preview":"max-image-preview:large","max-video-preview":"max-video-preview:-1"},"canonical":"https:\/\/helimotor.com\/fr\/about-us\/","og_locale":"fr_FR","og_type":"article","og_title":"About Us | Helimotor","og_description":"We are dedicated to meeting our clients\u2019 needs, driven by a strong commitment and a continuous pursuit of excellence.","og_url":"https:\/\/helimotor.com\/fr\/about-us\/","og_site_name":"Helimotor","article_modified_time":"2026-01-12T13:45:30+00:00","og_image":[{"width":512,"height":512,"url":"https:\/\/helimotor.com\/wp-content\/uploads\/2025\/10\/favicon.jpg","type":"image\/jpeg"}],"twitter_card":"summary_large_image","twitter_misc":{"Dur\u00e9e de lecture estim\u00e9e":"3 minutes"},"schema":{"@context":"https:\/\/schema.org","@graph":[{"@type":"WebPage","@id":"https:\/\/helimotor.com\/about-us\/","url":"https:\/\/helimotor.com\/about-us\/","name":"About Us | Helimotor","isPartOf":{"@id":"https:\/\/helimotor.com\/#website"},"primaryImageOfPage":{"@id":"https:\/\/helimotor.com\/about-us\/#primaryimage"},"image":{"@id":"https:\/\/helimotor.com\/about-us\/#primaryimage"},"thumbnailUrl":"https:\/\/helimotor.com\/wp-content\/uploads\/2025\/03\/HELIMOTOR.svg","datePublished":"2025-03-23T14:03:15+00:00","dateModified":"2026-01-12T13:45:30+00:00","description":"We are dedicated to meeting our clients\u2019 needs, driven by a strong commitment and a continuous pursuit of excellence.","breadcrumb":{"@id":"https:\/\/helimotor.com\/about-us\/#breadcrumb"},"inLanguage":"fr-FR","potentialAction":[{"@type":"ReadAction","target":["https:\/\/helimotor.com\/about-us\/"]}]},{"@type":"ImageObject","inLanguage":"fr-FR","@id":"https:\/\/helimotor.com\/about-us\/#primaryimage","url":"https:\/\/helimotor.com\/wp-content\/uploads\/2025\/03\/HELIMOTOR.svg","contentUrl":"https:\/\/helimotor.com\/wp-content\/uploads\/2025\/03\/HELIMOTOR.svg"},{"@type":"BreadcrumbList","@id":"https:\/\/helimotor.com\/about-us\/#breadcrumb","itemListElement":[{"@type":"ListItem","position":1,"name":"Portada","item":"https:\/\/helimotor.com\/"},{"@type":"ListItem","position":2,"name":"About Us"}]},{"@type":"WebSite","@id":"https:\/\/helimotor.com\/#website","url":"https:\/\/helimotor.com\/","name":"H\u00e9licopt\u00e8re","description":"service nautique depuis 1971","publisher":{"@id":"https:\/\/helimotor.com\/#organization"},"potentialAction":[{"@type":"SearchAction","target":{"@type":"EntryPoint","urlTemplate":"https:\/\/helimotor.com\/?s={search_term_string}"},"query-input":{"@type":"PropertyValueSpecification","valueRequired":true,"valueName":"search_term_string"}}],"inLanguage":"fr-FR"},{"@type":"Organization","@id":"https:\/\/helimotor.com\/#organization","name":"H\u00e9licopt\u00e8re","url":"https:\/\/helimotor.com\/","logo":{"@type":"ImageObject","inLanguage":"fr-FR","@id":"https:\/\/helimotor.com\/#\/schema\/logo\/image\/","url":"https:\/\/helimotor.com\/wp-content\/uploads\/2025\/03\/cropped-Recurso-5@900x.png","contentUrl":"https:\/\/helimotor.com\/wp-content\/uploads\/2025\/03\/cropped-Recurso-5@900x.png","width":2263,"height":537,"caption":"Helimotor"},"image":{"@id":"https:\/\/helimotor.com\/#\/schema\/logo\/image\/"}}]}},"_links":{"self":[{"href":"https:\/\/helimotor.com\/fr\/wp-json\/wp\/v2\/pages\/348","targetHints":{"allow":["GET"]}}],"collection":[{"href":"https:\/\/helimotor.com\/fr\/wp-json\/wp\/v2\/pages"}],"about":[{"href":"https:\/\/helimotor.com\/fr\/wp-json\/wp\/v2\/types\/page"}],"author":[{"embeddable":true,"href":"https:\/\/helimotor.com\/fr\/wp-json\/wp\/v2\/users\/1"}],"replies":[{"embeddable":true,"href":"https:\/\/helimotor.com\/fr\/wp-json\/wp\/v2\/comments?post=348"}],"version-history":[{"count":4,"href":"https:\/\/helimotor.com\/fr\/wp-json\/wp\/v2\/pages\/348\/revisions"}],"predecessor-version":[{"id":2702,"href":"https:\/\/helimotor.com\/fr\/wp-json\/wp\/v2\/pages\/348\/revisions\/2702"}],"wp:attachment":[{"href":"https:\/\/helimotor.com\/fr\/wp-json\/wp\/v2\/media?parent=348"}],"curies":[{"name":"wp","href":"https:\/\/api.w.org\/{rel}","templated":true}]}}