{"id":1800,"date":"2025-08-07T08:29:40","date_gmt":"2025-08-07T08:29:40","guid":{"rendered":"https:\/\/helimotor.com\/?post_type=product&#038;p=1800"},"modified":"2026-04-14T18:03:21","modified_gmt":"2026-04-14T18:03:21","slug":"pirelli-42","status":"publish","type":"product","link":"https:\/\/helimotor.com\/fr\/producto\/pirelli-42\/","title":{"rendered":"Pirelli Speedboats 42"},"content":{"rendered":"<p><strong>NUEVO MODELO 2026 PIRELLI 42 EN STOCK.<\/strong><br \/>\n<strong>DISPONIBLE POUR UNE MISE \u00c0 DISPOSITION IMM\u00c9DIATE.<\/strong><br \/>\n<strong>Compl\u00e8tement \u00e9quip\u00e9 et avec 2X400HP MERCURY fuera borda V10 y JOYSTICK.<\/strong><br \/>\nCabinado y acabados de alta calidad.<\/p>\n<p>La\u00a0<strong>Pirelli 42<\/strong> es una embarcaci\u00f3n de alto rendimiento, perfecta para quienes buscan un equilibrio entre potencia, confort y dise\u00f1o. Con\u00a0<strong>deux moteurs Mercury V10 \u00e0 la limite de 400hp<\/strong>Le syst\u00e8me d'entra\u00eenement \u00e0 la conduite de l'avion permet d'obtenir une vitesse impressionnante et une maniabilit\u00e9 pr\u00e9cise, gr\u00e2ce au syst\u00e8me d'entra\u00eenement \u00e0 la conduite de l'avion.\u00a0<strong>Manette<\/strong>, ideal para un control sencillo y seguro en cualquier situaci\u00f3n.<\/p>\n<p>Su\u00a0<strong>cabina interior<\/strong>\u00a0offre un confort exceptionnel, en combinant des cabines de\u00a0<strong>haute qualit\u00e9<\/strong>\u00a0pour un environnement \u00e9l\u00e9gant et fonctionnel. Cette embarcation est parfaite pour ceux qui souhaitent profiter de la navigation sans compromettre le confort.<\/p>\n<p><strong>Nota :<\/strong>\u00a0Images du catalogue.<\/p>","protected":false},"excerpt":{"rendered":"<p data-start=\"100\" data-end=\"194\"><strong data-start=\"100\" data-end=\"110\">Marque :<\/strong> Pirelli Speedboats<br data-start=\"129\" data-end=\"132\" \/><strong data-start=\"132\" data-end=\"142\">Mod\u00e8le :<\/strong> P42<br data-start=\"146\" data-end=\"149\" \/><strong data-start=\"149\" data-end=\"163\">R\u00e9f\u00e9rence :<\/strong> Pirelli_P42<br data-start=\"175\" data-end=\"178\" data-is-only-node=\"\" \/><strong data-start=\"178\" data-end=\"187\">Year:<\/strong> 2026<\/p>\n<p data-start=\"196\" data-end=\"236\"><strong data-start=\"196\" data-end=\"207\">Length:<\/strong> 13.10 m<br data-start=\"215\" data-end=\"218\" \/><strong data-start=\"218\" data-end=\"227\">Beam:<\/strong> 4.10 m<\/p>\n<p data-start=\"238\" data-end=\"352\"><strong data-start=\"238\" data-end=\"249\">Moteur :<\/strong> Mercury V10 outboard \u2013 400 HP<br data-start=\"279\" data-end=\"282\" \/><strong data-start=\"282\" data-end=\"300\">Hull Material:<\/strong> Fiberglass<br data-start=\"311\" data-end=\"314\" \/><strong data-start=\"314\" data-end=\"333\">Tubes Material:<\/strong> Hypalon\u2013Neoprene<\/p>\n<p data-start=\"354\" data-end=\"412\"><strong data-start=\"354\" data-end=\"367\">Location:<\/strong> Spain \u2013 Girona<br data-start=\"382\" data-end=\"385\" \/><strong data-start=\"385\" data-end=\"397\">Port maritime :<\/strong> Empuriabrava<\/p>","protected":false},"featured_media":947,"comment_status":"open","ping_status":"closed","template":"","meta":[],"product_brand":[34],"product_cat":[24],"product_tag":[31],"class_list":{"0":"post-1800","1":"product","2":"type-product","3":"status-publish","4":"has-post-thumbnail","6":"product_brand-pirelli-speedboats","7":"product_cat-new-boats","8":"product_tag-taxes-excluded","10":"first","11":"instock","12":"shipping-taxable","13":"purchasable","14":"product-type-simple"},"yoast_head":"<!-- This site is optimized with the Yoast SEO plugin v27.4 - https:\/\/yoast.com\/product\/yoast-seo-wordpress\/ -->\n<title>Pirelli Speedboats 42 - Helimotor<\/title>\n<meta name=\"description\" content=\"Pirelli 42 is a luxury high-performance RIB combining Italian design, comfort, and excellent seaworthiness for premium cruising.\" \/>\n<meta name=\"robots\" content=\"index, follow, max-snippet:-1, max-image-preview:large, max-video-preview:-1\" \/>\n<link rel=\"canonical\" href=\"https:\/\/helimotor.com\/fr\/producto\/pirelli-42\/\" \/>\n<meta property=\"og:locale\" content=\"fr_FR\" \/>\n<meta property=\"og:type\" content=\"article\" \/>\n<meta property=\"og:title\" content=\"Pirelli Speedboats 42 - Helimotor\" \/>\n<meta property=\"og:description\" content=\"Pirelli 42 is a luxury high-performance RIB combining Italian design, comfort, and excellent seaworthiness for premium cruising.\" \/>\n<meta property=\"og:url\" content=\"https:\/\/helimotor.com\/fr\/producto\/pirelli-42\/\" \/>\n<meta property=\"og:site_name\" content=\"Helimotor\" \/>\n<meta property=\"article:modified_time\" content=\"2026-04-14T18:03:21+00:00\" \/>\n<meta property=\"og:image\" content=\"https:\/\/helimotor.com\/wp-content\/uploads\/2025\/04\/P42-Gallery-5.jpg\" \/>\n\t<meta property=\"og:image:width\" content=\"2000\" \/>\n\t<meta property=\"og:image:height\" content=\"1596\" \/>\n\t<meta property=\"og:image:type\" content=\"image\/jpeg\" \/>\n<meta name=\"twitter:card\" content=\"summary_large_image\" \/>\n<meta name=\"twitter:label1\" content=\"Dur\u00e9e de lecture estim\u00e9e\" \/>\n\t<meta name=\"twitter:data1\" content=\"1 minute\" \/>\n<script type=\"application\/ld+json\" class=\"yoast-schema-graph\">{\"@context\":\"https:\\\/\\\/schema.org\",\"@graph\":[{\"@type\":\"WebPage\",\"@id\":\"https:\\\/\\\/helimotor.com\\\/producto\\\/pirelli-42\\\/\",\"url\":\"https:\\\/\\\/helimotor.com\\\/producto\\\/pirelli-42\\\/\",\"name\":\"Pirelli Speedboats 42 - Helimotor\",\"isPartOf\":{\"@id\":\"https:\\\/\\\/helimotor.com\\\/#website\"},\"primaryImageOfPage\":{\"@id\":\"https:\\\/\\\/helimotor.com\\\/producto\\\/pirelli-42\\\/#primaryimage\"},\"image\":{\"@id\":\"https:\\\/\\\/helimotor.com\\\/producto\\\/pirelli-42\\\/#primaryimage\"},\"thumbnailUrl\":\"https:\\\/\\\/helimotor.com\\\/wp-content\\\/uploads\\\/2025\\\/04\\\/P42-Gallery-5.jpg\",\"datePublished\":\"2025-08-07T08:29:40+00:00\",\"dateModified\":\"2026-04-14T18:03:21+00:00\",\"description\":\"Pirelli 42 is a luxury high-performance RIB combining Italian design, comfort, and excellent seaworthiness for premium cruising.\",\"breadcrumb\":{\"@id\":\"https:\\\/\\\/helimotor.com\\\/producto\\\/pirelli-42\\\/#breadcrumb\"},\"inLanguage\":\"fr-FR\",\"potentialAction\":[{\"@type\":\"ReadAction\",\"target\":[\"https:\\\/\\\/helimotor.com\\\/producto\\\/pirelli-42\\\/\"]}]},{\"@type\":\"ImageObject\",\"inLanguage\":\"fr-FR\",\"@id\":\"https:\\\/\\\/helimotor.com\\\/producto\\\/pirelli-42\\\/#primaryimage\",\"url\":\"https:\\\/\\\/helimotor.com\\\/wp-content\\\/uploads\\\/2025\\\/04\\\/P42-Gallery-5.jpg\",\"contentUrl\":\"https:\\\/\\\/helimotor.com\\\/wp-content\\\/uploads\\\/2025\\\/04\\\/P42-Gallery-5.jpg\",\"width\":2000,\"height\":1596},{\"@type\":\"BreadcrumbList\",\"@id\":\"https:\\\/\\\/helimotor.com\\\/producto\\\/pirelli-42\\\/#breadcrumb\",\"itemListElement\":[{\"@type\":\"ListItem\",\"position\":1,\"name\":\"Portada\",\"item\":\"https:\\\/\\\/helimotor.com\\\/\"},{\"@type\":\"ListItem\",\"position\":2,\"name\":\"Tienda\",\"item\":\"https:\\\/\\\/helimotor.com\\\/?page_id=526\"},{\"@type\":\"ListItem\",\"position\":3,\"name\":\"Pirelli Speedboats 42\"}]},{\"@type\":\"WebSite\",\"@id\":\"https:\\\/\\\/helimotor.com\\\/#website\",\"url\":\"https:\\\/\\\/helimotor.com\\\/\",\"name\":\"Helimotor\",\"description\":\"nautical service since 1971\",\"publisher\":{\"@id\":\"https:\\\/\\\/helimotor.com\\\/#organization\"},\"potentialAction\":[{\"@type\":\"SearchAction\",\"target\":{\"@type\":\"EntryPoint\",\"urlTemplate\":\"https:\\\/\\\/helimotor.com\\\/?s={search_term_string}\"},\"query-input\":{\"@type\":\"PropertyValueSpecification\",\"valueRequired\":true,\"valueName\":\"search_term_string\"}}],\"inLanguage\":\"fr-FR\"},{\"@type\":\"Organization\",\"@id\":\"https:\\\/\\\/helimotor.com\\\/#organization\",\"name\":\"Helimotor\",\"url\":\"https:\\\/\\\/helimotor.com\\\/\",\"logo\":{\"@type\":\"ImageObject\",\"inLanguage\":\"fr-FR\",\"@id\":\"https:\\\/\\\/helimotor.com\\\/#\\\/schema\\\/logo\\\/image\\\/\",\"url\":\"https:\\\/\\\/helimotor.com\\\/wp-content\\\/uploads\\\/2025\\\/03\\\/cropped-Recurso-5@900x.png\",\"contentUrl\":\"https:\\\/\\\/helimotor.com\\\/wp-content\\\/uploads\\\/2025\\\/03\\\/cropped-Recurso-5@900x.png\",\"width\":2263,\"height\":537,\"caption\":\"Helimotor\"},\"image\":{\"@id\":\"https:\\\/\\\/helimotor.com\\\/#\\\/schema\\\/logo\\\/image\\\/\"}}]}<\/script>\n<!-- \/ Yoast SEO plugin. -->","yoast_head_json":{"title":"Pirelli Speedboats 42 - Helimotor","description":"Pirelli 42 is a luxury high-performance RIB combining Italian design, comfort, and excellent seaworthiness for premium cruising.","robots":{"index":"index","follow":"follow","max-snippet":"max-snippet:-1","max-image-preview":"max-image-preview:large","max-video-preview":"max-video-preview:-1"},"canonical":"https:\/\/helimotor.com\/fr\/producto\/pirelli-42\/","og_locale":"fr_FR","og_type":"article","og_title":"Pirelli Speedboats 42 - Helimotor","og_description":"Pirelli 42 is a luxury high-performance RIB combining Italian design, comfort, and excellent seaworthiness for premium cruising.","og_url":"https:\/\/helimotor.com\/fr\/producto\/pirelli-42\/","og_site_name":"Helimotor","article_modified_time":"2026-04-14T18:03:21+00:00","og_image":[{"width":2000,"height":1596,"url":"https:\/\/helimotor.com\/wp-content\/uploads\/2025\/04\/P42-Gallery-5.jpg","type":"image\/jpeg"}],"twitter_card":"summary_large_image","twitter_misc":{"Dur\u00e9e de lecture estim\u00e9e":"1 minute"},"schema":{"@context":"https:\/\/schema.org","@graph":[{"@type":"WebPage","@id":"https:\/\/helimotor.com\/producto\/pirelli-42\/","url":"https:\/\/helimotor.com\/producto\/pirelli-42\/","name":"Pirelli Speedboats 42 - Helimotor","isPartOf":{"@id":"https:\/\/helimotor.com\/#website"},"primaryImageOfPage":{"@id":"https:\/\/helimotor.com\/producto\/pirelli-42\/#primaryimage"},"image":{"@id":"https:\/\/helimotor.com\/producto\/pirelli-42\/#primaryimage"},"thumbnailUrl":"https:\/\/helimotor.com\/wp-content\/uploads\/2025\/04\/P42-Gallery-5.jpg","datePublished":"2025-08-07T08:29:40+00:00","dateModified":"2026-04-14T18:03:21+00:00","description":"Pirelli 42 is a luxury high-performance RIB combining Italian design, comfort, and excellent seaworthiness for premium cruising.","breadcrumb":{"@id":"https:\/\/helimotor.com\/producto\/pirelli-42\/#breadcrumb"},"inLanguage":"fr-FR","potentialAction":[{"@type":"ReadAction","target":["https:\/\/helimotor.com\/producto\/pirelli-42\/"]}]},{"@type":"ImageObject","inLanguage":"fr-FR","@id":"https:\/\/helimotor.com\/producto\/pirelli-42\/#primaryimage","url":"https:\/\/helimotor.com\/wp-content\/uploads\/2025\/04\/P42-Gallery-5.jpg","contentUrl":"https:\/\/helimotor.com\/wp-content\/uploads\/2025\/04\/P42-Gallery-5.jpg","width":2000,"height":1596},{"@type":"BreadcrumbList","@id":"https:\/\/helimotor.com\/producto\/pirelli-42\/#breadcrumb","itemListElement":[{"@type":"ListItem","position":1,"name":"Portada","item":"https:\/\/helimotor.com\/"},{"@type":"ListItem","position":2,"name":"Tienda","item":"https:\/\/helimotor.com\/?page_id=526"},{"@type":"ListItem","position":3,"name":"Pirelli Speedboats 42"}]},{"@type":"WebSite","@id":"https:\/\/helimotor.com\/#website","url":"https:\/\/helimotor.com\/","name":"H\u00e9licopt\u00e8re","description":"service nautique depuis 1971","publisher":{"@id":"https:\/\/helimotor.com\/#organization"},"potentialAction":[{"@type":"SearchAction","target":{"@type":"EntryPoint","urlTemplate":"https:\/\/helimotor.com\/?s={search_term_string}"},"query-input":{"@type":"PropertyValueSpecification","valueRequired":true,"valueName":"search_term_string"}}],"inLanguage":"fr-FR"},{"@type":"Organization","@id":"https:\/\/helimotor.com\/#organization","name":"H\u00e9licopt\u00e8re","url":"https:\/\/helimotor.com\/","logo":{"@type":"ImageObject","inLanguage":"fr-FR","@id":"https:\/\/helimotor.com\/#\/schema\/logo\/image\/","url":"https:\/\/helimotor.com\/wp-content\/uploads\/2025\/03\/cropped-Recurso-5@900x.png","contentUrl":"https:\/\/helimotor.com\/wp-content\/uploads\/2025\/03\/cropped-Recurso-5@900x.png","width":2263,"height":537,"caption":"Helimotor"},"image":{"@id":"https:\/\/helimotor.com\/#\/schema\/logo\/image\/"}}]}},"_links":{"self":[{"href":"https:\/\/helimotor.com\/fr\/wp-json\/wp\/v2\/product\/1800","targetHints":{"allow":["GET"]}}],"collection":[{"href":"https:\/\/helimotor.com\/fr\/wp-json\/wp\/v2\/product"}],"about":[{"href":"https:\/\/helimotor.com\/fr\/wp-json\/wp\/v2\/types\/product"}],"replies":[{"embeddable":true,"href":"https:\/\/helimotor.com\/fr\/wp-json\/wp\/v2\/comments?post=1800"}],"wp:featuredmedia":[{"embeddable":true,"href":"https:\/\/helimotor.com\/fr\/wp-json\/wp\/v2\/media\/947"}],"wp:attachment":[{"href":"https:\/\/helimotor.com\/fr\/wp-json\/wp\/v2\/media?parent=1800"}],"wp:term":[{"taxonomy":"product_brand","embeddable":true,"href":"https:\/\/helimotor.com\/fr\/wp-json\/wp\/v2\/product_brand?post=1800"},{"taxonomy":"product_cat","embeddable":true,"href":"https:\/\/helimotor.com\/fr\/wp-json\/wp\/v2\/product_cat?post=1800"},{"taxonomy":"product_tag","embeddable":true,"href":"https:\/\/helimotor.com\/fr\/wp-json\/wp\/v2\/product_tag?post=1800"}],"curies":[{"name":"wp","href":"https:\/\/api.w.org\/{rel}","templated":true}]}}