{"id":1858,"date":"2025-08-07T08:54:55","date_gmt":"2025-08-07T08:54:55","guid":{"rendered":"https:\/\/helimotor.com\/?post_type=product&#038;p=1858"},"modified":"2026-02-10T10:41:03","modified_gmt":"2026-02-10T10:41:03","slug":"pirelli-35","status":"publish","type":"product","link":"https:\/\/helimotor.com\/fr\/producto\/pirelli-35\/","title":{"rendered":"Pirelli Speedboats 35"},"content":{"rendered":"<p>NEW\u00a0<strong>PIRELLI 35<\/strong>\u00a0DISPONIBLE\u00a0<strong>2024<\/strong>\u00a0AVEC\u00a0<strong>JOYSTICK<\/strong>\u00a02X300HP MERCURY FB V8 &#8211; Fully equipped and cabined<\/p>\n<p>Le\u00a0<strong>nouveau Pirelli 35<\/strong>\u00a0allie un design italien de pointe \u00e0 la puissance et au confort. Propuls\u00e9 par\u00a0<strong>deux moteurs Mercury FB V8 de 300 CV<\/strong>Il offre des performances exceptionnelles sur l'eau. Ses\u00a0<strong>cabine ferm\u00e9e<\/strong>\u00a0Le confort de la chambre est id\u00e9al pour les s\u00e9jours d'une nuit ou les escapades d'un week-end. Le syst\u00e8me int\u00e9gr\u00e9 de\u00a0<strong>syst\u00e8me de commande par joystick<\/strong>\u00a0permet de man\u0153uvrer sans effort et avec pr\u00e9cision, m\u00eame dans les espaces restreints.<\/p>\n<p><strong>Enti\u00e8rement \u00e9quip\u00e9<\/strong>Cette unit\u00e9 pr\u00e9sente des finitions de qualit\u00e9 sup\u00e9rieure et des caract\u00e9ristiques haut de gamme, parfaites pour ceux qui recherchent le style, la s\u00e9curit\u00e9 et une technologie de pointe pour leur prochain bateau.<\/p>","protected":false},"excerpt":{"rendered":"<p data-start=\"110\" data-end=\"203\"><strong data-start=\"110\" data-end=\"120\">Marque :<\/strong> Pirelli Speedboats<br data-start=\"139\" data-end=\"142\" \/><strong data-start=\"142\" data-end=\"152\">Mod\u00e8le :<\/strong> P35<br data-start=\"156\" data-end=\"159\" \/><strong data-start=\"159\" data-end=\"173\">R\u00e9f\u00e9rence :<\/strong> Pirelli_35<br data-start=\"184\" data-end=\"187\" data-is-only-node=\"\" \/><strong data-start=\"187\" data-end=\"196\">Year:<\/strong> 2026<\/p>\n<p data-start=\"205\" data-end=\"245\"><strong data-start=\"205\" data-end=\"216\">Length:<\/strong> 11.10 m<br data-start=\"224\" data-end=\"227\" \/><strong data-start=\"227\" data-end=\"236\">Beam:<\/strong> 3.80 m<\/p>\n<p data-start=\"247\" data-end=\"354\"><strong data-start=\"247\" data-end=\"258\">Moteur :<\/strong> Mercury FB V8 \u2013 300 HP<br data-start=\"281\" data-end=\"284\" \/><strong data-start=\"284\" data-end=\"302\">Hull Material:<\/strong> Fiberglass<br data-start=\"313\" data-end=\"316\" \/><strong data-start=\"316\" data-end=\"335\">Tubes Material:<\/strong> Hypalon\u2013Neoprene<\/p>\n<p data-start=\"356\" data-end=\"406\"><strong data-start=\"356\" data-end=\"369\">Location:<\/strong> Barcelona<br data-start=\"379\" data-end=\"382\" \/><strong data-start=\"382\" data-end=\"394\">Port maritime :<\/strong> Barcelona<\/p>","protected":false},"featured_media":1859,"comment_status":"open","ping_status":"closed","template":"","meta":[],"product_brand":[34],"product_cat":[24],"product_tag":[31],"class_list":{"0":"post-1858","1":"product","2":"type-product","3":"status-publish","4":"has-post-thumbnail","6":"product_brand-pirelli-speedboats","7":"product_cat-new-boats","8":"product_tag-taxes-excluded","10":"first","11":"instock","12":"shipping-taxable","13":"purchasable","14":"product-type-simple"},"yoast_head":"<!-- This site is optimized with the Yoast SEO plugin v27.4 - https:\/\/yoast.com\/product\/yoast-seo-wordpress\/ -->\n<title>Pirelli Speedboats 35 - Helimotor<\/title>\n<meta name=\"description\" content=\"Pirelli 35 is a luxury high-performance RIB combining Italian design, comfort, and excellent seaworthiness for premium day cruising.\" \/>\n<meta name=\"robots\" content=\"index, follow, max-snippet:-1, max-image-preview:large, max-video-preview:-1\" \/>\n<link rel=\"canonical\" href=\"https:\/\/helimotor.com\/fr\/producto\/pirelli-35\/\" \/>\n<meta property=\"og:locale\" content=\"fr_FR\" \/>\n<meta property=\"og:type\" content=\"article\" \/>\n<meta property=\"og:title\" content=\"Pirelli Speedboats 35 - Helimotor\" \/>\n<meta property=\"og:description\" content=\"Pirelli 35 is a luxury high-performance RIB combining Italian design, comfort, and excellent seaworthiness for premium day cruising.\" \/>\n<meta property=\"og:url\" content=\"https:\/\/helimotor.com\/fr\/producto\/pirelli-35\/\" \/>\n<meta property=\"og:site_name\" content=\"Helimotor\" \/>\n<meta property=\"article:modified_time\" content=\"2026-02-10T10:41:03+00:00\" \/>\n<meta property=\"og:image\" content=\"https:\/\/helimotor.com\/wp-content\/uploads\/2025\/08\/2024-pirelli-35-power-9307096-20250620085741491-1.webp\" \/>\n\t<meta property=\"og:image:width\" content=\"1028\" \/>\n\t<meta property=\"og:image:height\" content=\"685\" \/>\n\t<meta property=\"og:image:type\" content=\"image\/webp\" \/>\n<meta name=\"twitter:card\" content=\"summary_large_image\" \/>\n<meta name=\"twitter:label1\" content=\"Dur\u00e9e de lecture estim\u00e9e\" \/>\n\t<meta name=\"twitter:data1\" content=\"1 minute\" \/>\n<script type=\"application\/ld+json\" class=\"yoast-schema-graph\">{\"@context\":\"https:\\\/\\\/schema.org\",\"@graph\":[{\"@type\":\"WebPage\",\"@id\":\"https:\\\/\\\/helimotor.com\\\/producto\\\/pirelli-35\\\/\",\"url\":\"https:\\\/\\\/helimotor.com\\\/producto\\\/pirelli-35\\\/\",\"name\":\"Pirelli Speedboats 35 - Helimotor\",\"isPartOf\":{\"@id\":\"https:\\\/\\\/helimotor.com\\\/#website\"},\"primaryImageOfPage\":{\"@id\":\"https:\\\/\\\/helimotor.com\\\/producto\\\/pirelli-35\\\/#primaryimage\"},\"image\":{\"@id\":\"https:\\\/\\\/helimotor.com\\\/producto\\\/pirelli-35\\\/#primaryimage\"},\"thumbnailUrl\":\"https:\\\/\\\/helimotor.com\\\/wp-content\\\/uploads\\\/2025\\\/08\\\/2024-pirelli-35-power-9307096-20250620085741491-1.webp\",\"datePublished\":\"2025-08-07T08:54:55+00:00\",\"dateModified\":\"2026-02-10T10:41:03+00:00\",\"description\":\"Pirelli 35 is a luxury high-performance RIB combining Italian design, comfort, and excellent seaworthiness for premium day cruising.\",\"breadcrumb\":{\"@id\":\"https:\\\/\\\/helimotor.com\\\/producto\\\/pirelli-35\\\/#breadcrumb\"},\"inLanguage\":\"fr-FR\",\"potentialAction\":[{\"@type\":\"ReadAction\",\"target\":[\"https:\\\/\\\/helimotor.com\\\/producto\\\/pirelli-35\\\/\"]}]},{\"@type\":\"ImageObject\",\"inLanguage\":\"fr-FR\",\"@id\":\"https:\\\/\\\/helimotor.com\\\/producto\\\/pirelli-35\\\/#primaryimage\",\"url\":\"https:\\\/\\\/helimotor.com\\\/wp-content\\\/uploads\\\/2025\\\/08\\\/2024-pirelli-35-power-9307096-20250620085741491-1.webp\",\"contentUrl\":\"https:\\\/\\\/helimotor.com\\\/wp-content\\\/uploads\\\/2025\\\/08\\\/2024-pirelli-35-power-9307096-20250620085741491-1.webp\",\"width\":1028,\"height\":685},{\"@type\":\"BreadcrumbList\",\"@id\":\"https:\\\/\\\/helimotor.com\\\/producto\\\/pirelli-35\\\/#breadcrumb\",\"itemListElement\":[{\"@type\":\"ListItem\",\"position\":1,\"name\":\"Portada\",\"item\":\"https:\\\/\\\/helimotor.com\\\/\"},{\"@type\":\"ListItem\",\"position\":2,\"name\":\"Tienda\",\"item\":\"https:\\\/\\\/helimotor.com\\\/?page_id=526\"},{\"@type\":\"ListItem\",\"position\":3,\"name\":\"Pirelli Speedboats 35\"}]},{\"@type\":\"WebSite\",\"@id\":\"https:\\\/\\\/helimotor.com\\\/#website\",\"url\":\"https:\\\/\\\/helimotor.com\\\/\",\"name\":\"Helimotor\",\"description\":\"nautical service since 1971\",\"publisher\":{\"@id\":\"https:\\\/\\\/helimotor.com\\\/#organization\"},\"potentialAction\":[{\"@type\":\"SearchAction\",\"target\":{\"@type\":\"EntryPoint\",\"urlTemplate\":\"https:\\\/\\\/helimotor.com\\\/?s={search_term_string}\"},\"query-input\":{\"@type\":\"PropertyValueSpecification\",\"valueRequired\":true,\"valueName\":\"search_term_string\"}}],\"inLanguage\":\"fr-FR\"},{\"@type\":\"Organization\",\"@id\":\"https:\\\/\\\/helimotor.com\\\/#organization\",\"name\":\"Helimotor\",\"url\":\"https:\\\/\\\/helimotor.com\\\/\",\"logo\":{\"@type\":\"ImageObject\",\"inLanguage\":\"fr-FR\",\"@id\":\"https:\\\/\\\/helimotor.com\\\/#\\\/schema\\\/logo\\\/image\\\/\",\"url\":\"https:\\\/\\\/helimotor.com\\\/wp-content\\\/uploads\\\/2025\\\/03\\\/cropped-Recurso-5@900x.png\",\"contentUrl\":\"https:\\\/\\\/helimotor.com\\\/wp-content\\\/uploads\\\/2025\\\/03\\\/cropped-Recurso-5@900x.png\",\"width\":2263,\"height\":537,\"caption\":\"Helimotor\"},\"image\":{\"@id\":\"https:\\\/\\\/helimotor.com\\\/#\\\/schema\\\/logo\\\/image\\\/\"}}]}<\/script>\n<!-- \/ Yoast SEO plugin. -->","yoast_head_json":{"title":"Pirelli Speedboats 35 - Helimotor","description":"Pirelli 35 is a luxury high-performance RIB combining Italian design, comfort, and excellent seaworthiness for premium day cruising.","robots":{"index":"index","follow":"follow","max-snippet":"max-snippet:-1","max-image-preview":"max-image-preview:large","max-video-preview":"max-video-preview:-1"},"canonical":"https:\/\/helimotor.com\/fr\/producto\/pirelli-35\/","og_locale":"fr_FR","og_type":"article","og_title":"Pirelli Speedboats 35 - Helimotor","og_description":"Pirelli 35 is a luxury high-performance RIB combining Italian design, comfort, and excellent seaworthiness for premium day cruising.","og_url":"https:\/\/helimotor.com\/fr\/producto\/pirelli-35\/","og_site_name":"Helimotor","article_modified_time":"2026-02-10T10:41:03+00:00","og_image":[{"width":1028,"height":685,"url":"https:\/\/helimotor.com\/wp-content\/uploads\/2025\/08\/2024-pirelli-35-power-9307096-20250620085741491-1.webp","type":"image\/webp"}],"twitter_card":"summary_large_image","twitter_misc":{"Dur\u00e9e de lecture estim\u00e9e":"1 minute"},"schema":{"@context":"https:\/\/schema.org","@graph":[{"@type":"WebPage","@id":"https:\/\/helimotor.com\/producto\/pirelli-35\/","url":"https:\/\/helimotor.com\/producto\/pirelli-35\/","name":"Pirelli Speedboats 35 - Helimotor","isPartOf":{"@id":"https:\/\/helimotor.com\/#website"},"primaryImageOfPage":{"@id":"https:\/\/helimotor.com\/producto\/pirelli-35\/#primaryimage"},"image":{"@id":"https:\/\/helimotor.com\/producto\/pirelli-35\/#primaryimage"},"thumbnailUrl":"https:\/\/helimotor.com\/wp-content\/uploads\/2025\/08\/2024-pirelli-35-power-9307096-20250620085741491-1.webp","datePublished":"2025-08-07T08:54:55+00:00","dateModified":"2026-02-10T10:41:03+00:00","description":"Pirelli 35 is a luxury high-performance RIB combining Italian design, comfort, and excellent seaworthiness for premium day cruising.","breadcrumb":{"@id":"https:\/\/helimotor.com\/producto\/pirelli-35\/#breadcrumb"},"inLanguage":"fr-FR","potentialAction":[{"@type":"ReadAction","target":["https:\/\/helimotor.com\/producto\/pirelli-35\/"]}]},{"@type":"ImageObject","inLanguage":"fr-FR","@id":"https:\/\/helimotor.com\/producto\/pirelli-35\/#primaryimage","url":"https:\/\/helimotor.com\/wp-content\/uploads\/2025\/08\/2024-pirelli-35-power-9307096-20250620085741491-1.webp","contentUrl":"https:\/\/helimotor.com\/wp-content\/uploads\/2025\/08\/2024-pirelli-35-power-9307096-20250620085741491-1.webp","width":1028,"height":685},{"@type":"BreadcrumbList","@id":"https:\/\/helimotor.com\/producto\/pirelli-35\/#breadcrumb","itemListElement":[{"@type":"ListItem","position":1,"name":"Portada","item":"https:\/\/helimotor.com\/"},{"@type":"ListItem","position":2,"name":"Tienda","item":"https:\/\/helimotor.com\/?page_id=526"},{"@type":"ListItem","position":3,"name":"Pirelli Speedboats 35"}]},{"@type":"WebSite","@id":"https:\/\/helimotor.com\/#website","url":"https:\/\/helimotor.com\/","name":"H\u00e9licopt\u00e8re","description":"service nautique depuis 1971","publisher":{"@id":"https:\/\/helimotor.com\/#organization"},"potentialAction":[{"@type":"SearchAction","target":{"@type":"EntryPoint","urlTemplate":"https:\/\/helimotor.com\/?s={search_term_string}"},"query-input":{"@type":"PropertyValueSpecification","valueRequired":true,"valueName":"search_term_string"}}],"inLanguage":"fr-FR"},{"@type":"Organization","@id":"https:\/\/helimotor.com\/#organization","name":"H\u00e9licopt\u00e8re","url":"https:\/\/helimotor.com\/","logo":{"@type":"ImageObject","inLanguage":"fr-FR","@id":"https:\/\/helimotor.com\/#\/schema\/logo\/image\/","url":"https:\/\/helimotor.com\/wp-content\/uploads\/2025\/03\/cropped-Recurso-5@900x.png","contentUrl":"https:\/\/helimotor.com\/wp-content\/uploads\/2025\/03\/cropped-Recurso-5@900x.png","width":2263,"height":537,"caption":"Helimotor"},"image":{"@id":"https:\/\/helimotor.com\/#\/schema\/logo\/image\/"}}]}},"_links":{"self":[{"href":"https:\/\/helimotor.com\/fr\/wp-json\/wp\/v2\/product\/1858","targetHints":{"allow":["GET"]}}],"collection":[{"href":"https:\/\/helimotor.com\/fr\/wp-json\/wp\/v2\/product"}],"about":[{"href":"https:\/\/helimotor.com\/fr\/wp-json\/wp\/v2\/types\/product"}],"replies":[{"embeddable":true,"href":"https:\/\/helimotor.com\/fr\/wp-json\/wp\/v2\/comments?post=1858"}],"wp:featuredmedia":[{"embeddable":true,"href":"https:\/\/helimotor.com\/fr\/wp-json\/wp\/v2\/media\/1859"}],"wp:attachment":[{"href":"https:\/\/helimotor.com\/fr\/wp-json\/wp\/v2\/media?parent=1858"}],"wp:term":[{"taxonomy":"product_brand","embeddable":true,"href":"https:\/\/helimotor.com\/fr\/wp-json\/wp\/v2\/product_brand?post=1858"},{"taxonomy":"product_cat","embeddable":true,"href":"https:\/\/helimotor.com\/fr\/wp-json\/wp\/v2\/product_cat?post=1858"},{"taxonomy":"product_tag","embeddable":true,"href":"https:\/\/helimotor.com\/fr\/wp-json\/wp\/v2\/product_tag?post=1858"}],"curies":[{"name":"wp","href":"https:\/\/api.w.org\/{rel}","templated":true}]}}