{"id":3659,"date":"2026-04-16T13:29:56","date_gmt":"2026-04-16T13:29:56","guid":{"rendered":"https:\/\/helimotor.com\/?post_type=product&#038;p=3659"},"modified":"2026-04-16T13:29:56","modified_gmt":"2026-04-16T13:29:56","slug":"sacs-strider-13-2","status":"publish","type":"product","link":"https:\/\/helimotor.com\/nl\/producto\/sacs-strider-13-2\/","title":{"rendered":"Sacs Strider 13"},"content":{"rendered":"<p>Se trata de una lancha de unos <strong data-start=\"275\" data-end=\"298\">13 metros de eslora<\/strong>, pensada tanto para salidas r\u00e1pidas como para disfrutar del mar con comodidad. Destaca por su estilo moderno, l\u00edneas deportivas y un dise\u00f1o firmado por el estudio de Christian Grande, muy enfocado en la est\u00e9tica y la funcionalidad.<\/p>","protected":false},"excerpt":{"rendered":"<p>La <strong data-start=\"3\" data-end=\"22\">Sacs Strider 13<\/strong> es una embarcaci\u00f3n semirr\u00edgida (tipo RIB, <em data-start=\"65\" data-end=\"88\">Rigid Inflatable Boat<\/em>) de alta gama fabricada por la marca italiana Sacs Marine, dise\u00f1ada para combinar <strong data-start=\"171\" data-end=\"217\">rendimiento deportivo, lujo y versatilidad<\/strong>.Se trata de una lancha de unos <strong data-start=\"275\" data-end=\"298\">13 metros de eslora<\/strong>, pensada tanto para salidas r\u00e1pidas como para disfrutar del mar con comodidad. Destaca por su estilo moderno, l\u00edneas deportivas y un dise\u00f1o firmado por el estudio de Christian Grande, muy enfocado en la est\u00e9tica y la funcionalidad.<\/p>","protected":false},"featured_media":3661,"comment_status":"open","ping_status":"closed","template":"","meta":[],"product_brand":[36],"product_cat":[22],"product_tag":[30],"class_list":{"0":"post-3659","1":"product","2":"type-product","3":"status-publish","4":"has-post-thumbnail","6":"product_brand-sacs-tecnorib","7":"product_cat-pre-owned","8":"product_tag-taxes-included","10":"first","11":"instock","12":"shipping-taxable","13":"purchasable","14":"product-type-simple"},"yoast_head":"<!-- This site is optimized with the Yoast SEO plugin v27.2 - https:\/\/yoast.com\/product\/yoast-seo-wordpress\/ -->\n<title>Sacs Strider 13 - Helimotor<\/title>\n<meta name=\"description\" content=\"La Sacs Strider 13 es una embarcaci\u00f3n semirr\u00edgida (tipo RIB, Rigid Inflatable Boat) de alta gama fabricada por la marca italiana Sacs Marine, dise\u00f1ada para combinar rendimiento deportivo, lujo y versatilidad.\" \/>\n<meta name=\"robots\" content=\"index, follow, max-snippet:-1, max-image-preview:large, max-video-preview:-1\" \/>\n<link rel=\"canonical\" href=\"https:\/\/helimotor.com\/nl\/producto\/sacs-strider-13-2\/\" \/>\n<meta property=\"og:locale\" content=\"nl_BE\" \/>\n<meta property=\"og:type\" content=\"article\" \/>\n<meta property=\"og:title\" content=\"Sacs Strider 13 - Helimotor\" \/>\n<meta property=\"og:description\" content=\"La Sacs Strider 13 es una embarcaci\u00f3n semirr\u00edgida (tipo RIB, Rigid Inflatable Boat) de alta gama fabricada por la marca italiana Sacs Marine, dise\u00f1ada para combinar rendimiento deportivo, lujo y versatilidad.\" \/>\n<meta property=\"og:url\" content=\"https:\/\/helimotor.com\/nl\/producto\/sacs-strider-13-2\/\" \/>\n<meta property=\"og:site_name\" content=\"Helimotor\" \/>\n<meta property=\"og:image\" content=\"https:\/\/helimotor.com\/wp-content\/uploads\/2026\/04\/16682b51-5cdc-4c3f-a16b-ddd20f7498f0.jpg\" \/>\n\t<meta property=\"og:image:width\" content=\"1600\" \/>\n\t<meta property=\"og:image:height\" content=\"1200\" \/>\n\t<meta property=\"og:image:type\" content=\"image\/jpeg\" \/>\n<meta name=\"twitter:card\" content=\"summary_large_image\" \/>\n<meta name=\"twitter:label1\" content=\"Geschatte leestijd\" \/>\n\t<meta name=\"twitter:data1\" content=\"1 minuut\" \/>\n<script type=\"application\/ld+json\" class=\"yoast-schema-graph\">{\"@context\":\"https:\/\/schema.org\",\"@graph\":[{\"@type\":\"WebPage\",\"@id\":\"https:\/\/helimotor.com\/producto\/sacs-strider-13-2\/\",\"url\":\"https:\/\/helimotor.com\/producto\/sacs-strider-13-2\/\",\"name\":\"Sacs Strider 13 - Helimotor\",\"isPartOf\":{\"@id\":\"https:\/\/helimotor.com\/#website\"},\"primaryImageOfPage\":{\"@id\":\"https:\/\/helimotor.com\/producto\/sacs-strider-13-2\/#primaryimage\"},\"image\":{\"@id\":\"https:\/\/helimotor.com\/producto\/sacs-strider-13-2\/#primaryimage\"},\"thumbnailUrl\":\"https:\/\/helimotor.com\/wp-content\/uploads\/2026\/04\/16682b51-5cdc-4c3f-a16b-ddd20f7498f0.jpg\",\"datePublished\":\"2026-04-16T13:29:56+00:00\",\"description\":\"La Sacs Strider 13 es una embarcaci\u00f3n semirr\u00edgida (tipo RIB, Rigid Inflatable Boat) de alta gama fabricada por la marca italiana Sacs Marine, dise\u00f1ada para combinar rendimiento deportivo, lujo y versatilidad.\",\"breadcrumb\":{\"@id\":\"https:\/\/helimotor.com\/producto\/sacs-strider-13-2\/#breadcrumb\"},\"inLanguage\":\"nl-BE\",\"potentialAction\":[{\"@type\":\"ReadAction\",\"target\":[\"https:\/\/helimotor.com\/producto\/sacs-strider-13-2\/\"]}]},{\"@type\":\"ImageObject\",\"inLanguage\":\"nl-BE\",\"@id\":\"https:\/\/helimotor.com\/producto\/sacs-strider-13-2\/#primaryimage\",\"url\":\"https:\/\/helimotor.com\/wp-content\/uploads\/2026\/04\/16682b51-5cdc-4c3f-a16b-ddd20f7498f0.jpg\",\"contentUrl\":\"https:\/\/helimotor.com\/wp-content\/uploads\/2026\/04\/16682b51-5cdc-4c3f-a16b-ddd20f7498f0.jpg\",\"width\":1600,\"height\":1200},{\"@type\":\"BreadcrumbList\",\"@id\":\"https:\/\/helimotor.com\/producto\/sacs-strider-13-2\/#breadcrumb\",\"itemListElement\":[{\"@type\":\"ListItem\",\"position\":1,\"name\":\"Portada\",\"item\":\"https:\/\/helimotor.com\/\"},{\"@type\":\"ListItem\",\"position\":2,\"name\":\"Tienda\",\"item\":\"https:\/\/helimotor.com\/?page_id=526\"},{\"@type\":\"ListItem\",\"position\":3,\"name\":\"Sacs Strider 13\"}]},{\"@type\":\"WebSite\",\"@id\":\"https:\/\/helimotor.com\/#website\",\"url\":\"https:\/\/helimotor.com\/\",\"name\":\"Helimotor\",\"description\":\"nautical service since 1971\",\"publisher\":{\"@id\":\"https:\/\/helimotor.com\/#organization\"},\"potentialAction\":[{\"@type\":\"SearchAction\",\"target\":{\"@type\":\"EntryPoint\",\"urlTemplate\":\"https:\/\/helimotor.com\/?s={search_term_string}\"},\"query-input\":{\"@type\":\"PropertyValueSpecification\",\"valueRequired\":true,\"valueName\":\"search_term_string\"}}],\"inLanguage\":\"nl-BE\"},{\"@type\":\"Organization\",\"@id\":\"https:\/\/helimotor.com\/#organization\",\"name\":\"Helimotor\",\"url\":\"https:\/\/helimotor.com\/\",\"logo\":{\"@type\":\"ImageObject\",\"inLanguage\":\"nl-BE\",\"@id\":\"https:\/\/helimotor.com\/#\/schema\/logo\/image\/\",\"url\":\"https:\/\/helimotor.com\/wp-content\/uploads\/2025\/03\/cropped-Recurso-5@900x.png\",\"contentUrl\":\"https:\/\/helimotor.com\/wp-content\/uploads\/2025\/03\/cropped-Recurso-5@900x.png\",\"width\":2263,\"height\":537,\"caption\":\"Helimotor\"},\"image\":{\"@id\":\"https:\/\/helimotor.com\/#\/schema\/logo\/image\/\"}}]}<\/script>\n<!-- \/ Yoast SEO plugin. -->","yoast_head_json":{"title":"Sacs Strider 13 - Helimotor","description":"La Sacs Strider 13 es una embarcaci\u00f3n semirr\u00edgida (tipo RIB, Rigid Inflatable Boat) de alta gama fabricada por la marca italiana Sacs Marine, dise\u00f1ada para combinar rendimiento deportivo, lujo y versatilidad.","robots":{"index":"index","follow":"follow","max-snippet":"max-snippet:-1","max-image-preview":"max-image-preview:large","max-video-preview":"max-video-preview:-1"},"canonical":"https:\/\/helimotor.com\/nl\/producto\/sacs-strider-13-2\/","og_locale":"nl_BE","og_type":"article","og_title":"Sacs Strider 13 - Helimotor","og_description":"La Sacs Strider 13 es una embarcaci\u00f3n semirr\u00edgida (tipo RIB, Rigid Inflatable Boat) de alta gama fabricada por la marca italiana Sacs Marine, dise\u00f1ada para combinar rendimiento deportivo, lujo y versatilidad.","og_url":"https:\/\/helimotor.com\/nl\/producto\/sacs-strider-13-2\/","og_site_name":"Helimotor","og_image":[{"width":1600,"height":1200,"url":"https:\/\/helimotor.com\/wp-content\/uploads\/2026\/04\/16682b51-5cdc-4c3f-a16b-ddd20f7498f0.jpg","type":"image\/jpeg"}],"twitter_card":"summary_large_image","twitter_misc":{"Geschatte leestijd":"1 minuut"},"schema":{"@context":"https:\/\/schema.org","@graph":[{"@type":"WebPage","@id":"https:\/\/helimotor.com\/producto\/sacs-strider-13-2\/","url":"https:\/\/helimotor.com\/producto\/sacs-strider-13-2\/","name":"Sacs Strider 13 - Helimotor","isPartOf":{"@id":"https:\/\/helimotor.com\/#website"},"primaryImageOfPage":{"@id":"https:\/\/helimotor.com\/producto\/sacs-strider-13-2\/#primaryimage"},"image":{"@id":"https:\/\/helimotor.com\/producto\/sacs-strider-13-2\/#primaryimage"},"thumbnailUrl":"https:\/\/helimotor.com\/wp-content\/uploads\/2026\/04\/16682b51-5cdc-4c3f-a16b-ddd20f7498f0.jpg","datePublished":"2026-04-16T13:29:56+00:00","description":"La Sacs Strider 13 es una embarcaci\u00f3n semirr\u00edgida (tipo RIB, Rigid Inflatable Boat) de alta gama fabricada por la marca italiana Sacs Marine, dise\u00f1ada para combinar rendimiento deportivo, lujo y versatilidad.","breadcrumb":{"@id":"https:\/\/helimotor.com\/producto\/sacs-strider-13-2\/#breadcrumb"},"inLanguage":"nl-BE","potentialAction":[{"@type":"ReadAction","target":["https:\/\/helimotor.com\/producto\/sacs-strider-13-2\/"]}]},{"@type":"ImageObject","inLanguage":"nl-BE","@id":"https:\/\/helimotor.com\/producto\/sacs-strider-13-2\/#primaryimage","url":"https:\/\/helimotor.com\/wp-content\/uploads\/2026\/04\/16682b51-5cdc-4c3f-a16b-ddd20f7498f0.jpg","contentUrl":"https:\/\/helimotor.com\/wp-content\/uploads\/2026\/04\/16682b51-5cdc-4c3f-a16b-ddd20f7498f0.jpg","width":1600,"height":1200},{"@type":"BreadcrumbList","@id":"https:\/\/helimotor.com\/producto\/sacs-strider-13-2\/#breadcrumb","itemListElement":[{"@type":"ListItem","position":1,"name":"Portada","item":"https:\/\/helimotor.com\/"},{"@type":"ListItem","position":2,"name":"Tienda","item":"https:\/\/helimotor.com\/?page_id=526"},{"@type":"ListItem","position":3,"name":"Sacs Strider 13"}]},{"@type":"WebSite","@id":"https:\/\/helimotor.com\/#website","url":"https:\/\/helimotor.com\/","name":"Helimotor","description":"nautische service sinds 1971","publisher":{"@id":"https:\/\/helimotor.com\/#organization"},"potentialAction":[{"@type":"SearchAction","target":{"@type":"EntryPoint","urlTemplate":"https:\/\/helimotor.com\/?s={search_term_string}"},"query-input":{"@type":"PropertyValueSpecification","valueRequired":true,"valueName":"search_term_string"}}],"inLanguage":"nl-BE"},{"@type":"Organization","@id":"https:\/\/helimotor.com\/#organization","name":"Helimotor","url":"https:\/\/helimotor.com\/","logo":{"@type":"ImageObject","inLanguage":"nl-BE","@id":"https:\/\/helimotor.com\/#\/schema\/logo\/image\/","url":"https:\/\/helimotor.com\/wp-content\/uploads\/2025\/03\/cropped-Recurso-5@900x.png","contentUrl":"https:\/\/helimotor.com\/wp-content\/uploads\/2025\/03\/cropped-Recurso-5@900x.png","width":2263,"height":537,"caption":"Helimotor"},"image":{"@id":"https:\/\/helimotor.com\/#\/schema\/logo\/image\/"}}]}},"_links":{"self":[{"href":"https:\/\/helimotor.com\/nl\/wp-json\/wp\/v2\/product\/3659","targetHints":{"allow":["GET"]}}],"collection":[{"href":"https:\/\/helimotor.com\/nl\/wp-json\/wp\/v2\/product"}],"about":[{"href":"https:\/\/helimotor.com\/nl\/wp-json\/wp\/v2\/types\/product"}],"replies":[{"embeddable":true,"href":"https:\/\/helimotor.com\/nl\/wp-json\/wp\/v2\/comments?post=3659"}],"wp:featuredmedia":[{"embeddable":true,"href":"https:\/\/helimotor.com\/nl\/wp-json\/wp\/v2\/media\/3661"}],"wp:attachment":[{"href":"https:\/\/helimotor.com\/nl\/wp-json\/wp\/v2\/media?parent=3659"}],"wp:term":[{"taxonomy":"product_brand","embeddable":true,"href":"https:\/\/helimotor.com\/nl\/wp-json\/wp\/v2\/product_brand?post=3659"},{"taxonomy":"product_cat","embeddable":true,"href":"https:\/\/helimotor.com\/nl\/wp-json\/wp\/v2\/product_cat?post=3659"},{"taxonomy":"product_tag","embeddable":true,"href":"https:\/\/helimotor.com\/nl\/wp-json\/wp\/v2\/product_tag?post=3659"}],"curies":[{"name":"wp","href":"https:\/\/api.w.org\/{rel}","templated":true}]}}