{"id":1752,"date":"2025-07-03T10:50:50","date_gmt":"2025-07-03T10:50:50","guid":{"rendered":"https:\/\/helimotor.com\/?page_id=1752"},"modified":"2025-07-03T10:52:00","modified_gmt":"2025-07-03T10:52:00","slug":"aviso-legal","status":"publish","type":"page","link":"https:\/\/helimotor.com\/ru\/aviso-legal\/","title":{"rendered":"Aviso Legal"},"content":{"rendered":"\t\t<div data-elementor-type=\"wp-page\" data-elementor-id=\"1752\" class=\"elementor elementor-1752\" data-elementor-post-type=\"page\">\n\t\t\t\t<div class=\"elementor-element elementor-element-83f79de e-flex e-con-boxed e-con e-parent\" data-id=\"83f79de\" data-element_type=\"container\" data-e-type=\"container\">\n\t\t\t\t\t<div class=\"e-con-inner\">\n\t\t\t\t<div class=\"elementor-element elementor-element-1fc34f6 elementor-widget elementor-widget-heading\" data-id=\"1fc34f6\" data-element_type=\"widget\" data-e-type=\"widget\" data-widget_type=\"heading.default\">\n\t\t\t\t<div class=\"elementor-widget-container\">\n\t\t\t\t\t<h2 class=\"elementor-heading-title elementor-size-default\">Aviso Legal<\/h2>\t\t\t\t<\/div>\n\t\t\t\t<\/div>\n\t\t\t\t<div class=\"elementor-element elementor-element-bfdbaab elementor-widget elementor-widget-text-editor\" data-id=\"bfdbaab\" data-element_type=\"widget\" data-e-type=\"widget\" data-widget_type=\"text-editor.default\">\n\t\t\t\t<div class=\"elementor-widget-container\">\n\t\t\t\t\t\t\t\t\t<p data-start=\"132\" data-end=\"422\">En cumplimiento con lo dispuesto en la Ley 34\/2002, de 11 de julio, de Servicios de la Sociedad de la Informaci\u00f3n y Comercio Electr\u00f3nico (LSSI-CE), as\u00ed como en la normativa vigente, se informa a los usuarios del sitio web <strong data-start=\"354\" data-end=\"371\">helimotor.com<\/strong> sobre los t\u00e9rminos y condiciones de uso del sitio.<\/p><h3 data-start=\"424\" data-end=\"457\">1. Identificaci\u00f3n del Titular<\/h3><p data-start=\"459\" data-end=\"505\">El titular y responsable de este sitio web es:<\/p><p data-start=\"507\" data-end=\"721\"><strong data-start=\"507\" data-end=\"525\">HELIMOTOR S.A.<\/strong><br data-start=\"525\" data-end=\"528\" \/>CIF: A17017377<br data-start=\"542\" data-end=\"545\" \/>Domicilio social: Carrer Mas Falg\u00e0s, 44, 17180 Vilablareix (Girona)<br data-start=\"612\" data-end=\"615\" \/>Correo electr\u00f3nico: [debes a\u00f1adir un email de contacto]<br data-start=\"670\" data-end=\"673\" \/>Tel\u00e9fono: [puedes a\u00f1adir un tel\u00e9fono si quieres]<\/p><h3 data-start=\"723\" data-end=\"736\">2. Objeto<\/h3><p data-start=\"738\" data-end=\"964\">El presente Aviso Legal regula el acceso y uso del sitio web helimotor.com, que HELIMOTOR S.A. pone a disposici\u00f3n de los usuarios, as\u00ed como las condiciones generales que rigen la prestaci\u00f3n de los servicios a trav\u00e9s del sitio.<\/p><p data-start=\"966\" data-end=\"1139\">El acceso y\/o uso de este sitio web atribuye la condici\u00f3n de usuario, implicando la aceptaci\u00f3n plena y sin reservas de todas las disposiciones incluidas en este Aviso Legal.<\/p><h3 data-start=\"1141\" data-end=\"1182\">3. Propiedad Intelectual e Industrial<\/h3><p data-start=\"1184\" data-end=\"1504\">Todos los contenidos del sitio web, incluyendo, pero no limitando a, textos, gr\u00e1ficos, im\u00e1genes, logotipos, iconos, tecnolog\u00eda, software, enlaces y dem\u00e1s contenidos audiovisuales o sonoros, as\u00ed como su dise\u00f1o gr\u00e1fico y c\u00f3digos fuente, son propiedad de HELIMOTOR S.A. o, en su caso, de terceros que han autorizado su uso.<\/p><p data-start=\"1506\" data-end=\"1709\">Queda prohibida la reproducci\u00f3n, distribuci\u00f3n, comunicaci\u00f3n p\u00fablica, transformaci\u00f3n o cualquier otra forma de explotaci\u00f3n, total o parcial, de los contenidos sin la autorizaci\u00f3n expresa de HELIMOTOR S.A.<\/p><h3 data-start=\"1711\" data-end=\"1735\">4. Uso del Sitio Web<\/h3><p data-start=\"1737\" data-end=\"1921\">El usuario se compromete a utilizar el sitio web, sus servicios y contenidos sin contravenir la legislaci\u00f3n vigente, la buena fe, el orden p\u00fablico, los derechos de terceros y la moral.<\/p><p data-start=\"1923\" data-end=\"2098\">Queda prohibido el uso del sitio web con fines il\u00edcitos o lesivos contra HELIMOTOR S.A. o terceros, o que puedan causar da\u00f1os o impedir el normal funcionamiento del sitio web.<\/p><h3 data-start=\"2100\" data-end=\"2137\">5. Protecci\u00f3n de Datos Personales<\/h3><p data-start=\"2139\" data-end=\"2351\">La pol\u00edtica de protecci\u00f3n de datos personales aplicable en este sitio web est\u00e1 disponible en el apartado <strong data-start=\"2244\" data-end=\"2270\">Pol\u00edtica de Privacidad<\/strong>. Se recomienda al usuario su lectura antes de facilitar cualquier dato personal.<\/p><h3 data-start=\"2353\" data-end=\"2375\">6. Responsabilidad<\/h3><p data-start=\"2377\" data-end=\"2595\">HELIMOTOR S.A. no se responsabiliza por los da\u00f1os o perjuicios que puedan derivarse del acceso, uso o imposibilidad de uso del sitio web, ni por la veracidad, exactitud, actualizaci\u00f3n o exhaustividad de los contenidos.<\/p><p data-start=\"2597\" data-end=\"2752\">Asimismo, el sitio web puede contener enlaces a otros sitios web gestionados por terceros, sobre los cuales HELIMOTOR S.A. no asume responsabilidad alguna.<\/p><h3 data-start=\"2754\" data-end=\"2775\">7. Modificaciones<\/h3><p data-start=\"2777\" data-end=\"2945\">HELIMOTOR S.A. se reserva el derecho de modificar, sin previo aviso, la presentaci\u00f3n, configuraci\u00f3n y contenido del sitio web, as\u00ed como las condiciones aqu\u00ed contenidas.<\/p><h3 data-start=\"2947\" data-end=\"2990\">8. Legislaci\u00f3n Aplicable y Jurisdicci\u00f3n<\/h3><p data-start=\"2992\" data-end=\"3262\">Las relaciones derivadas del uso del sitio web se regir\u00e1n por la legislaci\u00f3n espa\u00f1ola. Para la resoluci\u00f3n de cualquier controversia, las partes se someten a los Juzgados y Tribunales de Girona, renunciando expresamente a cualquier otro fuero que pudiera corresponderles.<\/p>\t\t\t\t\t\t\t\t<\/div>\n\t\t\t\t<\/div>\n\t\t\t\t\t<\/div>\n\t\t\t\t<\/div>\n\t\t\t\t<\/div>\n\t\t","protected":false},"excerpt":{"rendered":"<p>Aviso Legal En cumplimiento con lo dispuesto en la Ley 34\/2002, de 11 de julio, de Servicios de la Sociedad de la Informaci\u00f3n y Comercio Electr\u00f3nico (LSSI-CE), as\u00ed como en la normativa vigente, se informa a los usuarios del sitio web helimotor.com sobre los t\u00e9rminos y condiciones de uso del sitio. 1. Identificaci\u00f3n del Titular [&hellip;]<\/p>\n","protected":false},"author":2,"featured_media":0,"parent":0,"menu_order":0,"comment_status":"closed","ping_status":"closed","template":"elementor_header_footer","meta":{"footnotes":""},"class_list":["post-1752","page","type-page","status-publish","hentry"],"yoast_head":"<!-- This site is optimized with the Yoast SEO plugin v27.4 - https:\/\/yoast.com\/product\/yoast-seo-wordpress\/ -->\n<title>Aviso Legal - Helimotor<\/title>\n<meta name=\"robots\" content=\"index, follow, max-snippet:-1, max-image-preview:large, max-video-preview:-1\" \/>\n<link rel=\"canonical\" href=\"https:\/\/helimotor.com\/ru\/aviso-legal\/\" \/>\n<meta property=\"og:locale\" content=\"ru_RU\" \/>\n<meta property=\"og:type\" content=\"article\" \/>\n<meta property=\"og:title\" content=\"Aviso Legal - Helimotor\" \/>\n<meta property=\"og:description\" content=\"Aviso Legal En cumplimiento con lo dispuesto en la Ley 34\/2002, de 11 de julio, de Servicios de la Sociedad de la Informaci\u00f3n y Comercio Electr\u00f3nico (LSSI-CE), as\u00ed como en la normativa vigente, se informa a los usuarios del sitio web helimotor.com sobre los t\u00e9rminos y condiciones de uso del sitio. 1. Identificaci\u00f3n del Titular [&hellip;]\" \/>\n<meta property=\"og:url\" content=\"https:\/\/helimotor.com\/ru\/aviso-legal\/\" \/>\n<meta property=\"og:site_name\" content=\"Helimotor\" \/>\n<meta property=\"article:modified_time\" content=\"2025-07-03T10:52:00+00:00\" \/>\n<meta name=\"twitter:card\" content=\"summary_large_image\" \/>\n<meta name=\"twitter:label1\" content=\"\u041f\u0440\u0438\u043c\u0435\u0440\u043d\u043e\u0435 \u0432\u0440\u0435\u043c\u044f \u0434\u043b\u044f \u0447\u0442\u0435\u043d\u0438\u044f\" \/>\n\t<meta name=\"twitter:data1\" content=\"3 \u043c\u0438\u043d\u0443\u0442\u044b\" \/>\n<script type=\"application\/ld+json\" class=\"yoast-schema-graph\">{\"@context\":\"https:\\\/\\\/schema.org\",\"@graph\":[{\"@type\":\"WebPage\",\"@id\":\"https:\\\/\\\/helimotor.com\\\/aviso-legal\\\/\",\"url\":\"https:\\\/\\\/helimotor.com\\\/aviso-legal\\\/\",\"name\":\"Aviso Legal - Helimotor\",\"isPartOf\":{\"@id\":\"https:\\\/\\\/helimotor.com\\\/#website\"},\"datePublished\":\"2025-07-03T10:50:50+00:00\",\"dateModified\":\"2025-07-03T10:52:00+00:00\",\"breadcrumb\":{\"@id\":\"https:\\\/\\\/helimotor.com\\\/aviso-legal\\\/#breadcrumb\"},\"inLanguage\":\"ru-RU\",\"potentialAction\":[{\"@type\":\"ReadAction\",\"target\":[\"https:\\\/\\\/helimotor.com\\\/aviso-legal\\\/\"]}]},{\"@type\":\"BreadcrumbList\",\"@id\":\"https:\\\/\\\/helimotor.com\\\/aviso-legal\\\/#breadcrumb\",\"itemListElement\":[{\"@type\":\"ListItem\",\"position\":1,\"name\":\"Portada\",\"item\":\"https:\\\/\\\/helimotor.com\\\/\"},{\"@type\":\"ListItem\",\"position\":2,\"name\":\"Aviso Legal\"}]},{\"@type\":\"WebSite\",\"@id\":\"https:\\\/\\\/helimotor.com\\\/#website\",\"url\":\"https:\\\/\\\/helimotor.com\\\/\",\"name\":\"Helimotor\",\"description\":\"nautical service since 1971\",\"publisher\":{\"@id\":\"https:\\\/\\\/helimotor.com\\\/#organization\"},\"potentialAction\":[{\"@type\":\"SearchAction\",\"target\":{\"@type\":\"EntryPoint\",\"urlTemplate\":\"https:\\\/\\\/helimotor.com\\\/?s={search_term_string}\"},\"query-input\":{\"@type\":\"PropertyValueSpecification\",\"valueRequired\":true,\"valueName\":\"search_term_string\"}}],\"inLanguage\":\"ru-RU\"},{\"@type\":\"Organization\",\"@id\":\"https:\\\/\\\/helimotor.com\\\/#organization\",\"name\":\"Helimotor\",\"url\":\"https:\\\/\\\/helimotor.com\\\/\",\"logo\":{\"@type\":\"ImageObject\",\"inLanguage\":\"ru-RU\",\"@id\":\"https:\\\/\\\/helimotor.com\\\/#\\\/schema\\\/logo\\\/image\\\/\",\"url\":\"https:\\\/\\\/helimotor.com\\\/wp-content\\\/uploads\\\/2025\\\/03\\\/cropped-Recurso-5@900x.png\",\"contentUrl\":\"https:\\\/\\\/helimotor.com\\\/wp-content\\\/uploads\\\/2025\\\/03\\\/cropped-Recurso-5@900x.png\",\"width\":2263,\"height\":537,\"caption\":\"Helimotor\"},\"image\":{\"@id\":\"https:\\\/\\\/helimotor.com\\\/#\\\/schema\\\/logo\\\/image\\\/\"}}]}<\/script>\n<!-- \/ Yoast SEO plugin. -->","yoast_head_json":{"title":"Aviso Legal - Helimotor","robots":{"index":"index","follow":"follow","max-snippet":"max-snippet:-1","max-image-preview":"max-image-preview:large","max-video-preview":"max-video-preview:-1"},"canonical":"https:\/\/helimotor.com\/ru\/aviso-legal\/","og_locale":"ru_RU","og_type":"article","og_title":"Aviso Legal - Helimotor","og_description":"Aviso Legal En cumplimiento con lo dispuesto en la Ley 34\/2002, de 11 de julio, de Servicios de la Sociedad de la Informaci\u00f3n y Comercio Electr\u00f3nico (LSSI-CE), as\u00ed como en la normativa vigente, se informa a los usuarios del sitio web helimotor.com sobre los t\u00e9rminos y condiciones de uso del sitio. 1. Identificaci\u00f3n del Titular [&hellip;]","og_url":"https:\/\/helimotor.com\/ru\/aviso-legal\/","og_site_name":"Helimotor","article_modified_time":"2025-07-03T10:52:00+00:00","twitter_card":"summary_large_image","twitter_misc":{"\u041f\u0440\u0438\u043c\u0435\u0440\u043d\u043e\u0435 \u0432\u0440\u0435\u043c\u044f \u0434\u043b\u044f \u0447\u0442\u0435\u043d\u0438\u044f":"3 \u043c\u0438\u043d\u0443\u0442\u044b"},"schema":{"@context":"https:\/\/schema.org","@graph":[{"@type":"WebPage","@id":"https:\/\/helimotor.com\/aviso-legal\/","url":"https:\/\/helimotor.com\/aviso-legal\/","name":"Aviso Legal - Helimotor","isPartOf":{"@id":"https:\/\/helimotor.com\/#website"},"datePublished":"2025-07-03T10:50:50+00:00","dateModified":"2025-07-03T10:52:00+00:00","breadcrumb":{"@id":"https:\/\/helimotor.com\/aviso-legal\/#breadcrumb"},"inLanguage":"ru-RU","potentialAction":[{"@type":"ReadAction","target":["https:\/\/helimotor.com\/aviso-legal\/"]}]},{"@type":"BreadcrumbList","@id":"https:\/\/helimotor.com\/aviso-legal\/#breadcrumb","itemListElement":[{"@type":"ListItem","position":1,"name":"Portada","item":"https:\/\/helimotor.com\/"},{"@type":"ListItem","position":2,"name":"Aviso Legal"}]},{"@type":"WebSite","@id":"https:\/\/helimotor.com\/#website","url":"https:\/\/helimotor.com\/","name":"\u0413\u0435\u043b\u0438\u043e\u043c\u043e\u0442\u043e\u0440","description":"\u043c\u043e\u0440\u0441\u043a\u0438\u0435 \u0443\u0441\u043b\u0443\u0433\u0438 \u0441 1971 \u0433\u043e\u0434\u0430","publisher":{"@id":"https:\/\/helimotor.com\/#organization"},"potentialAction":[{"@type":"SearchAction","target":{"@type":"EntryPoint","urlTemplate":"https:\/\/helimotor.com\/?s={search_term_string}"},"query-input":{"@type":"PropertyValueSpecification","valueRequired":true,"valueName":"search_term_string"}}],"inLanguage":"ru-RU"},{"@type":"Organization","@id":"https:\/\/helimotor.com\/#organization","name":"\u0413\u0435\u043b\u0438\u043e\u043c\u043e\u0442\u043e\u0440","url":"https:\/\/helimotor.com\/","logo":{"@type":"ImageObject","inLanguage":"ru-RU","@id":"https:\/\/helimotor.com\/#\/schema\/logo\/image\/","url":"https:\/\/helimotor.com\/wp-content\/uploads\/2025\/03\/cropped-Recurso-5@900x.png","contentUrl":"https:\/\/helimotor.com\/wp-content\/uploads\/2025\/03\/cropped-Recurso-5@900x.png","width":2263,"height":537,"caption":"Helimotor"},"image":{"@id":"https:\/\/helimotor.com\/#\/schema\/logo\/image\/"}}]}},"_links":{"self":[{"href":"https:\/\/helimotor.com\/ru\/wp-json\/wp\/v2\/pages\/1752","targetHints":{"allow":["GET"]}}],"collection":[{"href":"https:\/\/helimotor.com\/ru\/wp-json\/wp\/v2\/pages"}],"about":[{"href":"https:\/\/helimotor.com\/ru\/wp-json\/wp\/v2\/types\/page"}],"author":[{"embeddable":true,"href":"https:\/\/helimotor.com\/ru\/wp-json\/wp\/v2\/users\/2"}],"replies":[{"embeddable":true,"href":"https:\/\/helimotor.com\/ru\/wp-json\/wp\/v2\/comments?post=1752"}],"version-history":[{"count":0,"href":"https:\/\/helimotor.com\/ru\/wp-json\/wp\/v2\/pages\/1752\/revisions"}],"wp:attachment":[{"href":"https:\/\/helimotor.com\/ru\/wp-json\/wp\/v2\/media?parent=1752"}],"curies":[{"name":"wp","href":"https:\/\/api.w.org\/{rel}","templated":true}]}}